{"id":1065,"date":"2025-08-12T11:39:35","date_gmt":"2025-08-12T11:39:35","guid":{"rendered":"https:\/\/vetmik2026.org\/?page_id=1065"},"modified":"2025-10-10T10:11:42","modified_gmt":"2025-10-10T10:11:42","slug":"kongre-duzenleme-kurulu","status":"publish","type":"page","link":"https:\/\/vetmik2026.org\/en\/kongre-duzenleme-kurulu\/","title":{"rendered":"Kongre D\u00fczenleme Kurulu"},"content":{"rendered":"<div data-elementor-type=\"wp-page\" data-elementor-id=\"1065\" class=\"elementor elementor-1065\">\n\t\t\t\t<div class=\"elementor-element elementor-element-168d129 e-flex e-con-boxed e-con e-parent\" data-id=\"168d129\" data-element_type=\"container\" data-e-type=\"container\">\n\t\t\t\t\t<div class=\"e-con-inner\">\n\t\t\t\t<div class=\"elementor-element elementor-element-2675164e elementor-widget elementor-widget-heading\" data-id=\"2675164e\" data-element_type=\"widget\" data-e-type=\"widget\" data-widget_type=\"heading.default\">\n\t\t\t\t<div class=\"elementor-widget-container\">\n\t\t\t\t\t<h2 class=\"elementor-heading-title elementor-size-default\">Kongre D\u00fczenleme Kurulu<\/h2>\t\t\t\t<\/div>\n\t\t\t\t<\/div>\n\t\t\t\t\t<\/div>\n\t\t\t\t<\/div>\n\t\t<div class=\"elementor-element elementor-element-275dcac e-flex e-con-boxed e-con e-parent\" data-id=\"275dcac\" data-element_type=\"container\" data-e-type=\"container\">\n\t\t\t\t\t<div class=\"e-con-inner\">\n\t\t\t\t<div class=\"elementor-element elementor-element-99af2dc elementor-widget elementor-widget-heading\" data-id=\"99af2dc\" data-element_type=\"widget\" data-e-type=\"widget\" data-widget_type=\"heading.default\">\n\t\t\t\t<div class=\"elementor-widget-container\">\n\t\t\t\t\t<h3 class=\"elementor-heading-title elementor-size-default\">Kongre D\u00fczenleme Kurulu<\/h3>\t\t\t\t<\/div>\n\t\t\t\t<\/div>\n\t\t\t\t<div class=\"elementor-element elementor-element-df1acea elementor-widget elementor-widget-text-editor\" data-id=\"df1acea\" data-element_type=\"widget\" data-e-type=\"widget\" data-widget_type=\"text-editor.default\">\n\t\t\t\t<div class=\"elementor-widget-container\">\n\t\t\t\t\t\t\t\t\t<p>Do\u00e7. Dr. Sibel KIZIL<\/p><p>Prof. Dr. Oktay Keskin<\/p><p>Prof. Dr. Mehmet AKAN<\/p><p>Do\u00e7. Dr. Ediz Ka\u011fan \u00d6ZGEN<\/p><p>Dr. Efsun Melike \u00c7E\u00c7EN<\/p><p>Uzm. Vet. Hek. Alperen\u00a0Y\u00dcCEL<\/p>\t\t\t\t\t\t\t\t<\/div>\n\t\t\t\t<\/div>\n\t\t\t\t\t<\/div>\n\t\t\t\t<\/div>\n\t\t<div class=\"elementor-element elementor-element-571c38b e-flex e-con-boxed e-con e-parent\" data-id=\"571c38b\" data-element_type=\"container\" data-e-type=\"container\">\n\t\t\t\t\t<div class=\"e-con-inner\">\n\t\t\t\t<div class=\"elementor-element elementor-element-7de8745 elementor-widget elementor-widget-heading\" data-id=\"7de8745\" data-element_type=\"widget\" data-e-type=\"widget\" data-widget_type=\"heading.default\">\n\t\t\t\t<div class=\"elementor-widget-container\">\n\t\t\t\t\t<h3 class=\"elementor-heading-title elementor-size-default\">Kongre Onur Kurulu<\/h3>\t\t\t\t<\/div>\n\t\t\t\t<\/div>\n\t\t\t\t<div class=\"elementor-element elementor-element-5e20ae3 elementor-widget elementor-widget-text-editor\" data-id=\"5e20ae3\" data-element_type=\"widget\" data-e-type=\"widget\" data-widget_type=\"text-editor.default\">\n\t\t\t\t<div class=\"elementor-widget-container\">\n\t\t\t\t\t\t\t\t\t<p>Prof. Dr. Y\u0131lmaz AK\u00c7A<\/p><p>Prof. Dr. Yusuf BOLAT<\/p><p>Prof. Dr. \u0130brahim BURGU<\/p><p>Prof. Dr. Cengiz \u00c7ET\u0130N<\/p><p>Prof. Dr. K. Serdar D\u0130KER<\/p><p>Prof. Dr. Jale ERDE\u011eER<\/p><p>Prof. Dr. \u00d6mer Memduh ESENDAL<\/p><p>Prof. Dr. Hasan Basri G\u00dcLC\u00dc<\/p><p>Prof. Dr. Leyla G\u00dcLER<\/p><p>Prof. Dr. \u0130smet G\u00dcRHAN<\/p><p>Prof. Dr. Atilla ILGAZ<\/p><p>Prof. Dr. Ersin \u0130STANBULLUO\u011eLU<\/p><p>Prof. Dr. M\u00fcjgan \u0130ZG\u00dcR<\/p><p>Prof. Dr. Mustafa KAHRAMAN<\/p><p>Prof. Dr. Adile MUZ<\/p><p>Prof. Dr. N. Yakut \u00d6ZG\u00dcR<\/p><p>Prof. Dr. Feridun \u00d6ZT\u00dcRK<\/p><p>Prof. Dr. Yavuz SEZEN<\/p><p>Prof. Dr. Ay\u015fin \u015eEN<\/p><p>Do\u00e7. Dr. Asuman TOKER<\/p><p>Prof. Dr. H\u00fclya T\u00dcR\u00dcTO\u011eLU<\/p>\t\t\t\t\t\t\t\t<\/div>\n\t\t\t\t<\/div>\n\t\t\t\t\t<\/div>\n\t\t\t\t<\/div>\n\t\t\t\t<\/div>","protected":false},"excerpt":{"rendered":"<p>Kongre D\u00fczenleme Kurulu Kongre D\u00fczenleme Kurulu Do\u00e7. Dr. Sibel KIZIL Prof. Dr. Oktay Keskin Prof. Dr. Mehmet AKAN Do\u00e7. Dr. [&hellip;]<\/p>\n","protected":false},"author":1,"featured_media":0,"parent":0,"menu_order":0,"comment_status":"closed","ping_status":"closed","template":"","meta":{"site-sidebar-layout":"no-sidebar","site-content-layout":"","ast-site-content-layout":"full-width-container","site-content-style":"default","site-sidebar-style":"default","ast-global-header-display":"","ast-banner-title-visibility":"","ast-main-header-display":"","ast-hfb-above-header-display":"","ast-hfb-below-header-display":"","ast-hfb-mobile-header-display":"","site-post-title":"","ast-breadcrumbs-content":"","ast-featured-img":"disabled","footer-sml-layout":"","theme-transparent-header-meta":"","adv-header-id-meta":"","stick-header-meta":"","header-above-stick-meta":"","header-main-stick-meta":"","header-below-stick-meta":"","astra-migrate-meta-layouts":"default","ast-page-background-enabled":"default","ast-page-background-meta":{"desktop":{"background-color":"var(--ast-global-color-4)","background-image":"","background-repeat":"repeat","background-position":"center center","background-size":"auto","background-attachment":"scroll","background-type":"","background-media":"","overlay-type":"","overlay-color":"","overlay-opacity":"","overlay-gradient":""},"tablet":{"background-color":"","background-image":"","background-repeat":"repeat","background-position":"center center","background-size":"auto","background-attachment":"scroll","background-type":"","background-media":"","overlay-type":"","overlay-color":"","overlay-opacity":"","overlay-gradient":""},"mobile":{"background-color":"","background-image":"","background-repeat":"repeat","background-position":"center center","background-size":"auto","background-attachment":"scroll","background-type":"","background-media":"","overlay-type":"","overlay-color":"","overlay-opacity":"","overlay-gradient":""}},"ast-content-background-meta":{"desktop":{"background-color":"var(--ast-global-color-5)","background-image":"","background-repeat":"repeat","background-position":"center center","background-size":"auto","background-attachment":"scroll","background-type":"","background-media":"","overlay-type":"","overlay-color":"","overlay-opacity":"","overlay-gradient":""},"tablet":{"background-color":"var(--ast-global-color-5)","background-image":"","background-repeat":"repeat","background-position":"center center","background-size":"auto","background-attachment":"scroll","background-type":"","background-media":"","overlay-type":"","overlay-color":"","overlay-opacity":"","overlay-gradient":""},"mobile":{"background-color":"var(--ast-global-color-5)","background-image":"","background-repeat":"repeat","background-position":"center center","background-size":"auto","background-attachment":"scroll","background-type":"","background-media":"","overlay-type":"","overlay-color":"","overlay-opacity":"","overlay-gradient":""}},"footnotes":""},"class_list":["post-1065","page","type-page","status-publish","hentry"],"_links":{"self":[{"href":"https:\/\/vetmik2026.org\/en\/wp-json\/wp\/v2\/pages\/1065","targetHints":{"allow":["GET"]}}],"collection":[{"href":"https:\/\/vetmik2026.org\/en\/wp-json\/wp\/v2\/pages"}],"about":[{"href":"https:\/\/vetmik2026.org\/en\/wp-json\/wp\/v2\/types\/page"}],"author":[{"embeddable":true,"href":"https:\/\/vetmik2026.org\/en\/wp-json\/wp\/v2\/users\/1"}],"replies":[{"embeddable":true,"href":"https:\/\/vetmik2026.org\/en\/wp-json\/wp\/v2\/comments?post=1065"}],"version-history":[{"count":59,"href":"https:\/\/vetmik2026.org\/en\/wp-json\/wp\/v2\/pages\/1065\/revisions"}],"predecessor-version":[{"id":1508,"href":"https:\/\/vetmik2026.org\/en\/wp-json\/wp\/v2\/pages\/1065\/revisions\/1508"}],"wp:attachment":[{"href":"https:\/\/vetmik2026.org\/en\/wp-json\/wp\/v2\/media?parent=1065"}],"curies":[{"name":"wp","href":"https:\/\/api.w.org\/{rel}","templated":true}]}}