{"id":1066,"date":"2025-08-12T11:39:35","date_gmt":"2025-08-12T11:39:35","guid":{"rendered":"https:\/\/vetmik2026.org\/?page_id=1066"},"modified":"2026-02-10T12:53:47","modified_gmt":"2026-02-10T12:53:47","slug":"bilimsel-kurul","status":"publish","type":"page","link":"https:\/\/vetmik2026.org\/en\/bilimsel-kurul\/","title":{"rendered":"Bilimsel Kurul"},"content":{"rendered":"<div data-elementor-type=\"wp-page\" data-elementor-id=\"1066\" class=\"elementor elementor-1066\">\n\t\t\t\t<div class=\"elementor-element elementor-element-6549dc4f e-flex e-con-boxed e-con e-parent\" data-id=\"6549dc4f\" data-element_type=\"container\" data-e-type=\"container\">\n\t\t\t\t\t<div class=\"e-con-inner\">\n\t\t\t\t<div class=\"elementor-element elementor-element-59a0bc89 elementor-widget elementor-widget-heading\" data-id=\"59a0bc89\" data-element_type=\"widget\" data-e-type=\"widget\" data-widget_type=\"heading.default\">\n\t\t\t\t<div class=\"elementor-widget-container\">\n\t\t\t\t\t<h2 class=\"elementor-heading-title elementor-size-default\">Bilimsel Kurul<\/h2>\t\t\t\t<\/div>\n\t\t\t\t<\/div>\n\t\t\t\t\t<\/div>\n\t\t\t\t<\/div>\n\t\t<div class=\"elementor-element elementor-element-1630363e e-flex e-con-boxed e-con e-parent\" data-id=\"1630363e\" data-element_type=\"container\" data-e-type=\"container\">\n\t\t\t\t\t<div class=\"e-con-inner\">\n\t\t\t\t<div class=\"elementor-element elementor-element-41778675 elementor-widget elementor-widget-heading\" data-id=\"41778675\" data-element_type=\"widget\" data-e-type=\"widget\" data-widget_type=\"heading.default\">\n\t\t\t\t<div class=\"elementor-widget-container\">\n\t\t\t\t\t<h3 class=\"elementor-heading-title elementor-size-default\">Bilimsel Kurul<\/h3>\t\t\t\t<\/div>\n\t\t\t\t<\/div>\n\t\t\t\t<div class=\"elementor-element elementor-element-702a3a2 elementor-widget elementor-widget-html\" data-id=\"702a3a2\" data-element_type=\"widget\" data-e-type=\"widget\" data-widget_type=\"html.default\">\n\t\t\t\t<div class=\"elementor-widget-container\">\n\t\t\t\t\t    <style>\r\n        \/* Container using CSS Grid for the 3 columns *\/\r\n        .list-container {\r\n            display: grid;\r\n            grid-template-columns: repeat(3, 1fr);\r\n            gap: 10px;\r\n            font-family: Arial, sans-serif;\r\n            font-size: 14px;\r\n            padding: 20px;\r\n        }\r\n\r\n        \/* Individual item styling *\/\r\n        .list-item {\r\n            display: flex; \/* Flexbox used for content alignment *\/\r\n            align-items: center;\r\n            padding: 4px 8px;\r\n            border-bottom: 1px solid #eee;\r\n        }\r\n\r\n        \/* Replicating the yellow highlight from your image *\/\r\n        .highlight {\r\n            background-color: #ffff00;\r\n        }\r\n\r\n        \/* Responsive adjustment: stack on small screens *\/\r\n        @media (max-width: 768px) {\r\n            .list-container {\r\n                grid-template-columns: repeat(2, 1fr);\r\n            }\r\n        }\r\n    <\/style>\r\n<\/head>\r\n<body>\r\n\r\n    <div class=\"list-container\">\r\n<div class=\"list-item\"> Prof. Dr. Ahmet Onur G\u0130R\u0130\u015eG\u0130N   <\/div>\r\n<div class=\"list-item\"> Prof. Dr. Ali AYDIN <\/div>\r\n<div class=\"list-item\"> Prof. Dr. Ali T\u00fcmay G\u00dcRLER  <\/div>\r\n<div class=\"list-item\"> Prof. Dr. Alpaslan YILDIRIM <\/div>\r\n<div class=\"list-item\"> Prof. Dr. Alper \u00c7\u0130FT\u00c7\u0130  <\/div>\r\n<div class=\"list-item\"> Prof. Dr. Arma\u011fan Erdem \u00dcT\u00dcK    <\/div>\r\n<div class=\"list-item\"> Prof. Dr. Arzu FINDIK   <\/div>\r\n<div class=\"list-item\"> Prof. Dr. Arzu Funda BA\u011eCIG\u0130L   <\/div>\r\n<div class=\"list-item\"> Prof. Dr. Atilla \u015e\u0130M\u015eEK <\/div>\r\n<div class=\"list-item\"> Prof. Dr. Aykut \u00d6ZKUL   <\/div>\r\n<div class=\"list-item\"> Prof. Dr. Aylin KASIMO\u011eLU   <\/div>\r\n<div class=\"list-item\"> Prof. Dr. Aynur G\u00dcLANBER    <\/div>\r\n<div class=\"list-item\"> Prof. Dr. Aysun YILMAZ  <\/div>\r\n<div class=\"list-item\"> Prof. Dr. Ay\u015fe Serpil Nalbanto\u011flu   <\/div>\r\n<div class=\"list-item\"> Prof. Dr. Bahad\u0131r G\u00d6NEN\u00c7    <\/div>\r\n<div class=\"list-item\"> Prof. Dr. Banur BOYNUKARA   <\/div>\r\n<div class=\"list-item\"> Prof. Dr. Bar\u0131\u015f SARI    <\/div>\r\n<div class=\"list-item\"> Prof. Dr. Bayram Ali YUKARI <\/div>\r\n<div class=\"list-item\"> Prof. Dr. Bayram \u015eENL\u0130K <\/div>\r\n<div class=\"list-item\"> Prof. Dr. Bekir O\u011eUZ    <\/div>\r\n<div class=\"list-item\"> Prof. Dr. Belgi Diren SI\u011eIRCI   <\/div>\r\n<div class=\"list-item\"> Prof. Dr. Belgin SIRIKEN    <\/div>\r\n<div class=\"list-item\"> Prof. Dr. Beren BA\u015eARAN KAHRAMAN    <\/div>\r\n<div class=\"list-item\"> Prof. Dr. Burhan \u00c7ET\u0130NKAYA  <\/div>\r\n<div class=\"list-item\"> Prof. Dr. Cem Ecmel \u015eAK\u0130    <\/div>\r\n<div class=\"list-item\"> Prof. Dr. Cem VURU\u015eANER <\/div>\r\n<div class=\"list-item\"> Prof. Dr. Cemil K\u00dcREK\u00c7\u0130 <\/div>\r\n<div class=\"list-item\"> Prof. Dr. Cenk Soner B\u00d6L\u00dcKBA\u015e   <\/div>\r\n<div class=\"list-item\"> Prof. Dr. \u00c7etin Volkan AKYOL    <\/div>\r\n<div class=\"list-item\"> Prof. Dr. Dilek MUZ <\/div>\r\n<div class=\"list-item\"> Prof. Dr. Dilek \u00d6ZT\u00dcRK  <\/div>\r\n<div class=\"list-item\"> Prof. Dr. Duygu Neval SAYIN \u0130PEK    <\/div>\r\n<div class=\"list-item\"> Prof. Dr. Ender D\u0130N\u00c7ER  <\/div>\r\n<div class=\"list-item\"> Prof. Dr. Erdal YILMAZ  <\/div>\r\n<div class=\"list-item\"> Prof. Dr. Erg\u00fcn K\u00d6RO\u011eLU <\/div>\r\n<div class=\"list-item\"> Prof. Dr. Erg\u00fcn \u00d6mer G\u00d6KSOY <\/div>\r\n<div class=\"list-item\"> Prof. Dr. Erkan KARABA\u015e <\/div>\r\n<div class=\"list-item\"> Prof. Dr. Ertan Emek ONUK   <\/div>\r\n<div class=\"list-item\"> Prof. Dr. Esin G\u00dcVEN    <\/div>\r\n<div class=\"list-item\"> Prof. Dr. Esma KOZAN    <\/div>\r\n<div class=\"list-item\"> Prof. Dr. Esra \u015eEKER    <\/div>\r\n<div class=\"list-item\"> Prof. Dr. Faruk PEHL\u0130VANO\u011eLU    <\/div>\r\n<div class=\"list-item\"> Prof. Dr. Fatih B\u00dcY\u00dcK   <\/div>\r\n<div class=\"list-item\"> Prof. Dr. Feray ALKAN   <\/div>\r\n<div class=\"list-item\"> Prof. Dr. Ferda SEV\u0130N\u00c7  <\/div>\r\n<div class=\"list-item\"> Prof. Dr. Feride SEV\u0130ML\u0130    <\/div>\r\n<div class=\"list-item\"> Prof. Dr. Filiz K\u00d6K <\/div>\r\n<div class=\"list-item\"> Prof. Dr. Fuat AYDIN    <\/div>\r\n<div class=\"list-item\"> Prof. Dr. Gencay TA\u015eKIN TA\u015e\u00c7I   <\/div>\r\n<div class=\"list-item\"> Prof. Dr. G\u00f6kmen Zafer PEKMEZC\u0130 <\/div>\r\n<div class=\"list-item\"> Prof. Dr. G\u00f6ksel ERBA\u015e  <\/div>\r\n<div class=\"list-item\"> Prof. Dr. G\u00fclay VURAL   <\/div>\r\n<div class=\"list-item\"> Prof. Dr. Hakan AYDIN   <\/div>\r\n<div class=\"list-item\"> Prof. Dr. Hakan BULUT   <\/div>\r\n<div class=\"list-item\"> Prof. Dr. Hakan YARDIMCI    <\/div>\r\n<div class=\"list-item\"> Prof. Dr. Hamza AVCIO\u011eLU    <\/div>\r\n<div class=\"list-item\"> Prof. Dr. Harun ALBAYRAK    <\/div>\r\n<div class=\"list-item\"> Prof. Dr. Hasan ALPAK   <\/div>\r\n<div class=\"list-item\"> Prof. Dr. Hasan EREN    <\/div>\r\n<div class=\"list-item\"> Prof. Dr. Hasan H\u00fcseyin HAD\u0130ML\u0130 <\/div>\r\n<div class=\"list-item\"> Prof. Dr. Hasan \u00d6NG\u00d6R   <\/div>\r\n<div class=\"list-item\"> Prof. Dr. Hatice \u00c7\u0130\u00c7EK  <\/div>\r\n<div class=\"list-item\"> Prof. Dr. Hatice \u00d6GE    <\/div>\r\n<div class=\"list-item\"> Prof. Dr. H\u0131fs\u0131 O\u011fuz SARIMEHMETO\u011eLU <\/div>\r\n<div class=\"list-item\"> Prof. Dr. H\u00fcsamettin DURMAZ <\/div>\r\n<div class=\"list-item\"> Prof. Dr. H\u00fcseyin Bilgin B\u0130LG\u0130\u00c7 <\/div>\r\n<div class=\"list-item\"> Prof. Dr. H\u00fcseyin YILMAZ    <\/div>\r\n<div class=\"list-item\"> Prof. Dr. \u0130brahim BALKAYA   <\/div>\r\n<div class=\"list-item\"> Prof. Dr. \u0130smail Hakk\u0131 EK\u0130N <\/div>\r\n<div class=\"list-item\"> Prof. Dr. Kader YILDIZ  <\/div>\r\n<div class=\"list-item\"> Prof. Dr. Kadir Semih G\u00dcM\u00dc\u015eSOY  <\/div>\r\n<div class=\"list-item\"> Prof. Dr. Kadir YE\u015e\u0130LBA\u011e    <\/div>\r\n<div class=\"list-item\"> Prof. Dr. Kamile B\u0130\u00c7EK  <\/div>\r\n<div class=\"list-item\"> Prof. Dr. Kemal MET\u0130NER <\/div>\r\n<div class=\"list-item\"> Prof. Dr. Kezban \u015eAHNA  <\/div>\r\n<div class=\"list-item\"> Prof. Dr. K\u00fcr\u015fat ALTAY  <\/div>\r\n<div class=\"list-item\"> Prof. Dr. Levent AYDIN  <\/div>\r\n<div class=\"list-item\"> Prof. Dr. Mehmet AKAN   <\/div>\r\n<div class=\"list-item\"> Prof. Dr. Mehmet Ali BAL    <\/div>\r\n<div class=\"list-item\"> Prof. Dr. Mehmet \u00c7ABALAR    <\/div>\r\n<div class=\"list-item\"> Prof. Dr. Mehmet KALE   <\/div>\r\n<div class=\"list-item\"> Prof. Dr. Mehmet Nuri A\u00c7IK  <\/div>\r\n<div class=\"list-item\"> Prof. Dr. Mehmet \u00d6zkan T\u0130MURKAN <\/div>\r\n<div class=\"list-item\"> Prof. Dr. Mehmet Taner KARAO\u011eLU <\/div>\r\n<div class=\"list-item\"> Prof. Dr. Mehmet Tolga TAN  <\/div>\r\n<div class=\"list-item\"> Prof. Dr. Mehmet YAMAN  <\/div>\r\n<div class=\"list-item\"> Prof. Dr. Meral AYDEN\u0130Z <\/div>\r\n<div class=\"list-item\"> Prof. Dr. Metin G\u00dcR\u00c7AY  <\/div>\r\n<div class=\"list-item\"> Prof. Dr. Mihriban \u00dcLGEN    <\/div>\r\n<div class=\"list-item\"> Prof. Dr. Mithat \u015eAH\u0130N  <\/div>\r\n<div class=\"list-item\"> Prof. Dr. Murat G\u00dcLMEZ  <\/div>\r\n<div class=\"list-item\"> Prof. Dr. Murat KARAHAN <\/div>\r\n<div class=\"list-item\"> Prof. Dr. Murat SEVG\u0130L\u0130 <\/div>\r\n<div class=\"list-item\"> Prof. Dr. Murat YILDIRIM    <\/div>\r\n<div class=\"list-item\"> Prof. Dr. Mustafa AL\u0130\u015eARLI  <\/div>\r\n<div class=\"list-item\"> Prof. Dr. Mustafa HAS\u00d6KS\u00dcZ  <\/div>\r\n<div class=\"list-item\"> Prof. Dr. Mustafa K\u00d6SE  <\/div>\r\n<div class=\"list-item\"> Prof. Dr. Mustafa Necati MUZ    <\/div>\r\n<div class=\"list-item\"> Prof. Dr. Mustafa \u00d6Z    <\/div>\r\n<div class=\"list-item\"> Prof. Dr. Mustafa Serdar DE\u011eER  <\/div>\r\n<div class=\"list-item\"> Prof. Dr. M\u00fcnir AKTA\u015e   <\/div>\r\n<div class=\"list-item\"> Prof. Dr. Naim Deniz AYAZ   <\/div>\r\n<div class=\"list-item\"> Prof. Dr. Nalan \u00d6ZDAL   <\/div>\r\n<div class=\"list-item\"> Prof. Dr. Nebahat B\u0130LGE <\/div>\r\n<div class=\"list-item\"> Prof. Dr. Nermin I\u015f\u0131k USLU  <\/div>\r\n<div class=\"list-item\"> Prof. Dr. Neval Berrin ARSER\u0130M  <\/div>\r\n<div class=\"list-item\"> Prof. Dr. Nural EROL    <\/div>\r\n<div class=\"list-item\"> Prof. Dr. Nuran AYSUL   <\/div>\r\n<div class=\"list-item\"> Prof. Dr. Nurhan ERTA\u015e ONMAZ    <\/div>\r\n<div class=\"list-item\"> Prof. Dr. Nuri TURAN    <\/div>\r\n<div class=\"list-item\"> Prof. Dr. O\u011fuzhan AVCI  <\/div>\r\n<div class=\"list-item\"> Prof. Dr. Oktay GEN\u00c7    <\/div>\r\n<div class=\"list-item\"> Prof. Dr. Oktay Keskin  <\/div>\r\n<div class=\"list-item\"> Prof. Dr. Orhan YAPICI  <\/div>\r\n<div class=\"list-item\"> Prof. Dr. Osman ERGAN\u0130\u015e <\/div>\r\n<div class=\"list-item\"> Prof. Dr. Osman \u0130rfan \u0130LHAK <\/div>\r\n<div class=\"list-item\"> Prof. Dr. Osman Sel\u00e7uk ALDEM\u0130R  <\/div>\r\n<div class=\"list-item\"> Prof. Dr. Osman Ya\u015far TEL   <\/div>\r\n<div class=\"list-item\"> Prof. Dr. \u00d6mer ORKUN    <\/div>\r\n<div class=\"list-item\"> Prof. Dr. \u00d6nder D\u00dcZL\u00dc   <\/div>\r\n<div class=\"list-item\"> Prof. Dr. \u00d6zen YURDAKUL <\/div>\r\n<div class=\"list-item\"> Prof. Dr. \u00d6zg\u00fcr \u00c7ELEB\u0130  <\/div>\r\n<div class=\"list-item\"> Prof. Dr. \u00d6zkan ASLANTA\u015e    <\/div>\r\n<div class=\"list-item\"> Prof. Dr. \u00d6zlem B\u00dcY\u00dcKTANIR YA\u015e  <\/div>\r\n<div class=\"list-item\"> Prof. Dr. \u00d6zlem DER\u0130NBAY EK\u0130C\u0130  <\/div>\r\n<div class=\"list-item\"> Prof. Dr. Ramazan ADANIR    <\/div>\r\n<div class=\"list-item\"> Prof. Dr. Salih OTLU    <\/div>\r\n<div class=\"list-item\"> Prof. Dr. Sami G\u00d6KPINAR <\/div>\r\n<div class=\"list-item\"> Prof. Dr. Sami \u015e\u0130M\u015eEK   <\/div>\r\n<div class=\"list-item\"> Prof. Dr. Se\u00e7il ABAY    <\/div>\r\n<div class=\"list-item\"> Prof. Dr. Semih \u00d6GE <\/div>\r\n<div class=\"list-item\"> Prof. Dr. Semra G\u00dcM\u00dc\u015eOVA    <\/div>\r\n<div class=\"list-item\"> Prof. Dr. Seran TEMELL\u0130 <\/div>\r\n<div class=\"list-item\"> Prof. Dr. Serap SAVA\u015eAN <\/div>\r\n<div class=\"list-item\"> Prof. Dr. Serkan BAKIRCI    <\/div>\r\n<div class=\"list-item\"> Prof. Dr. Serkan \u0130K\u0130Z   <\/div>\r\n<div class=\"list-item\"> Prof. Dr. Serpil Kahya DEM\u0130RB\u0130LEK   <\/div>\r\n<div class=\"list-item\"> Prof. Dr. Seval Bilge DA\u011eALP    <\/div>\r\n<div class=\"list-item\"> Prof. Dr. Sevil ERDENL\u0130\u011e G\u00dcRB\u0130LEK   <\/div>\r\n<div class=\"list-item\"> Prof. Dr. Seyda CENG\u0130Z  <\/div>\r\n<div class=\"list-item\"> Prof. Dr. Seyyal AK <\/div>\r\n<div class=\"list-item\"> Prof. Dr. Sezayi \u00d6Z\u00dcBEK <\/div>\r\n<div class=\"list-item\"> Prof. Dr. Sibel G\u00dcR <\/div>\r\n<div class=\"list-item\"> Prof. Dr. Sibel YAVRU   <\/div>\r\n<div class=\"list-item\"> Prof. Dr. Simten YE\u015e\u0130LMEN ALP   <\/div>\r\n<div class=\"list-item\"> Prof. Dr. Soner ALTUN   <\/div>\r\n<div class=\"list-item\"> Prof. Dr. S\u00fcheyla T\u00dcRKYILMAZ    <\/div>\r\n<div class=\"list-item\"> Prof. Dr. S\u00fcleyman ALEMDAR  <\/div>\r\n<div class=\"list-item\"> Prof. Dr. S\u00fcleyman AYPAK    <\/div>\r\n<div class=\"list-item\"> Prof. Dr. \u015eevki Ziya CO\u015eKUN <\/div>\r\n<div class=\"list-item\"> Prof. Dr. \u015eeyda CENG\u0130Z  <\/div>\r\n<div class=\"list-item\"> Prof. Dr. \u015einasi UMUR   <\/div>\r\n<div class=\"list-item\"> Prof. Dr. \u015e\u00fckr\u00fc KIRKAN  <\/div>\r\n<div class=\"list-item\"> Prof. Dr. \u015e\u00fckr\u00fc TONBAK  <\/div>\r\n<div class=\"list-item\"> Prof. Dr. Tayfun \u00c7ARLI  <\/div>\r\n<div class=\"list-item\"> Prof. DR. Timur G\u00dcLHAN  <\/div>\r\n<div class=\"list-item\"> Prof. Dr. Tuba \u00c7i\u011fdem O\u011eUZO\u011eLU  <\/div>\r\n<div class=\"list-item\"> Prof. Dr. T\u00fclin KARAGEN\u00c7    <\/div>\r\n<div class=\"list-item\"> Prof. Dr. U\u00e7kun Sait U\u00c7AN   <\/div>\r\n<div class=\"list-item\"> Prof. Dr. Ufuk KANBER   <\/div>\r\n<div class=\"list-item\"> Prof. Dr. U\u011fur PARIN    <\/div>\r\n<div class=\"list-item\"> Prof. Dr. Veli G\u00dcLYAZ   <\/div>\r\n<div class=\"list-item\"> Prof. Dr. Veli Y\u0131lg\u00f6r \u00c7IRAK <\/div>\r\n<div class=\"list-item\"> Prof. Dr. Veysel Soydal ATASEVEN    <\/div>\r\n<div class=\"list-item\"> Prof. Dr. Volkan YILMAZ <\/div>\r\n<div class=\"list-item\"> Prof. Dr. Yakup YILDIRIM    <\/div>\r\n<div class=\"list-item\"> Prof. Dr. Yunus KILI\u00c7   <\/div>\r\n<div class=\"list-item\"> Prof. Dr. Zafer SAYIN   <\/div>\r\n<div class=\"list-item\"> Prof. Dr. Zafer YAZICI  <\/div>\r\n<div class=\"list-item\"> Prof. Dr. Zati VATANSEVER   <\/div>\r\n<div class=\"list-item\"> Prof. Dr. Zeki ARAS <\/div>\r\n<div class=\"list-item\"> Prof. Dr. Zeki G\u00dcRLER   <\/div>\r\n<div class=\"list-item\"> Prof. Dr. Zeynep KARAPINAR  <\/div>\r\n<div class=\"list-item\"> Prof. Dr. Ziya \u0130LHAN    <\/div>        \r\n        <\/div>\r\n<div class=\"list-container\">\r\n<div class=\"list-item\"> Do\u00e7. Dr. Adnan AYAN <\/div>\r\n<div class=\"list-item\"> Do\u00e7. Dr. Aliye G\u00dcLMEZ SA\u011eLAM    <\/div>\r\n<div class=\"list-item\"> Do\u00e7. Dr. Arif \u00c7\u0130LO\u011eLU   <\/div>\r\n<div class=\"list-item\"> Do\u00e7. Dr. Asl\u0131 BALEV\u0130    <\/div>\r\n<div class=\"list-item\"> Do\u00e7. Dr. Aycan Nuriye GAZYA\u011eCI  <\/div>\r\n<div class=\"list-item\"> Do\u00e7. Dr. Aykut ZEREK    <\/div>\r\n<div class=\"list-item\"> Do\u00e7. Dr. Ay\u015fe Ebru BORUM    <\/div>\r\n<div class=\"list-item\"> Do\u00e7. Dr. Ay\u015fe GENCAY G\u00d6KSU  <\/div>\r\n<div class=\"list-item\"> Do\u00e7. Dr. Ay\u015fe KARAKU\u015e   <\/div>\r\n<div class=\"list-item\"> Do\u00e7. Dr. Ay\u015fe Zeynep AKKUTAY YOLDAR <\/div>\r\n<div class=\"list-item\"> Do\u00e7. Dr. Bahattin Taylan KO\u00c7    <\/div>\r\n<div class=\"list-item\"> Do\u00e7. Dr. Berna DUMAN AYDIN  <\/div>\r\n<div class=\"list-item\"> Do\u00e7. Dr. Bilge Kaan TEKEL\u0130O\u011eLU  <\/div>\r\n<div class=\"list-item\"> Do\u00e7. Dr. Burak Evren \u0130nanan <\/div>\r\n<div class=\"list-item\"> Do\u00e7. Dr. C\u00fcneyt TAMER   <\/div>\r\n<div class=\"list-item\"> Do\u00e7. Dr. Demet \u00c7ELEB\u0130   <\/div>\r\n<div class=\"list-item\"> Do\u00e7. Dr. Derya KARATA\u015e YEN\u0130 <\/div>\r\n<div class=\"list-item\"> Do\u00e7. Dr. Eda BALDAN TOKER   <\/div>\r\n<div class=\"list-item\"> Do\u00e7. Dr. Ediz Ka\u011fan \u00d6ZGEN   <\/div>\r\n<div class=\"list-item\"> Do\u00e7. Dr. El\u00e7in G\u00dcNAYDIN <\/div>\r\n<div class=\"list-item\"> Do\u00e7. Dr. Emrah \u015e\u0130M\u015eEK   <\/div>\r\n<div class=\"list-item\"> Do\u00e7. Dr. Emre \u00d6ZAN  <\/div>\r\n<div class=\"list-item\"> Do\u00e7. Dr. Fatih Do\u011fan KOCA   <\/div>\r\n<div class=\"list-item\"> Do\u00e7. Dr. F\u0131rat DO\u011eAN    <\/div>\r\n<div class=\"list-item\"> Do\u00e7. Dr. Gizem AYTO\u011eLU B\u0130RG\u0130T   <\/div>\r\n<div class=\"list-item\"> Do\u00e7. Dr. H. Kaan M\u00dc\u015eTAK <\/div>\r\n<div class=\"list-item\"> Do\u00e7. Dr. Hafize Tu\u011fba Y\u00dcKSEL DOLGUN <\/div>\r\n<div class=\"list-item\"> Do\u00e7. Dr. Hakan I\u015eIDAN   <\/div>\r\n<div class=\"list-item\"> Do\u00e7. Dr. Harun HIZLISOY<\/div>\r\n<div class=\"list-item\"> Do\u00e7. Dr. Hasan ABAYLI   <\/div>\r\n<div class=\"list-item\"> Do\u00e7. Dr. Hasbi Sait SALTIK  <\/div>\r\n<div class=\"list-item\"> Do\u00e7. Dr. Hatice YAZGAN  <\/div>\r\n<div class=\"list-item\"> Do\u00e7. Dr. H\u00fcban G\u00d6\u00c7MEN   <\/div>\r\n<div class=\"list-item\"> Do\u00e7. Dr. Irmak D\u0130K  <\/div>\r\n<div class=\"list-item\"> Do\u00e7. Dr. \u0130lke Karayel HACIO\u011eLU  <\/div>\r\n<div class=\"list-item\"> Do\u00e7. Dr. \u0130nci Ba\u015fak M\u00dc\u015eTAK  <\/div>\r\n<div class=\"list-item\"> Do\u00e7. Dr. Kerem \u00d6TER <\/div>\r\n<div class=\"list-item\"> Do\u00e7. Dr. Mehmet Cemal ADIG\u00dcZEL  <\/div>\r\n<div class=\"list-item\"> Do\u00e7. Dr. Meltem ULUTA\u015e ESATG\u0130L  <\/div>\r\n<div class=\"list-item\"> Do\u00e7. Dr. Muhammed Ya\u015far D\u00d6RTBUDAK   <\/div>\r\n<div class=\"list-item\"> Do\u00e7. Dr. Nafiye KO\u00c7 \u0130NAK    <\/div>\r\n<div class=\"list-item\"> Do\u00e7. Dr. Nuray Gamze Y\u00d6R\u00dcK  <\/div>\r\n<div class=\"list-item\"> Do\u00e7. Dr. Onur CEYLAN    <\/div>\r\n<div class=\"list-item\"> Do\u00e7. Dr. Onur K\u00d6SE  <\/div>\r\n<div class=\"list-item\"> Do\u00e7. Dr. Orkun BABACAN  <\/div>\r\n<div class=\"list-item\"> Do\u00e7. Dr. \u00d6mer Bar\u0131\u015f \u0130NCE <\/div>\r\n<div class=\"list-item\"> Do\u00e7. Dr. \u00d6zg\u00fcl G\u00dcLAYDIN <\/div>\r\n<div class=\"list-item\"> Do\u00e7. Dr. Recep KALIN    <\/div>\r\n<div class=\"list-item\"> Do\u00e7. Dr. Serdal TARHANE <\/div>\r\n<div class=\"list-item\"> Do\u00e7. Dr. Sibel KIZIL    <\/div>\r\n<div class=\"list-item\"> Do\u00e7. Dr. Turhan TURAN   <\/div>\r\n<div class=\"list-item\"> Do\u00e7. Dr. T\u00fclin G\u00dcVENG\u00d6KMEN  <\/div>\r\n<div class=\"list-item\"> Do\u00e7. Dr. Ufuk EROL  <\/div>\r\n<div class=\"list-item\"> Do\u00e7. Dr. Volkan \u00d6ZAVCI  <\/div>\r\n<div class=\"list-item\"> Do\u00e7. Dr. Vural DEN\u0130ZHAN <\/div>\r\n<div class=\"list-item\"> Do\u00e7. Dr. Zuhal \u00d6NDER    <\/div>\r\n<div class=\"list-item\"> Dr. \u00d6\u011fr. \u00dcyesi Ahmet Murat SAYTEK\u0130N <\/div>\r\n<div class=\"list-item\"> Dr. \u00d6\u011fr. \u00dcyesi Ayfer FINDIK PAKROOH <\/div>\r\n<div class=\"list-item\"> Dr. \u00d6\u011fr. \u00dcyesi Berfin ERT\u00dcRK    <\/div>\r\n<div class=\"list-item\"> Dr. \u00d6\u011fr. \u00dcyesi Fuat \u00d6ZY\u00d6R\u00dcK <\/div>\r\n<div class=\"list-item\"> Dr. \u00d6\u011fr. \u00dcyesi \u0130rfan \u00d6ZG\u00dcNL\u00dcK   <\/div>\r\n<div class=\"list-item\"> Dr. Asiye DAKMAN    <\/div>\r\n<div class=\"list-item\"> Dr. Berrin \u015eEN\u00d6Z    <\/div>\r\n<div class=\"list-item\"> Dr. Erkan TA\u00c7BA\u015e    <\/div>\r\n<div class=\"list-item\"> Dr. Hamza KADI  <\/div>\r\n<div class=\"list-item\"> Dr. \u0130rfan DEM\u0130RBA\u015e  <\/div>\r\n<div class=\"list-item\"> Dr. Mustafa KESMEN  <\/div>\r\n<div class=\"list-item\"> Dr. \u00d6zhan T\u00dcRKYILMAZ    <\/div>\r\n<div class=\"list-item\"> Dr. Yasin G\u00dcLC\u00dc <\/div>\r\n<div class=\"list-item\"> Uzm. \u0130smail AYDIN   <\/div>\r\n<div class=\"list-item\"> Vet. Hek. Burak DEVEC\u0130  <\/div>\r\n<div class=\"list-item\"> Vet. Hek. Ercan ATALAY  <\/div>\r\n<div class=\"list-item\"> Vet. Hek. Ertan A\u011eT\u00dcRK  <\/div>\r\n<div class=\"list-item\"> Vet. Hek. H\u00fcseyin E\u015e    <\/div>\r\n<div class=\"list-item\"> Vet. Hek. Mehmet Ali S\u00d6ZMEN <\/div>\r\n<\/div>\t\t\t\t<\/div>\n\t\t\t\t<\/div>\n\t\t\t\t\t<\/div>\n\t\t\t\t<\/div>\n\t\t\t\t<\/div>","protected":false},"excerpt":{"rendered":"<p>Bilimsel Kurul Prof. Dr. Ahmet Onur G\u0130R\u0130\u015eG\u0130N Prof. Dr. Ali AYDIN Prof. Dr. Ali T\u00fcmay G\u00dcRLER Prof. Dr. Alpaslan YILDIRIM [&hellip;]<\/p>\n","protected":false},"author":1,"featured_media":0,"parent":0,"menu_order":0,"comment_status":"closed","ping_status":"closed","template":"","meta":{"site-sidebar-layout":"no-sidebar","site-content-layout":"","ast-site-content-layout":"full-width-container","site-content-style":"default","site-sidebar-style":"default","ast-global-header-display":"","ast-banner-title-visibility":"","ast-main-header-display":"","ast-hfb-above-header-display":"","ast-hfb-below-header-display":"","ast-hfb-mobile-header-display":"","site-post-title":"","ast-breadcrumbs-content":"","ast-featured-img":"disabled","footer-sml-layout":"","theme-transparent-header-meta":"","adv-header-id-meta":"","stick-header-meta":"","header-above-stick-meta":"","header-main-stick-meta":"","header-below-stick-meta":"","astra-migrate-meta-layouts":"default","ast-page-background-enabled":"default","ast-page-background-meta":{"desktop":{"background-color":"var(--ast-global-color-4)","background-image":"","background-repeat":"repeat","background-position":"center center","background-size":"auto","background-attachment":"scroll","background-type":"","background-media":"","overlay-type":"","overlay-color":"","overlay-opacity":"","overlay-gradient":""},"tablet":{"background-color":"","background-image":"","background-repeat":"repeat","background-position":"center center","background-size":"auto","background-attachment":"scroll","background-type":"","background-media":"","overlay-type":"","overlay-color":"","overlay-opacity":"","overlay-gradient":""},"mobile":{"background-color":"","background-image":"","background-repeat":"repeat","background-position":"center center","background-size":"auto","background-attachment":"scroll","background-type":"","background-media":"","overlay-type":"","overlay-color":"","overlay-opacity":"","overlay-gradient":""}},"ast-content-background-meta":{"desktop":{"background-color":"var(--ast-global-color-5)","background-image":"","background-repeat":"repeat","background-position":"center center","background-size":"auto","background-attachment":"scroll","background-type":"","background-media":"","overlay-type":"","overlay-color":"","overlay-opacity":"","overlay-gradient":""},"tablet":{"background-color":"var(--ast-global-color-5)","background-image":"","background-repeat":"repeat","background-position":"center center","background-size":"auto","background-attachment":"scroll","background-type":"","background-media":"","overlay-type":"","overlay-color":"","overlay-opacity":"","overlay-gradient":""},"mobile":{"background-color":"var(--ast-global-color-5)","background-image":"","background-repeat":"repeat","background-position":"center center","background-size":"auto","background-attachment":"scroll","background-type":"","background-media":"","overlay-type":"","overlay-color":"","overlay-opacity":"","overlay-gradient":""}},"footnotes":""},"class_list":["post-1066","page","type-page","status-publish","hentry"],"_links":{"self":[{"href":"https:\/\/vetmik2026.org\/en\/wp-json\/wp\/v2\/pages\/1066","targetHints":{"allow":["GET"]}}],"collection":[{"href":"https:\/\/vetmik2026.org\/en\/wp-json\/wp\/v2\/pages"}],"about":[{"href":"https:\/\/vetmik2026.org\/en\/wp-json\/wp\/v2\/types\/page"}],"author":[{"embeddable":true,"href":"https:\/\/vetmik2026.org\/en\/wp-json\/wp\/v2\/users\/1"}],"replies":[{"embeddable":true,"href":"https:\/\/vetmik2026.org\/en\/wp-json\/wp\/v2\/comments?post=1066"}],"version-history":[{"count":58,"href":"https:\/\/vetmik2026.org\/en\/wp-json\/wp\/v2\/pages\/1066\/revisions"}],"predecessor-version":[{"id":1558,"href":"https:\/\/vetmik2026.org\/en\/wp-json\/wp\/v2\/pages\/1066\/revisions\/1558"}],"wp:attachment":[{"href":"https:\/\/vetmik2026.org\/en\/wp-json\/wp\/v2\/media?parent=1066"}],"curies":[{"name":"wp","href":"https:\/\/api.w.org\/{rel}","templated":true}]}}