{"id":1067,"date":"2025-08-12T11:39:35","date_gmt":"2025-08-12T11:39:35","guid":{"rendered":"https:\/\/vetmik2026.org\/?page_id=1067"},"modified":"2025-09-23T11:58:30","modified_gmt":"2025-09-23T11:58:30","slug":"ana-konular","status":"publish","type":"page","link":"https:\/\/vetmik2026.org\/en\/ana-konular\/","title":{"rendered":"Ana Konular"},"content":{"rendered":"<div data-elementor-type=\"wp-page\" data-elementor-id=\"1067\" class=\"elementor elementor-1067\">\n\t\t\t\t<div class=\"elementor-element elementor-element-dce92c3 e-flex e-con-boxed e-con e-parent\" data-id=\"dce92c3\" data-element_type=\"container\" data-e-type=\"container\">\n\t\t\t\t\t<div class=\"e-con-inner\">\n\t\t\t\t<div class=\"elementor-element elementor-element-e6c3c8b elementor-widget elementor-widget-heading\" data-id=\"e6c3c8b\" data-element_type=\"widget\" data-e-type=\"widget\" data-widget_type=\"heading.default\">\n\t\t\t\t<div class=\"elementor-widget-container\">\n\t\t\t\t\t<h2 class=\"elementor-heading-title elementor-size-default\">Ana Konular<\/h2>\t\t\t\t<\/div>\n\t\t\t\t<\/div>\n\t\t\t\t\t<\/div>\n\t\t\t\t<\/div>\n\t\t<div class=\"elementor-element elementor-element-1885188 e-flex e-con-boxed e-con e-parent\" data-id=\"1885188\" data-element_type=\"container\" data-e-type=\"container\">\n\t\t\t\t\t<div class=\"e-con-inner\">\n\t\t\t\t<div class=\"elementor-element elementor-element-1ce11a3 elementor-widget elementor-widget-text-editor\" data-id=\"1ce11a3\" data-element_type=\"widget\" data-e-type=\"widget\" data-widget_type=\"text-editor.default\">\n\t\t\t\t<div class=\"elementor-widget-container\">\n\t\t\t\t\t\t\t\t\t<p><strong>Ba\u011f\u0131rsak Sa\u011fl\u0131\u011f\u0131<\/strong><\/p><ul><li>Hayvanlarda mikrobiyota<\/li><\/ul><p><strong>Hastal\u0131klar<\/strong><\/p><ul><li>B\u00fcy\u00fckba\u015f, k\u00fc\u00e7\u00fckba\u015f, pet, egzotik hayvanlar\u0131n ve bal\u0131klar\u0131n enfeksiy\u00f6z hastal\u0131klar<\/li><li>Kanatl\u0131lar\u0131n enfeksiy\u00f6z hastal\u0131klar\u0131<\/li><li>Bakteriyel, paraziter ve viral hastal\u0131klar<\/li><li>Zoonozlar<\/li><li>Anaerop hastal\u0131klar ve etkenler<\/li><\/ul><p><strong>Te\u015fhis<\/strong><\/p><ul><li>Hastal\u0131klar\u0131n te\u015fhisinde kullan\u0131lan mikrobiyolojik, serolojik ve molek\u00fcler y\u00f6ntemler<\/li><\/ul><p><strong>Antibakteriyel, Antiparaziter, Antiviral Ajanlar, Bakteriyofajlar<\/strong><\/p><ul><li>Artan Diren\u00e7lilik<\/li><li>Direncin konvansiyonel ve molek\u00fcler y\u00f6ntemlerle tespiti<\/li><li>Akarsular, kanalizasyonlar ve at\u0131k sularda antimikrobiyel diren\u00e7<\/li><li>Yeni antimikrobiyaller<\/li><li>Antimikrobiyal nanomalzemeler<\/li><li>Biyoila\u00e7 \u00fcretimi<\/li><\/ul><p><strong>Enfeksiyonlarda Alternatif Tedavi Y\u00f6ntemleri<\/strong><\/p><ul><li>Fitoterapiler, probiyotik, prebiyotik ve postbiyotikler<\/li><li>K\u00f6k h\u00fccre tedavileri<\/li><\/ul><p><strong>Hastal\u0131k Epidemiyolojisi<\/strong><\/p><ul><li>Hastal\u0131k etkenlerinin bula\u015f\u0131 kaynaklar\u0131, filogenetik ili\u015fkileri, molek\u00fcler epidemiyoloj<\/li><\/ul><p><strong>Hastal\u0131k Kontrol\u00fc<\/strong><\/p><ul><li>A\u015f\u0131lar, Terap\u00f6tik ajanlar<\/li><li>Te\u015fhis Kitleri<\/li><li>\u0130zleme, Kontrol, Eradikasyon<\/li><li>Biyog\u00fcvenlik<\/li><\/ul><p><strong>Dezenfektanlar<\/strong><\/p><ul><li>Bakterisidal, bakteriostatik aktiviteler<\/li><\/ul><p><strong>Yapay Zeka<\/strong><\/p><ul><li>Hayvan hastal\u0131klar\u0131nda yapay zekan\u0131n kullan\u0131m\u0131<\/li><\/ul><p><strong>Mantarlar<\/strong><\/p><ul><li>Hayvanlarda enfeksiyon yapan mikotik etkenlerin art\u0131\u015f\u0131<\/li><\/ul><p><strong>\u0130mmunoloji<\/strong><\/p><ul><li>Otoimmun hastal\u0131klar<\/li><li>\u0130mmunoterapi<\/li><\/ul><p><strong>Mikrobiyoloji laboratuvarlar\u0131nda kalite<\/strong><\/p><ul><li>Kalite sistem<\/li><li>Yeterlilik testleri<\/li><\/ul><p><strong>Yaban Hayat<\/strong><\/p><ul><li>Yaban hayvanlar\u0131nda mikrobiyolojik hastal\u0131klar ve epidemiyolojisi<\/li><\/ul><p><strong>Antik DNA<\/strong><\/p><ul><li>Arkeolojik ara\u015ft\u0131rmalarda bakteriyel antik DNA\u2019lar\u0131n tespiti<\/li><\/ul><p><strong>Gen d\u00fczenleme<\/strong><\/p><ul><li>CRISPR<\/li><\/ul><p><strong>Biyoteknoloji<\/strong><\/p><ul><li>Biyoinformatik<\/li><li>Omik teknikler (Transkriptomik, proteomik, metabolomik)<\/li><\/ul>\t\t\t\t\t\t\t\t<\/div>\n\t\t\t\t<\/div>\n\t\t\t\t\t<\/div>\n\t\t\t\t<\/div>\n\t\t<div class=\"elementor-element elementor-element-e98c733 e-flex e-con-boxed e-con e-parent\" data-id=\"e98c733\" data-element_type=\"container\" data-e-type=\"container\">\n\t\t\t\t\t<div class=\"e-con-inner\">\n\t\t\t\t<div class=\"elementor-element elementor-element-53722e6 elementor-widget elementor-widget-html\" data-id=\"53722e6\" data-element_type=\"widget\" data-e-type=\"widget\" data-widget_type=\"html.default\">\n\t\t\t\t<div class=\"elementor-widget-container\">\n\t\t\t\t\t<style>\n    strong {\n        color: #013662;\n    }\n<\/style>\t\t\t\t<\/div>\n\t\t\t\t<\/div>\n\t\t\t\t\t<\/div>\n\t\t\t\t<\/div>\n\t\t<div class=\"elementor-element elementor-element-56cbec6 e-flex e-con-boxed e-con e-parent\" data-id=\"56cbec6\" data-element_type=\"container\" data-e-type=\"container\">\n\t\t\t\t\t<div class=\"e-con-inner\">\n\t\t\t\t\t<\/div>\n\t\t\t\t<\/div>\n\t\t\t\t<\/div>","protected":false},"excerpt":{"rendered":"<p>Ba\u011f\u0131rsak Sa\u011fl\u0131\u011f\u0131 Hayvanlarda mikrobiyota Hastal\u0131klar B\u00fcy\u00fckba\u015f, k\u00fc\u00e7\u00fckba\u015f, pet, egzotik hayvanlar\u0131n ve bal\u0131klar\u0131n enfeksiy\u00f6z hastal\u0131klar Kanatl\u0131lar\u0131n enfeksiy\u00f6z hastal\u0131klar\u0131 Bakteriyel, paraziter ve [&hellip;]<\/p>\n","protected":false},"author":1,"featured_media":0,"parent":0,"menu_order":0,"comment_status":"closed","ping_status":"closed","template":"","meta":{"site-sidebar-layout":"no-sidebar","site-content-layout":"","ast-site-content-layout":"full-width-container","site-content-style":"default","site-sidebar-style":"default","ast-global-header-display":"","ast-banner-title-visibility":"","ast-main-header-display":"","ast-hfb-above-header-display":"","ast-hfb-below-header-display":"","ast-hfb-mobile-header-display":"","site-post-title":"","ast-breadcrumbs-content":"","ast-featured-img":"disabled","footer-sml-layout":"","theme-transparent-header-meta":"","adv-header-id-meta":"","stick-header-meta":"","header-above-stick-meta":"","header-main-stick-meta":"","header-below-stick-meta":"","astra-migrate-meta-layouts":"default","ast-page-background-enabled":"default","ast-page-background-meta":{"desktop":{"background-color":"var(--ast-global-color-4)","background-image":"","background-repeat":"repeat","background-position":"center center","background-size":"auto","background-attachment":"scroll","background-type":"","background-media":"","overlay-type":"","overlay-color":"","overlay-opacity":"","overlay-gradient":""},"tablet":{"background-color":"","background-image":"","background-repeat":"repeat","background-position":"center center","background-size":"auto","background-attachment":"scroll","background-type":"","background-media":"","overlay-type":"","overlay-color":"","overlay-opacity":"","overlay-gradient":""},"mobile":{"background-color":"","background-image":"","background-repeat":"repeat","background-position":"center center","background-size":"auto","background-attachment":"scroll","background-type":"","background-media":"","overlay-type":"","overlay-color":"","overlay-opacity":"","overlay-gradient":""}},"ast-content-background-meta":{"desktop":{"background-color":"var(--ast-global-color-5)","background-image":"","background-repeat":"repeat","background-position":"center center","background-size":"auto","background-attachment":"scroll","background-type":"","background-media":"","overlay-type":"","overlay-color":"","overlay-opacity":"","overlay-gradient":""},"tablet":{"background-color":"var(--ast-global-color-5)","background-image":"","background-repeat":"repeat","background-position":"center center","background-size":"auto","background-attachment":"scroll","background-type":"","background-media":"","overlay-type":"","overlay-color":"","overlay-opacity":"","overlay-gradient":""},"mobile":{"background-color":"var(--ast-global-color-5)","background-image":"","background-repeat":"repeat","background-position":"center center","background-size":"auto","background-attachment":"scroll","background-type":"","background-media":"","overlay-type":"","overlay-color":"","overlay-opacity":"","overlay-gradient":""}},"footnotes":""},"class_list":["post-1067","page","type-page","status-publish","hentry"],"_links":{"self":[{"href":"https:\/\/vetmik2026.org\/en\/wp-json\/wp\/v2\/pages\/1067","targetHints":{"allow":["GET"]}}],"collection":[{"href":"https:\/\/vetmik2026.org\/en\/wp-json\/wp\/v2\/pages"}],"about":[{"href":"https:\/\/vetmik2026.org\/en\/wp-json\/wp\/v2\/types\/page"}],"author":[{"embeddable":true,"href":"https:\/\/vetmik2026.org\/en\/wp-json\/wp\/v2\/users\/1"}],"replies":[{"embeddable":true,"href":"https:\/\/vetmik2026.org\/en\/wp-json\/wp\/v2\/comments?post=1067"}],"version-history":[{"count":25,"href":"https:\/\/vetmik2026.org\/en\/wp-json\/wp\/v2\/pages\/1067\/revisions"}],"predecessor-version":[{"id":1420,"href":"https:\/\/vetmik2026.org\/en\/wp-json\/wp\/v2\/pages\/1067\/revisions\/1420"}],"wp:attachment":[{"href":"https:\/\/vetmik2026.org\/en\/wp-json\/wp\/v2\/media?parent=1067"}],"curies":[{"name":"wp","href":"https:\/\/api.w.org\/{rel}","templated":true}]}}