{"id":1069,"date":"2025-08-12T11:39:35","date_gmt":"2025-08-12T11:39:35","guid":{"rendered":"https:\/\/vetmik2026.org\/?page_id=1069"},"modified":"2026-03-04T10:20:36","modified_gmt":"2026-03-04T10:20:36","slug":"sosyal-program","status":"publish","type":"page","link":"https:\/\/vetmik2026.org\/en\/sosyal-program\/","title":{"rendered":"Sosyal Program"},"content":{"rendered":"<div data-elementor-type=\"wp-page\" data-elementor-id=\"1069\" class=\"elementor elementor-1069\">\n\t\t\t\t<div class=\"elementor-element elementor-element-bb585bd e-flex e-con-boxed e-con e-parent\" data-id=\"bb585bd\" data-element_type=\"container\" data-e-type=\"container\">\n\t\t\t\t\t<div class=\"e-con-inner\">\n\t\t\t\t<div class=\"elementor-element elementor-element-8bf404d elementor-widget elementor-widget-heading\" data-id=\"8bf404d\" data-element_type=\"widget\" data-e-type=\"widget\" data-widget_type=\"heading.default\">\n\t\t\t\t<div class=\"elementor-widget-container\">\n\t\t\t\t\t<h2 class=\"elementor-heading-title elementor-size-default\">Sosyal Program<\/h2>\t\t\t\t<\/div>\n\t\t\t\t<\/div>\n\t\t\t\t\t<\/div>\n\t\t\t\t<\/div>\n\t\t<div class=\"elementor-element elementor-element-8ff0404 e-flex e-con-boxed e-con e-parent\" data-id=\"8ff0404\" data-element_type=\"container\" data-e-type=\"container\">\n\t\t\t\t\t<div class=\"e-con-inner\">\n\t\t\t\t<div class=\"elementor-element elementor-element-5ddfa9b elementor-widget elementor-widget-image\" data-id=\"5ddfa9b\" data-element_type=\"widget\" data-e-type=\"widget\" data-widget_type=\"image.default\">\n\t\t\t\t<div class=\"elementor-widget-container\">\n\t\t\t\t\t\t\t\t\t\t\t\t\t\t\t<img fetchpriority=\"high\" decoding=\"async\" width=\"1000\" height=\"680\" src=\"https:\/\/vetmik2026.org\/wp-content\/uploads\/2026\/03\/30agustostrkiye680.jpg\" class=\"attachment-large size-large wp-image-1604\" alt=\"\" srcset=\"https:\/\/vetmik2026.org\/wp-content\/uploads\/2026\/03\/30agustostrkiye680.jpg 1000w, https:\/\/vetmik2026.org\/wp-content\/uploads\/2026\/03\/30agustostrkiye680-300x204.jpg 300w, https:\/\/vetmik2026.org\/wp-content\/uploads\/2026\/03\/30agustostrkiye680-768x522.jpg 768w, https:\/\/vetmik2026.org\/wp-content\/uploads\/2026\/03\/30agustostrkiye680-18x12.jpg 18w, https:\/\/vetmik2026.org\/wp-content\/uploads\/2026\/03\/30agustostrkiye680-200x136.jpg 200w\" sizes=\"(max-width: 1000px) 100vw, 1000px\" \/>\t\t\t\t\t\t\t\t\t\t\t\t\t\t\t<\/div>\n\t\t\t\t<\/div>\n\t\t\t\t<div class=\"elementor-element elementor-element-118b001 elementor-widget elementor-widget-text-editor\" data-id=\"118b001\" data-element_type=\"widget\" data-e-type=\"widget\" data-widget_type=\"text-editor.default\">\n\t\t\t\t<div class=\"elementor-widget-container\">\n\t\t\t\t\t\t\t\t\t<h5 class=\"m_1682751641678820885xmsonormal\"><b>7 Ekim 15:00 ANITKAB\u0130R Ziyareti<\/b><\/h5><p class=\"m_1682751641678820885xmsonormal\"><u><\/u><u><\/u>Limak Ambassador Otel\u2019den hareket<br \/><u><\/u><u><\/u>Ziyaret sonras\u0131 Limak Ambassador Otel\u2019e d\u00f6n\u00fc\u015f<u><\/u><u><\/u><u><\/u>\u00a0<u><\/u><\/p><p class=\"m_1682751641678820885xmsonormal\"><b>T\u00fcm kongre kat\u0131l\u0131mc\u0131lar\u0131 davetlimizdir.<\/b><\/p>\t\t\t\t\t\t\t\t<\/div>\n\t\t\t\t<\/div>\n\t\t\t\t\t<\/div>\n\t\t\t\t<\/div>\n\t\t<div class=\"elementor-element elementor-element-4c556ae e-flex e-con-boxed e-con e-parent\" data-id=\"4c556ae\" data-element_type=\"container\" data-e-type=\"container\">\n\t\t\t\t\t<div class=\"e-con-inner\">\n\t\t\t\t<div class=\"elementor-element elementor-element-14d5116 elementor-widget-divider--view-line elementor-widget elementor-widget-divider\" data-id=\"14d5116\" data-element_type=\"widget\" data-e-type=\"widget\" data-widget_type=\"divider.default\">\n\t\t\t\t<div class=\"elementor-widget-container\">\n\t\t\t\t\t\t\t<div class=\"elementor-divider\">\n\t\t\t<span class=\"elementor-divider-separator\">\n\t\t\t\t\t\t<\/span>\n\t\t<\/div>\n\t\t\t\t\t\t<\/div>\n\t\t\t\t<\/div>\n\t\t\t\t<div class=\"elementor-element elementor-element-517a989 elementor-widget elementor-widget-text-editor\" data-id=\"517a989\" data-element_type=\"widget\" data-e-type=\"widget\" data-widget_type=\"text-editor.default\">\n\t\t\t\t<div class=\"elementor-widget-container\">\n\t\t\t\t\t\t\t\t\t<h5 class=\"m_1682751641678820885xmsonormal\"><b>8 veya 9 Ekim ANKARA YARIM G\u00dcNL\u00dcK REHBERL\u0130 \u015eEH\u0130R TURU (An\u0131tkabir &amp; \u00d6\u011fle Yeme\u011fi Hari\u00e7)<\/b><u><\/u><u><\/u><\/h5><p class=\"m_1682751641678820885xmsonormal\"><strong>09:00 \u2013 Bulu\u015fma &amp; Hareket<\/strong><br \/><u><\/u><u><\/u>Limak Ambassador Otel\u2019den hareket<br \/><u><\/u><u><\/u>Profesyonel rehber e\u015fli\u011finde tur ba\u015flang\u0131c\u0131<br \/><u><\/u><u><\/u>Ankara\u2019n\u0131n tarihi ve Cumhuriyet \u00f6ncesi k\u0131sa genel anlat\u0131m<u><\/u><u><\/u><\/p><p class=\"m_1682751641678820885xmsonormal\"><strong>09:30 \u2013 Ankara Kalesi &amp; Kalei\u00e7i<\/strong><br \/><u><\/u><u><\/u>\u0130\u00e7 Kale \u2013 D\u0131\u015f Kale gezisi<br \/><u><\/u><u><\/u>Tarihi Ankara evleri<br \/><u><\/u><u><\/u>\u015eehir manzaras\u0131 ve foto\u011fraf molalar\u0131<br \/><u><\/u><u><\/u>Roma, Bizans, Sel\u00e7uklu ve Osmanl\u0131 d\u00f6nemleri anlat\u0131m\u0131<u><\/u><u><\/u><\/p><p class=\"m_1682751641678820885xmsonormal\"><strong>Yakla\u015f\u0131k 1 \u2013 1,5 saat<\/strong><u><\/u><u><\/u><\/p><p class=\"m_1682751641678820885xmsonormal\"><strong>11:00 \u2013 Rahmi M. Ko\u00e7 M\u00fczesi<\/strong><br \/><u><\/u><u><\/u>End\u00fcstri ve ula\u015f\u0131m tarihi koleksiyonlar\u0131<br \/><u><\/u><u><\/u>Serbest gezme + rehber bilgilendirmesi<\/p><p class=\"m_1682751641678820885xmsonormal\"><strong>\u00a01 saat<\/strong><u><\/u><u><\/u><\/p><p class=\"m_1682751641678820885xmsonormal\"><strong>12:15 \u2013 Hac\u0131 Bayram-\u0131 Veli Camii &amp; Augustus Tap\u0131na\u011f\u0131<\/strong><br \/><u><\/u><u><\/u>Ankara\u2019n\u0131n manevi ve tarihi merkezi<br \/><u><\/u><u><\/u>Roma d\u00f6nemine ait yaz\u0131tlar (Monumentum Ancyranum)<br \/><u><\/u><u><\/u>K\u0131sa serbest zaman<br \/><strong>45 dk<\/strong><u><\/u><u><\/u><\/p><p class=\"m_1682751641678820885xmsonormal\"><strong>13:15 \u2013 Tur Sonu<\/strong><u><\/u><u><\/u><\/p><p class=\"m_1682751641678820885xmsonormal\">Limak Ambassador Otel\u2019e d\u00f6n\u00fc\u015f<u><\/u><u><\/u><\/p><h5 class=\"m_1682751641678820885xmsonormal\"><b>\u00dccret detay\u0131 daha sonra a\u00e7\u0131klanacakt\u0131r.<u><\/u><u><\/u><\/b><\/h5><p class=\"m_1682751641678820885xmsonormal\">\u00a0<\/p>\t\t\t\t\t\t\t\t<\/div>\n\t\t\t\t<\/div>\n\t\t\t\t\t<\/div>\n\t\t\t\t<\/div>\n\t\t\t\t<\/div>","protected":false},"excerpt":{"rendered":"<p>7 Ekim 15:00 ANITKAB\u0130R Ziyareti Limak Ambassador Otel\u2019den hareketZiyaret sonras\u0131 Limak Ambassador Otel\u2019e d\u00f6n\u00fc\u015f\u00a0 T\u00fcm kongre kat\u0131l\u0131mc\u0131lar\u0131 davetlimizdir. 8 veya [&hellip;]<\/p>\n","protected":false},"author":1,"featured_media":0,"parent":0,"menu_order":0,"comment_status":"closed","ping_status":"closed","template":"","meta":{"site-sidebar-layout":"no-sidebar","site-content-layout":"","ast-site-content-layout":"full-width-container","site-content-style":"default","site-sidebar-style":"default","ast-global-header-display":"","ast-banner-title-visibility":"","ast-main-header-display":"","ast-hfb-above-header-display":"","ast-hfb-below-header-display":"","ast-hfb-mobile-header-display":"","site-post-title":"","ast-breadcrumbs-content":"","ast-featured-img":"disabled","footer-sml-layout":"","theme-transparent-header-meta":"","adv-header-id-meta":"","stick-header-meta":"","header-above-stick-meta":"","header-main-stick-meta":"","header-below-stick-meta":"","astra-migrate-meta-layouts":"default","ast-page-background-enabled":"default","ast-page-background-meta":{"desktop":{"background-color":"var(--ast-global-color-4)","background-image":"","background-repeat":"repeat","background-position":"center center","background-size":"auto","background-attachment":"scroll","background-type":"","background-media":"","overlay-type":"","overlay-color":"","overlay-opacity":"","overlay-gradient":""},"tablet":{"background-color":"","background-image":"","background-repeat":"repeat","background-position":"center center","background-size":"auto","background-attachment":"scroll","background-type":"","background-media":"","overlay-type":"","overlay-color":"","overlay-opacity":"","overlay-gradient":""},"mobile":{"background-color":"","background-image":"","background-repeat":"repeat","background-position":"center center","background-size":"auto","background-attachment":"scroll","background-type":"","background-media":"","overlay-type":"","overlay-color":"","overlay-opacity":"","overlay-gradient":""}},"ast-content-background-meta":{"desktop":{"background-color":"var(--ast-global-color-5)","background-image":"","background-repeat":"repeat","background-position":"center center","background-size":"auto","background-attachment":"scroll","background-type":"","background-media":"","overlay-type":"","overlay-color":"","overlay-opacity":"","overlay-gradient":""},"tablet":{"background-color":"var(--ast-global-color-5)","background-image":"","background-repeat":"repeat","background-position":"center center","background-size":"auto","background-attachment":"scroll","background-type":"","background-media":"","overlay-type":"","overlay-color":"","overlay-opacity":"","overlay-gradient":""},"mobile":{"background-color":"var(--ast-global-color-5)","background-image":"","background-repeat":"repeat","background-position":"center center","background-size":"auto","background-attachment":"scroll","background-type":"","background-media":"","overlay-type":"","overlay-color":"","overlay-opacity":"","overlay-gradient":""}},"footnotes":""},"class_list":["post-1069","page","type-page","status-publish","hentry"],"_links":{"self":[{"href":"https:\/\/vetmik2026.org\/en\/wp-json\/wp\/v2\/pages\/1069","targetHints":{"allow":["GET"]}}],"collection":[{"href":"https:\/\/vetmik2026.org\/en\/wp-json\/wp\/v2\/pages"}],"about":[{"href":"https:\/\/vetmik2026.org\/en\/wp-json\/wp\/v2\/types\/page"}],"author":[{"embeddable":true,"href":"https:\/\/vetmik2026.org\/en\/wp-json\/wp\/v2\/users\/1"}],"replies":[{"embeddable":true,"href":"https:\/\/vetmik2026.org\/en\/wp-json\/wp\/v2\/comments?post=1069"}],"version-history":[{"count":7,"href":"https:\/\/vetmik2026.org\/en\/wp-json\/wp\/v2\/pages\/1069\/revisions"}],"predecessor-version":[{"id":1610,"href":"https:\/\/vetmik2026.org\/en\/wp-json\/wp\/v2\/pages\/1069\/revisions\/1610"}],"wp:attachment":[{"href":"https:\/\/vetmik2026.org\/en\/wp-json\/wp\/v2\/media?parent=1069"}],"curies":[{"name":"wp","href":"https:\/\/api.w.org\/{rel}","templated":true}]}}