{"id":1071,"date":"2025-08-12T11:39:35","date_gmt":"2025-08-12T11:39:35","guid":{"rendered":"https:\/\/vetmik2026.org\/?page_id=1071"},"modified":"2026-02-20T07:27:52","modified_gmt":"2026-02-20T07:27:52","slug":"bildiri-gonderim-kurallari","status":"publish","type":"page","link":"https:\/\/vetmik2026.org\/en\/bildiri-gonderim-kurallari\/","title":{"rendered":"Bildiri G\u00f6nderim Kurallar\u0131"},"content":{"rendered":"<div data-elementor-type=\"wp-page\" data-elementor-id=\"1071\" class=\"elementor elementor-1071\">\n\t\t\t\t<div class=\"elementor-element elementor-element-6aa836c9 e-flex e-con-boxed e-con e-parent\" data-id=\"6aa836c9\" data-element_type=\"container\" data-e-type=\"container\">\n\t\t\t\t\t<div class=\"e-con-inner\">\n\t\t\t\t<div class=\"elementor-element elementor-element-5c7b84dd elementor-widget elementor-widget-heading\" data-id=\"5c7b84dd\" data-element_type=\"widget\" data-e-type=\"widget\" data-widget_type=\"heading.default\">\n\t\t\t\t<div class=\"elementor-widget-container\">\n\t\t\t\t\t<h2 class=\"elementor-heading-title elementor-size-default\">Bildiri G\u00f6nderim Kurallar\u0131<\/h2>\t\t\t\t<\/div>\n\t\t\t\t<\/div>\n\t\t\t\t\t<\/div>\n\t\t\t\t<\/div>\n\t\t<div class=\"elementor-element elementor-element-85ea150 e-flex e-con-boxed e-con e-parent\" data-id=\"85ea150\" data-element_type=\"container\" data-e-type=\"container\">\n\t\t\t\t\t<div class=\"e-con-inner\">\n\t\t\t\t<div class=\"elementor-element elementor-element-09d6678 elementor-widget elementor-widget-text-editor\" data-id=\"09d6678\" data-element_type=\"widget\" data-e-type=\"widget\" data-widget_type=\"text-editor.default\">\n\t\t\t\t<div class=\"elementor-widget-container\">\n\t\t\t\t\t\t\t\t\t<p>Kongrede sunulacak \u00f6zetler deneysel \u00e7al\u0131\u015fma, klinik \u00e7al\u0131\u015fma ve \u00f6zg\u00fcn olgu sunumlar\u0131 \u015feklinde, bilimsel geli\u015fmeye katk\u0131da bulunabilecek \u00f6zellikte olmal\u0131 ve sonu\u00e7 mesaj\u0131 vermelidir.<\/p><p>Kongremizde tam metin g\u00f6nderim zorunlulu\u011fu bulunmamaktad\u0131r. Yaln\u0131zca \u00f6zet metniniz de bildiri kitab\u0131nda yay\u0131nlanabilir.<\/p><p>\u0130nternet \u00fczerinden g\u00f6nderilen \u00f6zetler ayn\u0131 \u015fekilde bas\u0131laca\u011f\u0131 i\u00e7in yaz\u0131m hatalar\u0131na dikkat edilmesi gerekir. Yaz\u0131m hatalar\u0131ndan yazarlar sorumludur.<\/p><p>Bildiriler S\u00f6zel ve Poster kategorilerinde kabul edilecektir. Programda yer ald\u0131\u011f\u0131 halde kongrede sunulmayan veya zaman\u0131nda teslim edilmeyen bildiriler yay\u0131nlanmayacakt\u0131r.<\/p><p>\u00d6zetler Bilimsel Dan\u0131\u015fma Kurulu taraf\u0131ndan de\u011ferlendirilerek, kabul veya red mektuplar\u0131 ve sunum bi\u00e7imi (s\u00f6zl\u00fc\/poster) 21 A\u011fustos 2026 tarihine kadar ba\u015fvuru sahiplerine iletilecektir.<\/p><p>Kongre kay\u0131t i\u015fleminin tamamlanmas\u0131 i\u00e7in Claros Tour organizasyon firmas\u0131na kay\u0131t talebinin bildirilmesi, kay\u0131t \u00fccretinin belirtilen banka hesap numaras\u0131na yat\u0131r\u0131lmas\u0131 gerekmektedir. Kay\u0131t hakk\u0131nda ayr\u0131nt\u0131l\u0131 bilgi i\u00e7in l\u00fctfen kongre sitemizin \u201cKay\u0131t&amp;Konaklama\u201d b\u00f6l\u00fcm\u00fcne bak\u0131n\u0131z.<\/p><p><strong>Yaz\u0131m Kurallar\u0131<\/strong><\/p><ul><li>Bildiriler online bildiri g\u00f6nderimi ile toplanacakt\u0131r.<\/li><li>BA\u015eLIK: T\u00fcm harfler b\u00fcy\u00fck. Alt Ba\u015fl\u0131k: K\u00fc\u00e7\u00fck<\/li><li>Anahtar Kelimeler: En az 3, en \u00e7ok 6 kelime olmal\u0131d\u0131r.<\/li><li>Yazar isimlerinde akademik unvan kullan\u0131lmamal\u0131d\u0131r.<\/li><li>\u0130simler sadece ilk harf b\u00fcy\u00fck olacak \u015fekilde k\u00fc\u00e7\u00fck harflerle yaz\u0131lmal\u0131d\u0131r. Soy isimler tamam\u0131 b\u00fcy\u00fck harfle yaz\u0131lacakt\u0131r. \u00d6rn: U\u011fur PARIN. Sunumu yapacak ki\u015finin ismi, sistem \u00fczerinden belirtilmelidir.<\/li><li>Yazarlar\u0131n \u00e7al\u0131\u015ft\u0131klar\u0131 kurumlar\u0131n ad ve adresleri mutlaka belirtilmelidir. \u00d6rn: Xxxx \u00dcniversitesi Veteriner Fak\u00fcltesi, Xxxx Ana Bilim Dal\u0131, Ayd\u0131n<\/li><li>Varsa, yazar\u0131n ORCID ID ve telefon numaras\u0131 belirtilmelidir.<\/li><li>\u00d6zet ba\u015fl\u0131\u011f\u0131n\u0131n sadece ilk harfi b\u00fcy\u00fck yaz\u0131lmal\u0131d\u0131r (K\u0131saltmalar istisnad\u0131r.)<\/li><li>Ba\u015fl\u0131k a\u00e7\u0131klay\u0131c\u0131 ve anla\u015f\u0131l\u0131r olmal\u0131 ve tercihen 30 kelimeyi a\u015fmamal\u0131d\u0131r.<\/li><li>Metin i\u00e7inde uluslararas\u0131 standart k\u0131saltmalar kullan\u0131labilir. \u00d6zel bir k\u0131saltma varsa, ilk kullan\u0131ld\u0131\u011f\u0131 yerde parantez a\u00e7\u0131larak k\u0131saltman\u0131n tam a\u00e7\u0131l\u0131m\u0131 yaz\u0131lmal\u0131d\u0131r.<\/li><li>Bildiride \u00e7al\u0131\u015fman\u0131n amac\u0131 ve kullan\u0131lan y\u00f6ntemler k\u0131saca belirtilmeli, bulgular yeterli say\u0131sal ayr\u0131nt\u0131yla birlikte \u00f6zetlenmeli ve sunulan bulgular \u00e7er\u00e7evesinde sonu\u00e7 a\u00e7\u0131klanmal\u0131d\u0131r.<\/li><li>Tam metin bildiriler; \u201c\u00d6zet, Abstract, Giri\u015f, Materyal ve Metod, Bulgular, Tart\u0131\u015fma, Sonu\u00e7 ve \u00d6neriler ve Kaynak\u00e7a\u201d k\u0131s\u0131mlar\u0131 ayr\u0131 ba\u015fl\u0131klar alt\u0131nda yaz\u0131lmal\u0131d\u0131r. Anahtar kelimeler (Keywords) ise tam metninin alt\u0131nda en az 3, en fazla 6 kelime olacak \u015fekilde yaz\u0131lmal\u0131d\u0131r.<\/li><li>At\u0131f Bi\u00e7imi: APA format\u0131nda at\u0131f bi\u00e7imi kullan\u0131labilinir.<\/li><li>Bildiriler, bildiri sistemi kullan\u0131larak online olarak T\u00dcRK\u00c7E ve \u0130NG\u0130L\u0130ZCE g\u00f6nderilmelidir.<\/li><li>\u00d6zetin tamam\u0131, ba\u015fl\u0131k ad\u0131, yazar\u0131n ad\u0131, soyad\u0131, anahtar kelimeler hari\u00e7 olmak \u00fczere 300 kelimeyi ge\u00e7memelidir.<\/li><li>Tam Metinler i\u00e7in, en az 3 sayfa olmal\u0131d\u0131r. \u00dcst s\u0131n\u0131r bulunmamaktad\u0131r.<\/li><li>Bildiri g\u00f6ndermede kullan\u0131lan yaz\u0131 karakteri sistem taraf\u0131ndan otomatik olarak t\u00fcm bildiriler i\u00e7in standartla\u015ft\u0131r\u0131lm\u0131\u015f olup farkl\u0131 yaz\u0131 karakterleri kullanmak m\u00fcmk\u00fcn de\u011fildir.<\/li><li>G\u00f6nderilen bildiriler referans ve referans numaras\u0131 i\u00e7ermemelidir.<\/li><li>Bildirinizi g\u00f6ndermeden \u00f6nce bildirinizin son kontrol\u00fcn\u00fc dikkatle yapman\u0131z \u00f6nerilir. Online bildiri mod\u00fcl\u00fc \u00fczerinden g\u00f6nderilen bildiriler ayn\u0131 \u015fekilde dijital kitap haline getirilece\u011fi i\u00e7in yaz\u0131m hatalar\u0131na dikkat edilmesi gerekmektedir. T\u00fcm yaz\u0131m hatalar\u0131ndan yazarlar sorumludur.<\/li><li>Bildiri g\u00f6nderiminizi tamamlad\u0131ktan sonra, ba\u015far\u0131l\u0131 g\u00f6nderiminizi onaylayan otomatik bir e-posta g\u00f6nderilecektir. Bu onay e-postas\u0131n\u0131 almazsan\u0131z, l\u00fctfen vetmik2026.org adresinden Kongre Sekreterli\u011fi ile ileti\u015fime ge\u00e7iniz.<\/li><li>Bildirilerin sunulabilmesi ve kongre bildiri kitap\u00e7\u0131\u011f\u0131nda yer alabilmesi i\u00e7in sunucu yazar\u0131n kongre kay\u0131t i\u015flemlerinin tamamlanm\u0131\u015f olmas\u0131 gerekmektedir.<\/li><\/ul><p>Bu maddelerden herhangi birine uymayan bildiri \u00f6zeti, i\u00e7eri\u011fine bak\u0131lmaks\u0131z\u0131n de\u011ferlendirme d\u0131\u015f\u0131 b\u0131rak\u0131lacakt\u0131r.<\/p><p><strong>Bildirilerin De\u011ferlendirilmesi<\/strong><\/p><p>\u00bb De\u011ferlendirme, internet \u00fczerinden ara\u015ft\u0131rmac\u0131lar\u0131n ad\/soyad\u0131 ve kurumlar\u0131 gizli tutularak, bildiri de\u011ferlendirme kurulundaki hakemler taraf\u0131ndan \u00e7ift y\u00f6nl\u00fc k\u00f6rleme de\u011ferlendirme olarak yap\u0131lacakt\u0131r.<\/p><p>\u00bb Bilimsel Kurul, bildirileri s\u00f6zel veya poster sunum olarak de\u011fi\u015ftirme ve karar verme hakk\u0131na sahiptir. De\u011ferlendirme sonucu t\u00fcm bildiri sahiplerine sonu\u00e7 yaz\u0131s\u0131 olarak g\u00f6nderilecek olup, bildiri sahiplerinin sunumlar\u0131n\u0131n nas\u0131l olaca\u011f\u0131 konusunda nihai karara dikkat etmelerini \u00f6nemle belirtiriz.<\/p>\t\t\t\t\t\t\t\t<\/div>\n\t\t\t\t<\/div>\n\t\t\t\t\t<\/div>\n\t\t\t\t<\/div>\n\t\t\t\t<\/div>","protected":false},"excerpt":{"rendered":"<p>Kongrede sunulacak \u00f6zetler deneysel \u00e7al\u0131\u015fma, klinik \u00e7al\u0131\u015fma ve \u00f6zg\u00fcn olgu sunumlar\u0131 \u015feklinde, bilimsel geli\u015fmeye katk\u0131da bulunabilecek \u00f6zellikte olmal\u0131 ve sonu\u00e7 [&hellip;]<\/p>\n","protected":false},"author":1,"featured_media":0,"parent":0,"menu_order":0,"comment_status":"closed","ping_status":"closed","template":"","meta":{"site-sidebar-layout":"no-sidebar","site-content-layout":"","ast-site-content-layout":"full-width-container","site-content-style":"default","site-sidebar-style":"default","ast-global-header-display":"","ast-banner-title-visibility":"","ast-main-header-display":"","ast-hfb-above-header-display":"","ast-hfb-below-header-display":"","ast-hfb-mobile-header-display":"","site-post-title":"","ast-breadcrumbs-content":"","ast-featured-img":"disabled","footer-sml-layout":"","theme-transparent-header-meta":"","adv-header-id-meta":"","stick-header-meta":"","header-above-stick-meta":"","header-main-stick-meta":"","header-below-stick-meta":"","astra-migrate-meta-layouts":"default","ast-page-background-enabled":"default","ast-page-background-meta":{"desktop":{"background-color":"var(--ast-global-color-4)","background-image":"","background-repeat":"repeat","background-position":"center center","background-size":"auto","background-attachment":"scroll","background-type":"","background-media":"","overlay-type":"","overlay-color":"","overlay-opacity":"","overlay-gradient":""},"tablet":{"background-color":"","background-image":"","background-repeat":"repeat","background-position":"center center","background-size":"auto","background-attachment":"scroll","background-type":"","background-media":"","overlay-type":"","overlay-color":"","overlay-opacity":"","overlay-gradient":""},"mobile":{"background-color":"","background-image":"","background-repeat":"repeat","background-position":"center center","background-size":"auto","background-attachment":"scroll","background-type":"","background-media":"","overlay-type":"","overlay-color":"","overlay-opacity":"","overlay-gradient":""}},"ast-content-background-meta":{"desktop":{"background-color":"var(--ast-global-color-5)","background-image":"","background-repeat":"repeat","background-position":"center center","background-size":"auto","background-attachment":"scroll","background-type":"","background-media":"","overlay-type":"","overlay-color":"","overlay-opacity":"","overlay-gradient":""},"tablet":{"background-color":"var(--ast-global-color-5)","background-image":"","background-repeat":"repeat","background-position":"center center","background-size":"auto","background-attachment":"scroll","background-type":"","background-media":"","overlay-type":"","overlay-color":"","overlay-opacity":"","overlay-gradient":""},"mobile":{"background-color":"var(--ast-global-color-5)","background-image":"","background-repeat":"repeat","background-position":"center center","background-size":"auto","background-attachment":"scroll","background-type":"","background-media":"","overlay-type":"","overlay-color":"","overlay-opacity":"","overlay-gradient":""}},"footnotes":""},"class_list":["post-1071","page","type-page","status-publish","hentry"],"_links":{"self":[{"href":"https:\/\/vetmik2026.org\/en\/wp-json\/wp\/v2\/pages\/1071","targetHints":{"allow":["GET"]}}],"collection":[{"href":"https:\/\/vetmik2026.org\/en\/wp-json\/wp\/v2\/pages"}],"about":[{"href":"https:\/\/vetmik2026.org\/en\/wp-json\/wp\/v2\/types\/page"}],"author":[{"embeddable":true,"href":"https:\/\/vetmik2026.org\/en\/wp-json\/wp\/v2\/users\/1"}],"replies":[{"embeddable":true,"href":"https:\/\/vetmik2026.org\/en\/wp-json\/wp\/v2\/comments?post=1071"}],"version-history":[{"count":10,"href":"https:\/\/vetmik2026.org\/en\/wp-json\/wp\/v2\/pages\/1071\/revisions"}],"predecessor-version":[{"id":1571,"href":"https:\/\/vetmik2026.org\/en\/wp-json\/wp\/v2\/pages\/1071\/revisions\/1571"}],"wp:attachment":[{"href":"https:\/\/vetmik2026.org\/en\/wp-json\/wp\/v2\/media?parent=1071"}],"curies":[{"name":"wp","href":"https:\/\/api.w.org\/{rel}","templated":true}]}}