{"id":1072,"date":"2025-08-12T11:39:35","date_gmt":"2025-08-12T11:39:35","guid":{"rendered":"https:\/\/vetmik2026.org\/?page_id=1072"},"modified":"2025-09-23T11:59:31","modified_gmt":"2025-09-23T11:59:31","slug":"sunum-kurallari","status":"publish","type":"page","link":"https:\/\/vetmik2026.org\/en\/sunum-kurallari\/","title":{"rendered":"Sunum Kurallar\u0131"},"content":{"rendered":"<div data-elementor-type=\"wp-page\" data-elementor-id=\"1072\" class=\"elementor elementor-1072\">\n\t\t\t\t<div class=\"elementor-element elementor-element-68465f8b e-flex e-con-boxed e-con e-parent\" data-id=\"68465f8b\" data-element_type=\"container\" data-e-type=\"container\">\n\t\t\t\t\t<div class=\"e-con-inner\">\n\t\t\t\t<div class=\"elementor-element elementor-element-d6de9db elementor-widget elementor-widget-heading\" data-id=\"d6de9db\" data-element_type=\"widget\" data-e-type=\"widget\" data-widget_type=\"heading.default\">\n\t\t\t\t<div class=\"elementor-widget-container\">\n\t\t\t\t\t<h2 class=\"elementor-heading-title elementor-size-default\">Sunum Kurallar\u0131<\/h2>\t\t\t\t<\/div>\n\t\t\t\t<\/div>\n\t\t\t\t\t<\/div>\n\t\t\t\t<\/div>\n\t\t<div class=\"elementor-element elementor-element-5c2fae2 e-flex e-con-boxed e-con e-parent\" data-id=\"5c2fae2\" data-element_type=\"container\" data-e-type=\"container\">\n\t\t\t\t\t<div class=\"e-con-inner\">\n\t\t\t\t<div class=\"elementor-element elementor-element-de94b9d elementor-widget elementor-widget-text-editor\" data-id=\"de94b9d\" data-element_type=\"widget\" data-e-type=\"widget\" data-widget_type=\"text-editor.default\">\n\t\t\t\t<div class=\"elementor-widget-container\">\n\t\t\t\t\t\t\t\t\t<p><strong>S\u00f6zl\u00fc Sunum Kurallar\u0131<\/strong><\/p><ul><li>S\u00f6zl\u00fc sunumlar T\u00fcrk\u00e7e veya \u0130ngilizce olarak yap\u0131labilecektir.<\/li><li>S\u00f6zl\u00fc sunumlar kongre boyunca programda belirtilen g\u00fcn ve saatlerde yap\u0131lacakt\u0131r.<\/li><li>S\u00f6zl\u00fc sunum s\u00fcresi tart\u0131\u015fma dahil 10 dakikad\u0131r.<\/li><li>S\u00f6zl\u00fc sunum yapacak olan kat\u0131l\u0131mc\u0131lar belirtilen salon ve oturumlarda bildirilerini sunacakt\u0131r.<\/li><li>S\u00f6zel sunum, Office 2016 veya \u00fcst\u00fc yaz\u0131l\u0131mlarla \u201cpower point\u201d program\u0131 ile haz\u0131rlanabilecektir.\u00a0<\/li><li>Salonlarda her t\u00fcrl\u00fc teknik donan\u0131m bulunacakt\u0131r.<\/li><\/ul><p><strong>E-Poster Sunum Kurallar\u0131<\/strong><\/p><ul><li>Poster bildiriler, E-Poster olarak yay\u0131nlanacakt\u0131r.<\/li><li>E-Posterler, dikey formatta PPT dosyas\u0131 (80 cm x 100 cm) olarak tek sayfa halinde haz\u0131rlanmal\u0131, hem JPEG ve hem de PDF format\u0131nda kaydedilmelidir. Her iki format\u0131nda haz\u0131rlanmas\u0131 poster bildirilerin okunabilirli\u011fi a\u00e7\u0131s\u0131ndan \u00f6nemlidir.<\/li><li>E-posterlerde kullan\u0131lacak resimlerin \u00e7\u00f6z\u00fcn\u00fcrl\u00fc\u011f\u00fcn\u00fcn en az 300 dpi olmas\u0131 istenmektedir.<\/li><\/ul><p>E-posterler Powerpoint sunusu, JPEG ve PDF formatlar\u0131nda en ge\u00e7 21 A\u011fustos 2026 tarihine kadar <a href=\"mailto:vetmik2026@gmail.com\">vetmik2026@gmail.com<\/a>\u00a0e-posta adresine iletilmelidir.<\/p>\t\t\t\t\t\t\t\t<\/div>\n\t\t\t\t<\/div>\n\t\t\t\t\t<\/div>\n\t\t\t\t<\/div>\n\t\t\t\t<\/div>","protected":false},"excerpt":{"rendered":"<p>S\u00f6zl\u00fc Sunum Kurallar\u0131 S\u00f6zl\u00fc sunumlar T\u00fcrk\u00e7e veya \u0130ngilizce olarak yap\u0131labilecektir. S\u00f6zl\u00fc sunumlar kongre boyunca programda belirtilen g\u00fcn ve saatlerde yap\u0131lacakt\u0131r. [&hellip;]<\/p>\n","protected":false},"author":1,"featured_media":0,"parent":0,"menu_order":0,"comment_status":"closed","ping_status":"closed","template":"","meta":{"site-sidebar-layout":"no-sidebar","site-content-layout":"","ast-site-content-layout":"full-width-container","site-content-style":"default","site-sidebar-style":"default","ast-global-header-display":"","ast-banner-title-visibility":"","ast-main-header-display":"","ast-hfb-above-header-display":"","ast-hfb-below-header-display":"","ast-hfb-mobile-header-display":"","site-post-title":"","ast-breadcrumbs-content":"","ast-featured-img":"disabled","footer-sml-layout":"","theme-transparent-header-meta":"","adv-header-id-meta":"","stick-header-meta":"","header-above-stick-meta":"","header-main-stick-meta":"","header-below-stick-meta":"","astra-migrate-meta-layouts":"default","ast-page-background-enabled":"default","ast-page-background-meta":{"desktop":{"background-color":"var(--ast-global-color-4)","background-image":"","background-repeat":"repeat","background-position":"center center","background-size":"auto","background-attachment":"scroll","background-type":"","background-media":"","overlay-type":"","overlay-color":"","overlay-opacity":"","overlay-gradient":""},"tablet":{"background-color":"","background-image":"","background-repeat":"repeat","background-position":"center center","background-size":"auto","background-attachment":"scroll","background-type":"","background-media":"","overlay-type":"","overlay-color":"","overlay-opacity":"","overlay-gradient":""},"mobile":{"background-color":"","background-image":"","background-repeat":"repeat","background-position":"center center","background-size":"auto","background-attachment":"scroll","background-type":"","background-media":"","overlay-type":"","overlay-color":"","overlay-opacity":"","overlay-gradient":""}},"ast-content-background-meta":{"desktop":{"background-color":"var(--ast-global-color-5)","background-image":"","background-repeat":"repeat","background-position":"center center","background-size":"auto","background-attachment":"scroll","background-type":"","background-media":"","overlay-type":"","overlay-color":"","overlay-opacity":"","overlay-gradient":""},"tablet":{"background-color":"var(--ast-global-color-5)","background-image":"","background-repeat":"repeat","background-position":"center center","background-size":"auto","background-attachment":"scroll","background-type":"","background-media":"","overlay-type":"","overlay-color":"","overlay-opacity":"","overlay-gradient":""},"mobile":{"background-color":"var(--ast-global-color-5)","background-image":"","background-repeat":"repeat","background-position":"center center","background-size":"auto","background-attachment":"scroll","background-type":"","background-media":"","overlay-type":"","overlay-color":"","overlay-opacity":"","overlay-gradient":""}},"footnotes":""},"class_list":["post-1072","page","type-page","status-publish","hentry"],"_links":{"self":[{"href":"https:\/\/vetmik2026.org\/en\/wp-json\/wp\/v2\/pages\/1072","targetHints":{"allow":["GET"]}}],"collection":[{"href":"https:\/\/vetmik2026.org\/en\/wp-json\/wp\/v2\/pages"}],"about":[{"href":"https:\/\/vetmik2026.org\/en\/wp-json\/wp\/v2\/types\/page"}],"author":[{"embeddable":true,"href":"https:\/\/vetmik2026.org\/en\/wp-json\/wp\/v2\/users\/1"}],"replies":[{"embeddable":true,"href":"https:\/\/vetmik2026.org\/en\/wp-json\/wp\/v2\/comments?post=1072"}],"version-history":[{"count":10,"href":"https:\/\/vetmik2026.org\/en\/wp-json\/wp\/v2\/pages\/1072\/revisions"}],"predecessor-version":[{"id":1424,"href":"https:\/\/vetmik2026.org\/en\/wp-json\/wp\/v2\/pages\/1072\/revisions\/1424"}],"wp:attachment":[{"href":"https:\/\/vetmik2026.org\/en\/wp-json\/wp\/v2\/media?parent=1072"}],"curies":[{"name":"wp","href":"https:\/\/api.w.org\/{rel}","templated":true}]}}