{"id":1073,"date":"2025-08-12T11:39:35","date_gmt":"2025-08-12T11:39:35","guid":{"rendered":"https:\/\/vetmik2026.org\/?page_id=1073"},"modified":"2025-09-24T10:11:52","modified_gmt":"2025-09-24T10:11:52","slug":"kongre-bilgileri","status":"publish","type":"page","link":"https:\/\/vetmik2026.org\/en\/kongre-bilgileri\/","title":{"rendered":"Kongre Bilgileri"},"content":{"rendered":"<div data-elementor-type=\"wp-page\" data-elementor-id=\"1073\" class=\"elementor elementor-1073\">\n\t\t\t\t<div class=\"elementor-element elementor-element-642efb2f e-flex e-con-boxed e-con e-parent\" data-id=\"642efb2f\" data-element_type=\"container\" data-e-type=\"container\">\n\t\t\t\t\t<div class=\"e-con-inner\">\n\t\t\t\t<div class=\"elementor-element elementor-element-1637b3c6 elementor-widget elementor-widget-heading\" data-id=\"1637b3c6\" data-element_type=\"widget\" data-e-type=\"widget\" data-widget_type=\"heading.default\">\n\t\t\t\t<div class=\"elementor-widget-container\">\n\t\t\t\t\t<h2 class=\"elementor-heading-title elementor-size-default\">Kongre Bilgileri<\/h2>\t\t\t\t<\/div>\n\t\t\t\t<\/div>\n\t\t\t\t<div class=\"elementor-element elementor-element-27dba2f gallery-spacing-custom elementor-widget elementor-widget-image-gallery\" data-id=\"27dba2f\" data-element_type=\"widget\" data-e-type=\"widget\" data-widget_type=\"image-gallery.default\">\n\t\t\t\t<div class=\"elementor-widget-container\">\n\t\t\t\t\t\t\t<div class=\"elementor-image-gallery\">\n\t\t\t<div id='gallery-1' class='gallery galleryid-1073 gallery-columns-4 gallery-size-thumbnail'><figure class='gallery-item'>\n\t\t\t<div class='gallery-icon portrait'>\n\t\t\t\t<a data-elementor-open-lightbox=\"yes\" data-elementor-lightbox-slideshow=\"27dba2f\" data-elementor-lightbox-title=\"Dis Cephe\" data-e-action-hash=\"#elementor-action%3Aaction%3Dlightbox%26settings%3DeyJpZCI6MTQxMywidXJsIjoiaHR0cHM6XC9cL3ZldG1pazIwMjYub3JnXC93cC1jb250ZW50XC91cGxvYWRzXC8yMDI1XC8wOVwvRGlzLUNlcGhlLmpwZyIsInNsaWRlc2hvdyI6IjI3ZGJhMmYifQ%3D%3D\" href='https:\/\/vetmik2026.org\/wp-content\/uploads\/2025\/09\/Dis-Cephe.jpg'><img decoding=\"async\" width=\"150\" height=\"150\" src=\"https:\/\/vetmik2026.org\/wp-content\/uploads\/2025\/09\/Dis-Cephe-150x150.jpg\" class=\"attachment-thumbnail size-thumbnail\" alt=\"\" \/><\/a>\n\t\t\t<\/div><\/figure><figure class='gallery-item'>\n\t\t\t<div class='gallery-icon landscape'>\n\t\t\t\t<a data-elementor-open-lightbox=\"yes\" data-elementor-lightbox-slideshow=\"27dba2f\" data-elementor-lightbox-title=\"Resepsiyon\" data-e-action-hash=\"#elementor-action%3Aaction%3Dlightbox%26settings%3DeyJpZCI6MTQxNiwidXJsIjoiaHR0cHM6XC9cL3ZldG1pazIwMjYub3JnXC93cC1jb250ZW50XC91cGxvYWRzXC8yMDI1XC8wOVwvUmVzZXBzaXlvbi5qcGciLCJzbGlkZXNob3ciOiIyN2RiYTJmIn0%3D\" href='https:\/\/vetmik2026.org\/wp-content\/uploads\/2025\/09\/Resepsiyon.jpg'><img decoding=\"async\" width=\"150\" height=\"150\" src=\"https:\/\/vetmik2026.org\/wp-content\/uploads\/2025\/09\/Resepsiyon-150x150.jpg\" class=\"attachment-thumbnail size-thumbnail\" alt=\"\" \/><\/a>\n\t\t\t<\/div><\/figure><figure class='gallery-item'>\n\t\t\t<div class='gallery-icon landscape'>\n\t\t\t\t<a data-elementor-open-lightbox=\"yes\" data-elementor-lightbox-slideshow=\"27dba2f\" data-elementor-lightbox-title=\"Cafe fiori\" data-e-action-hash=\"#elementor-action%3Aaction%3Dlightbox%26settings%3DeyJpZCI6MTQxMiwidXJsIjoiaHR0cHM6XC9cL3ZldG1pazIwMjYub3JnXC93cC1jb250ZW50XC91cGxvYWRzXC8yMDI1XC8wOVwvQ2FmZS1maW9yaS5qcGciLCJzbGlkZXNob3ciOiIyN2RiYTJmIn0%3D\" href='https:\/\/vetmik2026.org\/wp-content\/uploads\/2025\/09\/Cafe-fiori.jpg'><img decoding=\"async\" width=\"150\" height=\"150\" src=\"https:\/\/vetmik2026.org\/wp-content\/uploads\/2025\/09\/Cafe-fiori-150x150.jpg\" class=\"attachment-thumbnail size-thumbnail\" alt=\"\" \/><\/a>\n\t\t\t<\/div><\/figure><figure class='gallery-item'>\n\t\t\t<div class='gallery-icon landscape'>\n\t\t\t\t<a data-elementor-open-lightbox=\"yes\" data-elementor-lightbox-slideshow=\"27dba2f\" data-elementor-lightbox-title=\"Oda2\" data-e-action-hash=\"#elementor-action%3Aaction%3Dlightbox%26settings%3DeyJpZCI6MTQxNSwidXJsIjoiaHR0cHM6XC9cL3ZldG1pazIwMjYub3JnXC93cC1jb250ZW50XC91cGxvYWRzXC8yMDI1XC8wOVwvT2RhMi5qcGciLCJzbGlkZXNob3ciOiIyN2RiYTJmIn0%3D\" href='https:\/\/vetmik2026.org\/wp-content\/uploads\/2025\/09\/Oda2.jpg'><img loading=\"lazy\" decoding=\"async\" width=\"150\" height=\"150\" src=\"https:\/\/vetmik2026.org\/wp-content\/uploads\/2025\/09\/Oda2-150x150.jpg\" class=\"attachment-thumbnail size-thumbnail\" alt=\"\" \/><\/a>\n\t\t\t<\/div><\/figure><figure class='gallery-item'>\n\t\t\t<div class='gallery-icon landscape'>\n\t\t\t\t<a data-elementor-open-lightbox=\"yes\" data-elementor-lightbox-slideshow=\"27dba2f\" data-elementor-lightbox-title=\"Oda1\" data-e-action-hash=\"#elementor-action%3Aaction%3Dlightbox%26settings%3DeyJpZCI6MTQxNCwidXJsIjoiaHR0cHM6XC9cL3ZldG1pazIwMjYub3JnXC93cC1jb250ZW50XC91cGxvYWRzXC8yMDI1XC8wOVwvT2RhMS5qcGciLCJzbGlkZXNob3ciOiIyN2RiYTJmIn0%3D\" href='https:\/\/vetmik2026.org\/wp-content\/uploads\/2025\/09\/Oda1.jpg'><img loading=\"lazy\" decoding=\"async\" width=\"150\" height=\"150\" src=\"https:\/\/vetmik2026.org\/wp-content\/uploads\/2025\/09\/Oda1-150x150.jpg\" class=\"attachment-thumbnail size-thumbnail\" alt=\"\" \/><\/a>\n\t\t\t<\/div><\/figure><figure class='gallery-item'>\n\t\t\t<div class='gallery-icon landscape'>\n\t\t\t\t<a data-elementor-open-lightbox=\"yes\" data-elementor-lightbox-slideshow=\"27dba2f\" data-elementor-lightbox-title=\"spa\" data-e-action-hash=\"#elementor-action%3Aaction%3Dlightbox%26settings%3DeyJpZCI6MTQxNywidXJsIjoiaHR0cHM6XC9cL3ZldG1pazIwMjYub3JnXC93cC1jb250ZW50XC91cGxvYWRzXC8yMDI1XC8wOVwvc3BhLmpwZyIsInNsaWRlc2hvdyI6IjI3ZGJhMmYifQ%3D%3D\" href='https:\/\/vetmik2026.org\/wp-content\/uploads\/2025\/09\/spa.jpg'><img loading=\"lazy\" decoding=\"async\" width=\"150\" height=\"150\" src=\"https:\/\/vetmik2026.org\/wp-content\/uploads\/2025\/09\/spa-150x150.jpg\" class=\"attachment-thumbnail size-thumbnail\" alt=\"\" \/><\/a>\n\t\t\t<\/div><\/figure><figure class='gallery-item'>\n\t\t\t<div class='gallery-icon landscape'>\n\t\t\t\t<a data-elementor-open-lightbox=\"yes\" data-elementor-lightbox-slideshow=\"27dba2f\" data-elementor-lightbox-title=\"Arcadia salonu\" data-e-action-hash=\"#elementor-action%3Aaction%3Dlightbox%26settings%3DeyJpZCI6MTQxMSwidXJsIjoiaHR0cHM6XC9cL3ZldG1pazIwMjYub3JnXC93cC1jb250ZW50XC91cGxvYWRzXC8yMDI1XC8wOVwvQXJjYWRpYS1zYWxvbnUuanBnIiwic2xpZGVzaG93IjoiMjdkYmEyZiJ9\" href='https:\/\/vetmik2026.org\/wp-content\/uploads\/2025\/09\/Arcadia-salonu.jpg'><img loading=\"lazy\" decoding=\"async\" width=\"150\" height=\"150\" src=\"https:\/\/vetmik2026.org\/wp-content\/uploads\/2025\/09\/Arcadia-salonu-150x150.jpg\" class=\"attachment-thumbnail size-thumbnail\" alt=\"\" \/><\/a>\n\t\t\t<\/div><\/figure><figure class='gallery-item'>\n\t\t\t<div class='gallery-icon landscape'>\n\t\t\t\t<a data-elementor-open-lightbox=\"yes\" data-elementor-lightbox-slideshow=\"27dba2f\" data-elementor-lightbox-title=\"Arcadia fuaye\" data-e-action-hash=\"#elementor-action%3Aaction%3Dlightbox%26settings%3DeyJpZCI6MTQxMCwidXJsIjoiaHR0cHM6XC9cL3ZldG1pazIwMjYub3JnXC93cC1jb250ZW50XC91cGxvYWRzXC8yMDI1XC8wOVwvQXJjYWRpYS1mdWF5ZS5qcGciLCJzbGlkZXNob3ciOiIyN2RiYTJmIn0%3D\" href='https:\/\/vetmik2026.org\/wp-content\/uploads\/2025\/09\/Arcadia-fuaye.jpg'><img loading=\"lazy\" decoding=\"async\" width=\"150\" height=\"150\" src=\"https:\/\/vetmik2026.org\/wp-content\/uploads\/2025\/09\/Arcadia-fuaye-150x150.jpg\" class=\"attachment-thumbnail size-thumbnail\" alt=\"\" \/><\/a>\n\t\t\t<\/div><\/figure>\n\t\t<\/div>\n\t\t<\/div>\n\t\t\t\t\t\t<\/div>\n\t\t\t\t<\/div>\n\t\t\t\t\t<\/div>\n\t\t\t\t<\/div>\n\t\t<div class=\"elementor-element elementor-element-b3b45a4 e-flex e-con-boxed e-con e-parent\" data-id=\"b3b45a4\" data-element_type=\"container\" data-e-type=\"container\">\n\t\t\t\t\t<div class=\"e-con-inner\">\n\t\t\t\t<div class=\"elementor-element elementor-element-0bb5f26 elementor-widget elementor-widget-text-editor\" data-id=\"0bb5f26\" data-element_type=\"widget\" data-e-type=\"widget\" data-widget_type=\"text-editor.default\">\n\t\t\t\t<div class=\"elementor-widget-container\">\n\t\t\t\t\t\t\t\t\t<p>\u00a0<\/p><p><span style=\"text-decoration: underline;\">Kongre Oteli:<\/span> <strong>17. Ulusal Veteriner Hekimleri Mikrobiyoloji Kongresi<\/strong> <strong>06-08 Ekim 2026<\/strong> tarihleri aras\u0131nda <strong>Limak Ambassador Hotel, Ankara<\/strong>\u2019da d\u00fczenlenecektir.<\/p><p><span style=\"text-decoration: underline;\">Kongrenin Dili:<\/span> Kongre\u2019nin resmi dili T\u00fcrk\u00e7e ve \u0130ngilizce\u2019dir.<\/p><p><span style=\"text-decoration: underline;\">\u00d6nemli Tarihler:<\/span> \u00a0\u00a0\u00a0\u00a0\u00a0\u00a0\u00a0\u00a0\u00a0\u00a0 Bildiri Son G\u00f6nderim Tarihi: 21 A\u011fustos 2026<\/p><p>\u00a0\u00a0\u00a0\u00a0\u00a0\u00a0\u00a0\u00a0\u00a0\u00a0\u00a0\u00a0\u00a0\u00a0\u00a0\u00a0\u00a0\u00a0\u00a0\u00a0\u00a0\u00a0\u00a0\u00a0\u00a0\u00a0\u00a0\u00a0\u00a0\u00a0\u00a0\u00a0\u00a0\u00a0\u00a0\u00a0\u00a0\u00a0\u00a0\u00a0\u00a0 Kay\u0131t Son Tarih: 16 Eyl\u00fcl 2026<\/p><p>\u00a0\u00a0\u00a0\u00a0\u00a0\u00a0\u00a0\u00a0\u00a0\u00a0\u00a0\u00a0\u00a0\u00a0\u00a0\u00a0\u00a0\u00a0\u00a0\u00a0\u00a0\u00a0\u00a0\u00a0\u00a0\u00a0\u00a0\u00a0\u00a0\u00a0\u00a0\u00a0\u00a0\u00a0\u00a0\u00a0\u00a0\u00a0\u00a0\u00a0\u00a0 Kongre Tarihi: \u00a0 06-08 Ekim 2026<\/p><p><span style=\"text-decoration: underline;\">Kat\u0131l\u0131m Sertifikas\u0131:<\/span> Kongreye kay\u0131t yapt\u0131ran t\u00fcm kat\u0131l\u0131mc\u0131lara kat\u0131l\u0131m sertifikas\u0131 verilecektir.<\/p><p><span style=\"text-decoration: underline;\">Davet Mektubu:<\/span> Kayd\u0131n\u0131 tamamlam\u0131\u015f olan kat\u0131l\u0131mc\u0131lara, kongreye kat\u0131l\u0131mlar\u0131n\u0131 kolayla\u015ft\u0131rmak amac\u0131yla, talep edilmesi halinde davet mektubu g\u00f6nderilecektir. Bu mektup yaln\u0131zca kat\u0131l\u0131mc\u0131lar\u0131n ba\u011fl\u0131 bulundu\u011fu kurumdan izin alabilmesine yard\u0131mc\u0131 olmak amac\u0131 ile haz\u0131rlanmakta olup, kat\u0131l\u0131mc\u0131ya hi\u00e7bir maddi destek sa\u011flamamaktad\u0131r.<\/p><p>Sunumlar\u0131n\u0131z s\u0131ras\u0131nda zorluk ya\u015famaman\u0131z i\u00e7in ta\u015f\u0131nabilir belleklerinizi Microsoft Office alt\u0131nda \u00e7al\u0131\u015fan programlarda haz\u0131rlaman\u0131z ve yedeklerini yan\u0131n\u0131zda bulundurman\u0131z gerekmektedir. Sunumunuzdan \u00f6nce mutlaka ta\u015f\u0131nabilir belleklerinizi herhangi bir aksakl\u0131k ya\u015fanmamas\u0131 i\u00e7in teknik masada kontrol etmeniz rica olunur. Ki\u015fisel bilgisayarlardan sunum yap\u0131lmak istenildi\u011fi taktirde salon i\u00e7inde bulunan teknik masaya\u00a0<strong>\u00f6nceden<\/strong>\u00a0bilgi verilmesi gerekmektedir.<\/p>\t\t\t\t\t\t\t\t<\/div>\n\t\t\t\t<\/div>\n\t\t\t\t\t<\/div>\n\t\t\t\t<\/div>\n\t\t\t\t<\/div>","protected":false},"excerpt":{"rendered":"<p>\u00a0 Kongre Oteli: 17. Ulusal Veteriner Hekimleri Mikrobiyoloji Kongresi 06-08 Ekim 2026 tarihleri aras\u0131nda Limak Ambassador Hotel, Ankara\u2019da d\u00fczenlenecektir. Kongrenin [&hellip;]<\/p>\n","protected":false},"author":1,"featured_media":0,"parent":0,"menu_order":0,"comment_status":"closed","ping_status":"closed","template":"","meta":{"site-sidebar-layout":"no-sidebar","site-content-layout":"","ast-site-content-layout":"full-width-container","site-content-style":"default","site-sidebar-style":"default","ast-global-header-display":"","ast-banner-title-visibility":"","ast-main-header-display":"","ast-hfb-above-header-display":"","ast-hfb-below-header-display":"","ast-hfb-mobile-header-display":"","site-post-title":"","ast-breadcrumbs-content":"","ast-featured-img":"disabled","footer-sml-layout":"","theme-transparent-header-meta":"","adv-header-id-meta":"","stick-header-meta":"","header-above-stick-meta":"","header-main-stick-meta":"","header-below-stick-meta":"","astra-migrate-meta-layouts":"default","ast-page-background-enabled":"default","ast-page-background-meta":{"desktop":{"background-color":"var(--ast-global-color-4)","background-image":"","background-repeat":"repeat","background-position":"center center","background-size":"auto","background-attachment":"scroll","background-type":"","background-media":"","overlay-type":"","overlay-color":"","overlay-opacity":"","overlay-gradient":""},"tablet":{"background-color":"","background-image":"","background-repeat":"repeat","background-position":"center center","background-size":"auto","background-attachment":"scroll","background-type":"","background-media":"","overlay-type":"","overlay-color":"","overlay-opacity":"","overlay-gradient":""},"mobile":{"background-color":"","background-image":"","background-repeat":"repeat","background-position":"center center","background-size":"auto","background-attachment":"scroll","background-type":"","background-media":"","overlay-type":"","overlay-color":"","overlay-opacity":"","overlay-gradient":""}},"ast-content-background-meta":{"desktop":{"background-color":"var(--ast-global-color-5)","background-image":"","background-repeat":"repeat","background-position":"center center","background-size":"auto","background-attachment":"scroll","background-type":"","background-media":"","overlay-type":"","overlay-color":"","overlay-opacity":"","overlay-gradient":""},"tablet":{"background-color":"var(--ast-global-color-5)","background-image":"","background-repeat":"repeat","background-position":"center center","background-size":"auto","background-attachment":"scroll","background-type":"","background-media":"","overlay-type":"","overlay-color":"","overlay-opacity":"","overlay-gradient":""},"mobile":{"background-color":"var(--ast-global-color-5)","background-image":"","background-repeat":"repeat","background-position":"center center","background-size":"auto","background-attachment":"scroll","background-type":"","background-media":"","overlay-type":"","overlay-color":"","overlay-opacity":"","overlay-gradient":""}},"footnotes":""},"class_list":["post-1073","page","type-page","status-publish","hentry"],"_links":{"self":[{"href":"https:\/\/vetmik2026.org\/en\/wp-json\/wp\/v2\/pages\/1073","targetHints":{"allow":["GET"]}}],"collection":[{"href":"https:\/\/vetmik2026.org\/en\/wp-json\/wp\/v2\/pages"}],"about":[{"href":"https:\/\/vetmik2026.org\/en\/wp-json\/wp\/v2\/types\/page"}],"author":[{"embeddable":true,"href":"https:\/\/vetmik2026.org\/en\/wp-json\/wp\/v2\/users\/1"}],"replies":[{"embeddable":true,"href":"https:\/\/vetmik2026.org\/en\/wp-json\/wp\/v2\/comments?post=1073"}],"version-history":[{"count":28,"href":"https:\/\/vetmik2026.org\/en\/wp-json\/wp\/v2\/pages\/1073\/revisions"}],"predecessor-version":[{"id":1447,"href":"https:\/\/vetmik2026.org\/en\/wp-json\/wp\/v2\/pages\/1073\/revisions\/1447"}],"wp:attachment":[{"href":"https:\/\/vetmik2026.org\/en\/wp-json\/wp\/v2\/media?parent=1073"}],"curies":[{"name":"wp","href":"https:\/\/api.w.org\/{rel}","templated":true}]}}