{"id":1076,"date":"2025-08-12T11:39:35","date_gmt":"2025-08-12T11:39:35","guid":{"rendered":"https:\/\/vetmik2026.org\/?page_id=1076"},"modified":"2026-03-04T09:57:01","modified_gmt":"2026-03-04T09:57:01","slug":"sponsorlar","status":"publish","type":"page","link":"https:\/\/vetmik2026.org\/en\/sponsorlar\/","title":{"rendered":"Sponsorlar"},"content":{"rendered":"<div data-elementor-type=\"wp-page\" data-elementor-id=\"1076\" class=\"elementor elementor-1076\">\n\t\t\t\t<div class=\"elementor-element elementor-element-681aca4d e-flex e-con-boxed e-con e-parent\" data-id=\"681aca4d\" data-element_type=\"container\" data-e-type=\"container\">\n\t\t\t\t\t<div class=\"e-con-inner\">\n\t\t\t\t<div class=\"elementor-element elementor-element-2cbfb8cb elementor-widget elementor-widget-heading\" data-id=\"2cbfb8cb\" data-element_type=\"widget\" data-e-type=\"widget\" data-widget_type=\"heading.default\">\n\t\t\t\t<div class=\"elementor-widget-container\">\n\t\t\t\t\t<h2 class=\"elementor-heading-title elementor-size-default\">Sponsorlar<\/h2>\t\t\t\t<\/div>\n\t\t\t\t<\/div>\n\t\t\t\t\t<\/div>\n\t\t\t\t<\/div>\n\t\t<div class=\"elementor-element elementor-element-e876c32 e-flex e-con-boxed e-con e-parent\" data-id=\"e876c32\" data-element_type=\"container\" data-e-type=\"container\">\n\t\t\t\t\t<div class=\"e-con-inner\">\n\t\t\t\t<div class=\"elementor-element elementor-element-07f6715 elementor-widget elementor-widget-heading\" data-id=\"07f6715\" data-element_type=\"widget\" data-e-type=\"widget\" data-widget_type=\"heading.default\">\n\t\t\t\t<div class=\"elementor-widget-container\">\n\t\t\t\t\t<h3 class=\"elementor-heading-title elementor-size-default\">A\u00e7\u0131l\u0131\u015f Kokteyli Sponsorlu\u011fu<\/h3>\t\t\t\t<\/div>\n\t\t\t\t<\/div>\n\t\t\t\t<div class=\"elementor-element elementor-element-e9f2033 elementor-widget elementor-widget-image\" data-id=\"e9f2033\" data-element_type=\"widget\" data-e-type=\"widget\" data-widget_type=\"image.default\">\n\t\t\t\t<div class=\"elementor-widget-container\">\n\t\t\t\t\t\t\t\t\t\t\t\t\t\t\t<img fetchpriority=\"high\" decoding=\"async\" width=\"300\" height=\"179\" src=\"https:\/\/vetmik2026.org\/wp-content\/uploads\/2025\/09\/2025-09-22-21_01_45-Gelen-Kutusu-2-ergucu@gmail.com-Gmail-Opera-300x179.jpg\" class=\"attachment-medium size-medium wp-image-1363\" alt=\"\" srcset=\"https:\/\/vetmik2026.org\/wp-content\/uploads\/2025\/09\/2025-09-22-21_01_45-Gelen-Kutusu-2-ergucu@gmail.com-Gmail-Opera-300x179.jpg 300w, https:\/\/vetmik2026.org\/wp-content\/uploads\/2025\/09\/2025-09-22-21_01_45-Gelen-Kutusu-2-ergucu@gmail.com-Gmail-Opera-768x459.jpg 768w, https:\/\/vetmik2026.org\/wp-content\/uploads\/2025\/09\/2025-09-22-21_01_45-Gelen-Kutusu-2-ergucu@gmail.com-Gmail-Opera.jpg 1019w\" sizes=\"(max-width: 300px) 100vw, 300px\" \/>\t\t\t\t\t\t\t\t\t\t\t\t\t\t\t<\/div>\n\t\t\t\t<\/div>\n\t\t\t\t<div class=\"elementor-element elementor-element-7f04cb0 elementor-widget elementor-widget-text-editor\" data-id=\"7f04cb0\" data-element_type=\"widget\" data-e-type=\"widget\" data-widget_type=\"text-editor.default\">\n\t\t\t\t<div class=\"elementor-widget-container\">\n\t\t\t\t\t\t\t\t\t<p style=\"font-weight: 400;\">ALCOM GRUP MED\u0130KAL B\u0130LG. \u0130LET\u0130\u015e\u0130M. \u0130TH. \u0130HR. SAN. T\u0130C. LTD.\u015eT\u0130.<br \/>CEV\u0130ZL\u0130DERE CADDES\u0130 HUZUR MAH. 1131 SOKAK NO: 10\/A\u00a0\u00a0\u00c7ANKAYA\u00a0 \/ ANKARA<\/p><p style=\"font-weight: 400;\">TEL: 0312 476 75 74 GSM: 0 532 302 49 46<\/p><p style=\"font-weight: 400;\"><a style=\"color: black;\" href=\"mailto:info@alcomgrup.com\">info@alcomgrup.com<\/a><br \/><a style=\"color: black;\" href=\"mailto:ozgur@alcomgrup.com\">ozgur@alcomgrup.com<\/a><\/p>\t\t\t\t\t\t\t\t<\/div>\n\t\t\t\t<\/div>\n\t\t\t\t\t<\/div>\n\t\t\t\t<\/div>\n\t\t<div class=\"elementor-element elementor-element-cb842a3 e-flex e-con-boxed e-con e-parent\" data-id=\"cb842a3\" data-element_type=\"container\" data-e-type=\"container\">\n\t\t\t\t\t<div class=\"e-con-inner\">\n\t\t\t\t<div class=\"elementor-element elementor-element-7144965 elementor-widget elementor-widget-heading\" data-id=\"7144965\" data-element_type=\"widget\" data-e-type=\"widget\" data-widget_type=\"heading.default\">\n\t\t\t\t<div class=\"elementor-widget-container\">\n\t\t\t\t\t<h3 class=\"elementor-heading-title elementor-size-default\">Yaka Kart\u0131 Sponsorlu\u011fu<\/h3>\t\t\t\t<\/div>\n\t\t\t\t<\/div>\n\t\t\t\t<div class=\"elementor-element elementor-element-00d771a elementor-widget elementor-widget-text-editor\" data-id=\"00d771a\" data-element_type=\"widget\" data-e-type=\"widget\" data-widget_type=\"text-editor.default\">\n\t\t\t\t<div class=\"elementor-widget-container\">\n\t\t\t\t\t\t\t\t\t<p><img decoding=\"async\" class=\"alignnone size-medium wp-image-1478\" src=\"https:\/\/vetmik2026.org\/wp-content\/uploads\/2025\/12\/HIPRA-Logo-300x121.png\" alt=\"\" width=\"300\" height=\"121\" srcset=\"https:\/\/vetmik2026.org\/wp-content\/uploads\/2025\/12\/HIPRA-Logo-300x121.png 300w, https:\/\/vetmik2026.org\/wp-content\/uploads\/2025\/12\/HIPRA-Logo-18x7.png 18w, https:\/\/vetmik2026.org\/wp-content\/uploads\/2025\/12\/HIPRA-Logo.png 547w\" sizes=\"(max-width: 300px) 100vw, 300px\" \/><\/p>\t\t\t\t\t\t\t\t<\/div>\n\t\t\t\t<\/div>\n\t\t\t\t\t<\/div>\n\t\t\t\t<\/div>\n\t\t<div class=\"elementor-element elementor-element-a7b2757 e-flex e-con-boxed e-con e-parent\" data-id=\"a7b2757\" data-element_type=\"container\" data-e-type=\"container\">\n\t\t\t\t\t<div class=\"e-con-inner\">\n\t\t\t\t<div class=\"elementor-element elementor-element-0ec2288 elementor-widget elementor-widget-heading\" data-id=\"0ec2288\" data-element_type=\"widget\" data-e-type=\"widget\" data-widget_type=\"heading.default\">\n\t\t\t\t<div class=\"elementor-widget-container\">\n\t\t\t\t\t<h3 class=\"elementor-heading-title elementor-size-default\">Burs Sponsorlu\u011fu<\/h3>\t\t\t\t<\/div>\n\t\t\t\t<\/div>\n\t\t\t\t<div class=\"elementor-element elementor-element-335cab3 elementor-widget elementor-widget-text-editor\" data-id=\"335cab3\" data-element_type=\"widget\" data-e-type=\"widget\" data-widget_type=\"text-editor.default\">\n\t\t\t\t<div class=\"elementor-widget-container\">\n\t\t\t\t\t\t\t\t\t<p><img decoding=\"async\" class=\"alignnone  wp-image-1587\" src=\"https:\/\/vetmik2026.org\/wp-content\/uploads\/2026\/03\/senpilic-logo.png\" alt=\"\" width=\"284\" height=\"138\" srcset=\"https:\/\/vetmik2026.org\/wp-content\/uploads\/2026\/03\/senpilic-logo.png 241w, https:\/\/vetmik2026.org\/wp-content\/uploads\/2026\/03\/senpilic-logo-18x9.png 18w, https:\/\/vetmik2026.org\/wp-content\/uploads\/2026\/03\/senpilic-logo-200x97.png 200w\" sizes=\"(max-width: 284px) 100vw, 284px\" \/><\/p>\t\t\t\t\t\t\t\t<\/div>\n\t\t\t\t<\/div>\n\t\t\t\t\t<\/div>\n\t\t\t\t<\/div>\n\t\t<div class=\"elementor-element elementor-element-49941fa e-flex e-con-boxed e-con e-parent\" data-id=\"49941fa\" data-element_type=\"container\" data-e-type=\"container\">\n\t\t\t\t\t<div class=\"e-con-inner\">\n\t\t\t\t<div class=\"elementor-element elementor-element-15dd8c3 elementor-widget elementor-widget-heading\" data-id=\"15dd8c3\" data-element_type=\"widget\" data-e-type=\"widget\" data-widget_type=\"heading.default\">\n\t\t\t\t<div class=\"elementor-widget-container\">\n\t\t\t\t\t<h3 class=\"elementor-heading-title elementor-size-default\">Stant Sponsorlu\u011fu<\/h3>\t\t\t\t<\/div>\n\t\t\t\t<\/div>\n\t\t\t\t<div class=\"elementor-element elementor-element-4dd57a2 elementor-widget elementor-widget-text-editor\" data-id=\"4dd57a2\" data-element_type=\"widget\" data-e-type=\"widget\" data-widget_type=\"text-editor.default\">\n\t\t\t\t<div class=\"elementor-widget-container\">\n\t\t\t\t\t\t\t\t\t<p><img loading=\"lazy\" decoding=\"async\" class=\"alignnone size-medium wp-image-1492\" src=\"https:\/\/vetmik2026.org\/wp-content\/uploads\/2025\/12\/gorsel_2025-12-25_154026165-300x137.png\" alt=\"\" width=\"300\" height=\"137\" srcset=\"https:\/\/vetmik2026.org\/wp-content\/uploads\/2025\/12\/gorsel_2025-12-25_154026165-300x137.png 300w, https:\/\/vetmik2026.org\/wp-content\/uploads\/2025\/12\/gorsel_2025-12-25_154026165-18x8.png 18w, https:\/\/vetmik2026.org\/wp-content\/uploads\/2025\/12\/gorsel_2025-12-25_154026165.png 724w\" sizes=\"(max-width: 300px) 100vw, 300px\" \/><\/p>\t\t\t\t\t\t\t\t<\/div>\n\t\t\t\t<\/div>\n\t\t\t\t<div class=\"elementor-element elementor-element-a7e6868 elementor-widget elementor-widget-text-editor\" data-id=\"a7e6868\" data-element_type=\"widget\" data-e-type=\"widget\" data-widget_type=\"text-editor.default\">\n\t\t\t\t<div class=\"elementor-widget-container\">\n\t\t\t\t\t\t\t\t\t<p><img loading=\"lazy\" decoding=\"async\" class=\"alignnone size-medium wp-image-1497\" src=\"https:\/\/vetmik2026.org\/wp-content\/uploads\/2026\/01\/Diagen-300x169.png\" alt=\"\" width=\"300\" height=\"169\" srcset=\"https:\/\/vetmik2026.org\/wp-content\/uploads\/2026\/01\/Diagen-300x169.png 300w, https:\/\/vetmik2026.org\/wp-content\/uploads\/2026\/01\/Diagen-18x10.png 18w, https:\/\/vetmik2026.org\/wp-content\/uploads\/2026\/01\/Diagen.png 501w\" sizes=\"(max-width: 300px) 100vw, 300px\" \/><\/p>\t\t\t\t\t\t\t\t<\/div>\n\t\t\t\t<\/div>\n\t\t\t\t\t<\/div>\n\t\t\t\t<\/div>\n\t\t\t\t<\/div>","protected":false},"excerpt":{"rendered":"<p>A\u00e7\u0131l\u0131\u015f Kokteyli Sponsorlu\u011fu ALCOM GRUP MED\u0130KAL B\u0130LG. \u0130LET\u0130\u015e\u0130M. \u0130TH. \u0130HR. SAN. T\u0130C. LTD.\u015eT\u0130.CEV\u0130ZL\u0130DERE CADDES\u0130 HUZUR MAH. 1131 SOKAK NO: 10\/A\u00a0\u00a0\u00c7ANKAYA\u00a0 [&hellip;]<\/p>\n","protected":false},"author":1,"featured_media":0,"parent":0,"menu_order":0,"comment_status":"closed","ping_status":"closed","template":"","meta":{"site-sidebar-layout":"no-sidebar","site-content-layout":"","ast-site-content-layout":"full-width-container","site-content-style":"default","site-sidebar-style":"default","ast-global-header-display":"","ast-banner-title-visibility":"","ast-main-header-display":"","ast-hfb-above-header-display":"","ast-hfb-below-header-display":"","ast-hfb-mobile-header-display":"","site-post-title":"","ast-breadcrumbs-content":"","ast-featured-img":"disabled","footer-sml-layout":"","theme-transparent-header-meta":"","adv-header-id-meta":"","stick-header-meta":"","header-above-stick-meta":"","header-main-stick-meta":"","header-below-stick-meta":"","astra-migrate-meta-layouts":"default","ast-page-background-enabled":"default","ast-page-background-meta":{"desktop":{"background-color":"var(--ast-global-color-4)","background-image":"","background-repeat":"repeat","background-position":"center center","background-size":"auto","background-attachment":"scroll","background-type":"","background-media":"","overlay-type":"","overlay-color":"","overlay-opacity":"","overlay-gradient":""},"tablet":{"background-color":"","background-image":"","background-repeat":"repeat","background-position":"center center","background-size":"auto","background-attachment":"scroll","background-type":"","background-media":"","overlay-type":"","overlay-color":"","overlay-opacity":"","overlay-gradient":""},"mobile":{"background-color":"","background-image":"","background-repeat":"repeat","background-position":"center center","background-size":"auto","background-attachment":"scroll","background-type":"","background-media":"","overlay-type":"","overlay-color":"","overlay-opacity":"","overlay-gradient":""}},"ast-content-background-meta":{"desktop":{"background-color":"var(--ast-global-color-5)","background-image":"","background-repeat":"repeat","background-position":"center center","background-size":"auto","background-attachment":"scroll","background-type":"","background-media":"","overlay-type":"","overlay-color":"","overlay-opacity":"","overlay-gradient":""},"tablet":{"background-color":"var(--ast-global-color-5)","background-image":"","background-repeat":"repeat","background-position":"center center","background-size":"auto","background-attachment":"scroll","background-type":"","background-media":"","overlay-type":"","overlay-color":"","overlay-opacity":"","overlay-gradient":""},"mobile":{"background-color":"var(--ast-global-color-5)","background-image":"","background-repeat":"repeat","background-position":"center center","background-size":"auto","background-attachment":"scroll","background-type":"","background-media":"","overlay-type":"","overlay-color":"","overlay-opacity":"","overlay-gradient":""}},"footnotes":""},"class_list":["post-1076","page","type-page","status-publish","hentry"],"_links":{"self":[{"href":"https:\/\/vetmik2026.org\/en\/wp-json\/wp\/v2\/pages\/1076","targetHints":{"allow":["GET"]}}],"collection":[{"href":"https:\/\/vetmik2026.org\/en\/wp-json\/wp\/v2\/pages"}],"about":[{"href":"https:\/\/vetmik2026.org\/en\/wp-json\/wp\/v2\/types\/page"}],"author":[{"embeddable":true,"href":"https:\/\/vetmik2026.org\/en\/wp-json\/wp\/v2\/users\/1"}],"replies":[{"embeddable":true,"href":"https:\/\/vetmik2026.org\/en\/wp-json\/wp\/v2\/comments?post=1076"}],"version-history":[{"count":19,"href":"https:\/\/vetmik2026.org\/en\/wp-json\/wp\/v2\/pages\/1076\/revisions"}],"predecessor-version":[{"id":1590,"href":"https:\/\/vetmik2026.org\/en\/wp-json\/wp\/v2\/pages\/1076\/revisions\/1590"}],"wp:attachment":[{"href":"https:\/\/vetmik2026.org\/en\/wp-json\/wp\/v2\/media?parent=1076"}],"curies":[{"name":"wp","href":"https:\/\/api.w.org\/{rel}","templated":true}]}}