{"id":13,"date":"2025-08-11T17:05:43","date_gmt":"2025-08-11T17:05:43","guid":{"rendered":"https:\/\/vetmik2026.org\/home\/"},"modified":"2026-03-09T12:39:04","modified_gmt":"2026-03-09T12:39:04","slug":"ana-sayfa","status":"publish","type":"page","link":"https:\/\/vetmik2026.org\/en\/","title":{"rendered":"Ana Sayfa"},"content":{"rendered":"<div data-elementor-type=\"wp-page\" data-elementor-id=\"13\" class=\"elementor elementor-13\">\n\t\t\t\t<div class=\"elementor-element elementor-element-fcfab11 e-flex e-con-boxed e-con e-parent\" data-id=\"fcfab11\" data-element_type=\"container\" data-e-type=\"container\">\n\t\t\t\t\t<div class=\"e-con-inner\">\n\t\t<div class=\"elementor-element elementor-element-cfdbce0 e-con-full e-flex e-con e-child\" data-id=\"cfdbce0\" data-element_type=\"container\" data-e-type=\"container\">\n\t\t\t\t<div class=\"elementor-element elementor-element-ad0840b elementor-widget elementor-widget-heading\" data-id=\"ad0840b\" data-element_type=\"widget\" data-e-type=\"widget\" data-widget_type=\"heading.default\">\n\t\t\t\t<div class=\"elementor-widget-container\">\n\t\t\t\t\t<h2 class=\"elementor-heading-title elementor-size-default\">Kongreye Davet<\/h2>\t\t\t\t<\/div>\n\t\t\t\t<\/div>\n\t\t\t\t<div class=\"elementor-element elementor-element-7a1389f elementor-widget elementor-widget-text-editor\" data-id=\"7a1389f\" data-element_type=\"widget\" data-e-type=\"widget\" data-widget_type=\"text-editor.default\">\n\t\t\t\t<div class=\"elementor-widget-container\">\n\t\t\t\t\t\t\t\t\t<p><strong>Sevgili Kat\u0131l\u0131mc\u0131lar,<\/strong><\/p><p><span style=\"font-style: inherit; font-weight: inherit;\"><strong>Veteriner Hekimleri Mikrobiyoloji Derne\u011fi<\/strong> olarak d\u00fczenleyece\u011fimiz <strong>XVII. Ulusal Veteriner Hekimleri Mikrobiyoloji Kongresi<\/strong> (Uluslararas\u0131 Kat\u0131l\u0131ml\u0131) (VETM\u0130K 2026)\u2019ne siz de\u011ferli akademisyenleri, ara\u015ft\u0131rmac\u0131lar\u0131, sekt\u00f6r temsilcilerini ve firmalar\u0131m\u0131z\u0131 g\u00fczel yurdumuzun ba\u015fkenti Ankara\u2019da misafir edecek olmaktan \u00e7ok b\u00fcy\u00fck mutluluk ve gurur duyuyoruz.<\/span><\/p><p>\u0130klim de\u011fi\u015fiklikleri sonucu ya\u015fad\u0131\u011f\u0131m\u0131z g\u00fczel d\u00fcnyam\u0131zda do\u011fa, canl\u0131lar ve mikroorganizmalar y\u0131llard\u0131r oldu\u011fu gibi hayatlar\u0131na devam etmek i\u00e7in k\u0131yas\u0131ya ya\u015fam m\u00fccadelesi veriyorlar. A\u015f\u0131r\u0131 so\u011fuk, a\u015f\u0131r\u0131 s\u0131cak, kaybolan ormanlar, b\u00fcy\u00fcyen kentsel ya\u015famlar, daralan vah\u015fi ya\u015fam alanlar\u0131, mikroplastik, g\u00f6\u00e7ler, eriyen buzullar gibi bir\u00e7ok fakt\u00f6r yeni mikroorganizmalar\u0131n sahneye \u00e7\u0131kmas\u0131na, farkl\u0131 patojenlere, yeni enfeksiyonlara, virulens ve patojenite \u00f6zelliklerinde de\u011fi\u015fikliklere, antimikrobiyal ajanlara kar\u015f\u0131 farkl\u0131 duyarl\u0131l\u0131klara, korunma ve tedavi y\u00f6ntemlerinde de\u011fi\u015fikliklere,\u00a0 farkl\u0131 alternatif y\u00f6ntemlerin ara\u015ft\u0131r\u0131lmas\u0131na neden olmaktad\u0131r. Bu ba\u011flamda sekt\u00f6rde Mikrobiyoloji uzmanlar\u0131na b\u00fcy\u00fck g\u00f6revler ve sorumluluklar d\u00fc\u015fmektedir.<\/p><p>\u0130nsan, hayvan ve \u00e7evre sa\u011fl\u0131\u011f\u0131 a\u00e7\u0131s\u0131ndan \u00f6nemli bir\u00e7ok ara\u015ft\u0131rman\u0131n tart\u0131\u015f\u0131laca\u011f\u0131, sekt\u00f6rde \u00f6nemli \u00e7al\u0131\u015fmalar\u0131 ile yer edinmi\u015f, yerli ve yabanc\u0131 de\u011ferli ara\u015ft\u0131rmac\u0131lar\u0131n kat\u0131laca\u011f\u0131, destekleri ile her zaman yan\u0131m\u0131zda olan firma temsilcilerinin yer ald\u0131\u011f\u0131 kongremize, Veteriner Hekimleri Mikrobiyoloji Derne\u011fi\u2019ne aidiyet ba\u011f\u0131m\u0131z\u0131 kuvvetlendirmek i\u00e7in hepinizi bekliyoruz.<\/p><p><strong>Sizlerle birlikte Ata\u2019m\u0131z\u0131, ebedi istirahatgah\u0131 olan An\u0131tkabir\u2019de ziyaret edecek olmaktan b\u00fcy\u00fck onur duyuyoruz.\u00a0<\/strong><\/p><p>Kongre D\u00fczenleme Kurulu olarak sizleri Ankara\u2019da a\u011f\u0131rlamaktan b\u00fcy\u00fck mutluluk duyaca\u011f\u0131z.<\/p><p>Sayg\u0131lar\u0131mla&#8230;<\/p><p><strong>Do\u00e7. Dr. Sibel KIZIL<br \/><\/strong><strong>Kongre D\u00fczenleme Kurulu Ba\u015fkan\u0131<\/strong><\/p>\t\t\t\t\t\t\t\t<\/div>\n\t\t\t\t<\/div>\n\t\t\t\t<\/div>\n\t\t\t\t\t<\/div>\n\t\t\t\t<\/div>\n\t\t<div class=\"elementor-element elementor-element-751c2dd e-flex e-con-boxed e-con e-parent\" data-id=\"751c2dd\" data-element_type=\"container\" data-e-type=\"container\" data-settings=\"{&quot;background_background&quot;:&quot;classic&quot;}\">\n\t\t\t\t\t<div class=\"e-con-inner\">\n\t\t\t\t<div class=\"elementor-element elementor-element-a8bf121 elementor-widget elementor-widget-heading\" data-id=\"a8bf121\" data-element_type=\"widget\" data-e-type=\"widget\" data-widget_type=\"heading.default\">\n\t\t\t\t<div class=\"elementor-widget-container\">\n\t\t\t\t\t<h2 class=\"elementor-heading-title elementor-size-default\">XVII. Ulusal Veteriner Hekimleri Mikrobiyoloji Kongresi<\/h2>\t\t\t\t<\/div>\n\t\t\t\t<\/div>\n\t\t<div class=\"elementor-element elementor-element-06de91d e-con-full e-grid e-con e-child\" data-id=\"06de91d\" data-element_type=\"container\" data-e-type=\"container\">\n\t\t<div class=\"elementor-element elementor-element-b675f89 e-con-full e-flex e-con e-child\" data-id=\"b675f89\" data-element_type=\"container\" data-e-type=\"container\" data-settings=\"{&quot;background_background&quot;:&quot;classic&quot;}\">\n\t\t\t\t<div class=\"elementor-element elementor-element-64093cc elementor-view-default elementor-position-block-start elementor-mobile-position-block-start elementor-widget elementor-widget-icon-box\" data-id=\"64093cc\" data-element_type=\"widget\" data-e-type=\"widget\" data-widget_type=\"icon-box.default\">\n\t\t\t\t<div class=\"elementor-widget-container\">\n\t\t\t\t\t\t\t<div class=\"elementor-icon-box-wrapper\">\n\n\t\t\t\t\t\t<div class=\"elementor-icon-box-icon\">\n\t\t\t\t<a href=\"https:\/\/vetmik2026.org\/en\/kongre-duzenleme-kurulu\/\" class=\"elementor-icon\" tabindex=\"-1\" aria-label=\"Kongre D\u00fczenleme Kurulu\">\n\t\t\t\t<svg xmlns=\"http:\/\/www.w3.org\/2000\/svg\" id=\"Layer_1\" viewbox=\"0 0 60 60\"><path d=\"M14,16h32v2h2v-3c0-.6-.4-1-1-1h-12v-2c0-1.9-1.1-3.5-2.6-4.4l.7-.5c.6-.4.9-1,.9-1.7v-1.5c0-2.2-1.8-4-4-4s-4,1.8-4,4v1.5c0,.7.3,1.3.9,1.7l.7.5c-1.6.8-2.6,2.5-2.6,4.4v2h-12c-.6,0-1,.4-1,1v3h2v-2Z\"><\/path><path d=\"M8,34h44v5h2v-6c0-.6-.4-1-1-1h-4v-2c0-1.9-1.1-3.5-2.6-4.4l.7-.5c.6-.4.9-1,.9-1.7v-1.5c0-2.2-1.8-4-4-4s-4,1.8-4,4v1.5c0,.7.3,1.3.9,1.7l.7.5c-1.6.8-2.6,2.5-2.6,4.4v2h-4v-2c0-1.9-1.1-3.5-2.6-4.4l.7-.5c.6-.4.9-1,.9-1.7v-1.5c0-2.2-1.8-4-4-4s-4,1.8-4,4v1.5c0,.7.3,1.3.9,1.7l.7.5c-1.6.8-2.6,2.5-2.6,4.4v2h-4v-2c0-1.9-1.1-3.5-2.6-4.4l.7-.5c.6-.4.9-1,.9-1.7v-1.5c0-2.2-1.8-4-4-4s-4,1.8-4,4v1.5c0,.7.3,1.3.9,1.7l.7.5c-1.6.8-2.6,2.5-2.6,4.4v2h-4c-.6,0-1,.4-1,1v6h2v-5Z\"><\/path><path d=\"M1,60h8c.6,0,1-.4,1-1v-3c0-1.9-1.1-3.5-2.6-4.4l.7-.5c.6-.4.9-1,.9-1.7v-1.5c0-2.2-1.8-4-4-4s-4,1.8-4,4v1.5c0,.7.3,1.3.9,1.7l.7.5c-1.6.8-2.6,2.5-2.6,4.4v3c0,.6.4,1,1,1Z\"><\/path><path d=\"M12,56v3c0,.6.4,1,1,1h8c.6,0,1-.4,1-1v-3c0-1.9-1.1-3.5-2.6-4.4l.7-.5c.6-.4.9-1,.9-1.7v-1.5c0-2.2-1.8-4-4-4s-4,1.8-4,4v1.5c0,.7.3,1.3.9,1.7l.7.5c-1.6.8-2.6,2.5-2.6,4.4Z\"><\/path><path d=\"M38,56v3c0,.6.4,1,1,1h8c.6,0,1-.4,1-1v-3c0-1.9-1.1-3.5-2.6-4.4l.7-.5c.6-.4.9-1,.9-1.7v-1.5c0-2.2-1.8-4-4-4s-4,1.8-4,4v1.5c0,.7.3,1.3.9,1.7l.7.5c-1.6.8-2.6,2.5-2.6,4.4Z\"><\/path><path d=\"M57.4,51.6l.7-.5c.6-.4.9-1,.9-1.7v-1.5c0-2.2-1.8-4-4-4s-4,1.8-4,4v1.5c0,.7.3,1.3.9,1.7l.7.5c-1.6.8-2.6,2.5-2.6,4.4v3c0,.6.4,1,1,1h8c.6,0,1-.4,1-1v-3c0-1.9-1.1-3.5-2.6-4.4Z\"><\/path><\/svg>\t\t\t\t<\/a>\n\t\t\t<\/div>\n\t\t\t\n\t\t\t\t\t\t<div class=\"elementor-icon-box-content\">\n\n\t\t\t\t\t\t\t\t\t<h5 class=\"elementor-icon-box-title\">\n\t\t\t\t\t\t<a href=\"https:\/\/vetmik2026.org\/en\/kongre-duzenleme-kurulu\/\" >\n\t\t\t\t\t\t\tKongre D\u00fczenleme Kurulu\t\t\t\t\t\t<\/a>\n\t\t\t\t\t<\/h5>\n\t\t\t\t\n\t\t\t\t\n\t\t\t<\/div>\n\t\t\t\n\t\t<\/div>\n\t\t\t\t\t\t<\/div>\n\t\t\t\t<\/div>\n\t\t\t\t<div class=\"elementor-element elementor-element-c139d51 elementor-align-justify elementor-widget elementor-widget-button\" data-id=\"c139d51\" data-element_type=\"widget\" data-e-type=\"widget\" data-widget_type=\"button.default\">\n\t\t\t\t<div class=\"elementor-widget-container\">\n\t\t\t\t\t\t\t\t\t<div class=\"elementor-button-wrapper\">\n\t\t\t\t\t<a class=\"elementor-button elementor-button-link elementor-size-sm\" href=\"https:\/\/vetmik2026.org\/en\/kongre-duzenleme-kurulu\/\">\n\t\t\t\t\t\t<span class=\"elementor-button-content-wrapper\">\n\t\t\t\t\t\t\t\t\t<span class=\"elementor-button-text\">Listele<\/span>\n\t\t\t\t\t<\/span>\n\t\t\t\t\t<\/a>\n\t\t\t\t<\/div>\n\t\t\t\t\t\t\t\t<\/div>\n\t\t\t\t<\/div>\n\t\t\t\t<\/div>\n\t\t<div class=\"elementor-element elementor-element-4af6500 e-con-full e-flex e-con e-child\" data-id=\"4af6500\" data-element_type=\"container\" data-e-type=\"container\" data-settings=\"{&quot;background_background&quot;:&quot;classic&quot;}\">\n\t\t\t\t<div class=\"elementor-element elementor-element-cc814cd elementor-view-default elementor-position-block-start elementor-mobile-position-block-start elementor-widget elementor-widget-icon-box\" data-id=\"cc814cd\" data-element_type=\"widget\" data-e-type=\"widget\" data-widget_type=\"icon-box.default\">\n\t\t\t\t<div class=\"elementor-widget-container\">\n\t\t\t\t\t\t\t<div class=\"elementor-icon-box-wrapper\">\n\n\t\t\t\t\t\t<div class=\"elementor-icon-box-icon\">\n\t\t\t\t<a href=\"https:\/\/vetmik2026.org\/en\/bilimsel-kurul\/\" class=\"elementor-icon\" tabindex=\"-1\" aria-label=\"Bilimsel &lt;br&gt;Kurul\">\n\t\t\t\t<svg xmlns=\"http:\/\/www.w3.org\/2000\/svg\" id=\"Layer_1\" viewbox=\"0 0 60 60\"><path d=\"M14,16h32v2h2v-3c0-.6-.4-1-1-1h-12v-2c0-1.9-1.1-3.5-2.6-4.4l.7-.5c.6-.4.9-1,.9-1.7v-1.5c0-2.2-1.8-4-4-4s-4,1.8-4,4v1.5c0,.7.3,1.3.9,1.7l.7.5c-1.6.8-2.6,2.5-2.6,4.4v2h-12c-.6,0-1,.4-1,1v3h2v-2Z\"><\/path><path d=\"M8,34h44v5h2v-6c0-.6-.4-1-1-1h-4v-2c0-1.9-1.1-3.5-2.6-4.4l.7-.5c.6-.4.9-1,.9-1.7v-1.5c0-2.2-1.8-4-4-4s-4,1.8-4,4v1.5c0,.7.3,1.3.9,1.7l.7.5c-1.6.8-2.6,2.5-2.6,4.4v2h-4v-2c0-1.9-1.1-3.5-2.6-4.4l.7-.5c.6-.4.9-1,.9-1.7v-1.5c0-2.2-1.8-4-4-4s-4,1.8-4,4v1.5c0,.7.3,1.3.9,1.7l.7.5c-1.6.8-2.6,2.5-2.6,4.4v2h-4v-2c0-1.9-1.1-3.5-2.6-4.4l.7-.5c.6-.4.9-1,.9-1.7v-1.5c0-2.2-1.8-4-4-4s-4,1.8-4,4v1.5c0,.7.3,1.3.9,1.7l.7.5c-1.6.8-2.6,2.5-2.6,4.4v2h-4c-.6,0-1,.4-1,1v6h2v-5Z\"><\/path><path d=\"M1,60h8c.6,0,1-.4,1-1v-3c0-1.9-1.1-3.5-2.6-4.4l.7-.5c.6-.4.9-1,.9-1.7v-1.5c0-2.2-1.8-4-4-4s-4,1.8-4,4v1.5c0,.7.3,1.3.9,1.7l.7.5c-1.6.8-2.6,2.5-2.6,4.4v3c0,.6.4,1,1,1Z\"><\/path><path d=\"M12,56v3c0,.6.4,1,1,1h8c.6,0,1-.4,1-1v-3c0-1.9-1.1-3.5-2.6-4.4l.7-.5c.6-.4.9-1,.9-1.7v-1.5c0-2.2-1.8-4-4-4s-4,1.8-4,4v1.5c0,.7.3,1.3.9,1.7l.7.5c-1.6.8-2.6,2.5-2.6,4.4Z\"><\/path><path d=\"M38,56v3c0,.6.4,1,1,1h8c.6,0,1-.4,1-1v-3c0-1.9-1.1-3.5-2.6-4.4l.7-.5c.6-.4.9-1,.9-1.7v-1.5c0-2.2-1.8-4-4-4s-4,1.8-4,4v1.5c0,.7.3,1.3.9,1.7l.7.5c-1.6.8-2.6,2.5-2.6,4.4Z\"><\/path><path d=\"M57.4,51.6l.7-.5c.6-.4.9-1,.9-1.7v-1.5c0-2.2-1.8-4-4-4s-4,1.8-4,4v1.5c0,.7.3,1.3.9,1.7l.7.5c-1.6.8-2.6,2.5-2.6,4.4v3c0,.6.4,1,1,1h8c.6,0,1-.4,1-1v-3c0-1.9-1.1-3.5-2.6-4.4Z\"><\/path><\/svg>\t\t\t\t<\/a>\n\t\t\t<\/div>\n\t\t\t\n\t\t\t\t\t\t<div class=\"elementor-icon-box-content\">\n\n\t\t\t\t\t\t\t\t\t<h5 class=\"elementor-icon-box-title\">\n\t\t\t\t\t\t<a href=\"https:\/\/vetmik2026.org\/en\/bilimsel-kurul\/\" >\n\t\t\t\t\t\t\tBilimsel <br>Kurul\t\t\t\t\t\t<\/a>\n\t\t\t\t\t<\/h5>\n\t\t\t\t\n\t\t\t\t\n\t\t\t<\/div>\n\t\t\t\n\t\t<\/div>\n\t\t\t\t\t\t<\/div>\n\t\t\t\t<\/div>\n\t\t\t\t<div class=\"elementor-element elementor-element-bf32227 elementor-align-justify elementor-widget elementor-widget-button\" data-id=\"bf32227\" data-element_type=\"widget\" data-e-type=\"widget\" data-widget_type=\"button.default\">\n\t\t\t\t<div class=\"elementor-widget-container\">\n\t\t\t\t\t\t\t\t\t<div class=\"elementor-button-wrapper\">\n\t\t\t\t\t<a class=\"elementor-button elementor-button-link elementor-size-sm\" href=\"https:\/\/vetmik2026.org\/en\/bilimsel-kurul\/\">\n\t\t\t\t\t\t<span class=\"elementor-button-content-wrapper\">\n\t\t\t\t\t\t\t\t\t<span class=\"elementor-button-text\">Listele<\/span>\n\t\t\t\t\t<\/span>\n\t\t\t\t\t<\/a>\n\t\t\t\t<\/div>\n\t\t\t\t\t\t\t\t<\/div>\n\t\t\t\t<\/div>\n\t\t\t\t<\/div>\n\t\t<div class=\"elementor-element elementor-element-9078438 e-con-full e-flex e-con e-child\" data-id=\"9078438\" data-element_type=\"container\" data-e-type=\"container\" data-settings=\"{&quot;background_background&quot;:&quot;classic&quot;}\">\n\t\t\t\t<div class=\"elementor-element elementor-element-80280ef elementor-view-default elementor-position-block-start elementor-mobile-position-block-start elementor-widget elementor-widget-icon-box\" data-id=\"80280ef\" data-element_type=\"widget\" data-e-type=\"widget\" data-widget_type=\"icon-box.default\">\n\t\t\t\t<div class=\"elementor-widget-container\">\n\t\t\t\t\t\t\t<div class=\"elementor-icon-box-wrapper\">\n\n\t\t\t\t\t\t<div class=\"elementor-icon-box-icon\">\n\t\t\t\t<a href=\"https:\/\/vetmik2026.org\/en\/ana-konular\/\" class=\"elementor-icon\" tabindex=\"-1\" aria-label=\"Ana&lt;br&gt;konular\">\n\t\t\t\t<svg aria-hidden=\"true\" class=\"e-font-icon-svg e-far-list-alt\" viewbox=\"0 0 512 512\" xmlns=\"http:\/\/www.w3.org\/2000\/svg\"><path d=\"M464 32H48C21.49 32 0 53.49 0 80v352c0 26.51 21.49 48 48 48h416c26.51 0 48-21.49 48-48V80c0-26.51-21.49-48-48-48zm-6 400H54a6 6 0 0 1-6-6V86a6 6 0 0 1 6-6h404a6 6 0 0 1 6 6v340a6 6 0 0 1-6 6zm-42-92v24c0 6.627-5.373 12-12 12H204c-6.627 0-12-5.373-12-12v-24c0-6.627 5.373-12 12-12h200c6.627 0 12 5.373 12 12zm0-96v24c0 6.627-5.373 12-12 12H204c-6.627 0-12-5.373-12-12v-24c0-6.627 5.373-12 12-12h200c6.627 0 12 5.373 12 12zm0-96v24c0 6.627-5.373 12-12 12H204c-6.627 0-12-5.373-12-12v-24c0-6.627 5.373-12 12-12h200c6.627 0 12 5.373 12 12zm-252 12c0 19.882-16.118 36-36 36s-36-16.118-36-36 16.118-36 36-36 36 16.118 36 36zm0 96c0 19.882-16.118 36-36 36s-36-16.118-36-36 16.118-36 36-36 36 16.118 36 36zm0 96c0 19.882-16.118 36-36 36s-36-16.118-36-36 16.118-36 36-36 36 16.118 36 36z\"><\/path><\/svg>\t\t\t\t<\/a>\n\t\t\t<\/div>\n\t\t\t\n\t\t\t\t\t\t<div class=\"elementor-icon-box-content\">\n\n\t\t\t\t\t\t\t\t\t<h5 class=\"elementor-icon-box-title\">\n\t\t\t\t\t\t<a href=\"https:\/\/vetmik2026.org\/en\/ana-konular\/\" >\n\t\t\t\t\t\t\tAna<br>konular\t\t\t\t\t\t<\/a>\n\t\t\t\t\t<\/h5>\n\t\t\t\t\n\t\t\t\t\n\t\t\t<\/div>\n\t\t\t\n\t\t<\/div>\n\t\t\t\t\t\t<\/div>\n\t\t\t\t<\/div>\n\t\t\t\t<div class=\"elementor-element elementor-element-d3cb898 elementor-align-justify elementor-widget elementor-widget-button\" data-id=\"d3cb898\" data-element_type=\"widget\" data-e-type=\"widget\" data-widget_type=\"button.default\">\n\t\t\t\t<div class=\"elementor-widget-container\">\n\t\t\t\t\t\t\t\t\t<div class=\"elementor-button-wrapper\">\n\t\t\t\t\t<a class=\"elementor-button elementor-button-link elementor-size-sm\" href=\"https:\/\/vetmik2026.org\/en\/ana-konular\/\">\n\t\t\t\t\t\t<span class=\"elementor-button-content-wrapper\">\n\t\t\t\t\t\t\t\t\t<span class=\"elementor-button-text\">Listele<\/span>\n\t\t\t\t\t<\/span>\n\t\t\t\t\t<\/a>\n\t\t\t\t<\/div>\n\t\t\t\t\t\t\t\t<\/div>\n\t\t\t\t<\/div>\n\t\t\t\t<\/div>\n\t\t<div class=\"elementor-element elementor-element-e5cdfe6 e-con-full e-flex e-con e-child\" data-id=\"e5cdfe6\" data-element_type=\"container\" data-e-type=\"container\" data-settings=\"{&quot;background_background&quot;:&quot;classic&quot;}\">\n\t\t\t\t<div class=\"elementor-element elementor-element-a2b4d2e elementor-view-default elementor-position-block-start elementor-mobile-position-block-start elementor-widget elementor-widget-icon-box\" data-id=\"a2b4d2e\" data-element_type=\"widget\" data-e-type=\"widget\" data-widget_type=\"icon-box.default\">\n\t\t\t\t<div class=\"elementor-widget-container\">\n\t\t\t\t\t\t\t<div class=\"elementor-icon-box-wrapper\">\n\n\t\t\t\t\t\t<div class=\"elementor-icon-box-icon\">\n\t\t\t\t<a href=\"https:\/\/vetmik2026.org\/en\/davetli-konusmacilar\/\" class=\"elementor-icon\" tabindex=\"-1\" aria-label=\"Davetli&lt;br&gt;Konu\u015fmac\u0131lar\">\n\t\t\t\t<svg xmlns=\"http:\/\/www.w3.org\/2000\/svg\" id=\"Layer_1\" viewbox=\"0 0 54.1 58\"><path d=\"M29.1,20h-2v19h6v-19h-2l1.9,7.8c0,.2,0,.5,0,.7l-2,4c-.2.3-.5.6-.9.6s-.7-.2-.9-.6l-2-4c-.1-.2-.1-.5,0-.7l1.9-7.8Z\"><\/path><path d=\"M54.1,41H13.4c-.2-1.1-1-2-2.1-2.4v-3l2.3-.4-.3-2-3.1.5c-.5,0-.8.5-.8,1v3.8c-1.3.3-2.2,1.3-2.5,2.6h-.7v2h48v-2Z\"><\/path><polygon points=\"31.1 27.9 30.1 24.1 29.2 27.9 30.1 29.8 31.1 27.9\"><\/polygon><path d=\"M2.4,16.8l3.2,11.8c.2.8.9,1.4,1.8,1.5l13.8,1v7.9h4v-17.7l-13.7,3.7c-.5.1-1-.1-1.2-.6l-2.7-8.2-5.1.7Z\"><\/path><path d=\"M2.2,14.8l4.8-.7c.5-2.5.4-3.3.3-3.5l-.9-.9c-.2-.2-.3-.4-.3-.7v-2.3c0-.4-.3-.7-.7-.7s-.6.2-.7.5l-.7,2.7c0,.3-.3.6-.6.7l-3.1,1.2c-.2,0-.3.2-.4.4,0,.1,0,.3,0,.6.5.7,1.2,1.7,2.1,2.7Z\"><\/path><path d=\"M44.1,39v-12.9c0-.8-.5-1.6-1.3-1.9l-7.7-2.8v17.6h5v-6h1v6h3Z\"><\/path><path d=\"M36.6,15.4l-2.2-7.4c-1.6,0-5.5-.2-9.4-1-.7-.1-1.3-.3-1.8-.6v6.1c0,.5,0,1-.2,1.4l-.3.8c-.2.7-.1,1.6.3,2.2.5.7,1.3,1.1,2.1,1.1h9.6l2-2.6Z\"><\/path><path d=\"M35.1,6c.4,0,.8.3,1,.7l2.1,7c.9-2.8,2-7.1,2-10.7s0-.6-.4-.9C37.9.3,32.2,0,30.2,0h-9.7c.5,1.6,1.9,4.4,4.9,5,4.8,1,9.8,1,9.8,1Z\"><\/path><path d=\"M30.1,50c-4.4,0-8,3.6-8,8h16c0-4.4-3.6-8-8-8Z\"><\/path><path d=\"M50.1,45H10.1v13h10c0-5.5,4.5-10,10-10s10,4.5,10,10h10v-13Z\"><\/path><\/svg>\t\t\t\t<\/a>\n\t\t\t<\/div>\n\t\t\t\n\t\t\t\t\t\t<div class=\"elementor-icon-box-content\">\n\n\t\t\t\t\t\t\t\t\t<h5 class=\"elementor-icon-box-title\">\n\t\t\t\t\t\t<a href=\"https:\/\/vetmik2026.org\/en\/davetli-konusmacilar\/\" >\n\t\t\t\t\t\t\tDavetli<br>Konu\u015fmac\u0131lar\t\t\t\t\t\t<\/a>\n\t\t\t\t\t<\/h5>\n\t\t\t\t\n\t\t\t\t\n\t\t\t<\/div>\n\t\t\t\n\t\t<\/div>\n\t\t\t\t\t\t<\/div>\n\t\t\t\t<\/div>\n\t\t\t\t<div class=\"elementor-element elementor-element-10e9b4a elementor-align-justify elementor-widget elementor-widget-button\" data-id=\"10e9b4a\" data-element_type=\"widget\" data-e-type=\"widget\" data-widget_type=\"button.default\">\n\t\t\t\t<div class=\"elementor-widget-container\">\n\t\t\t\t\t\t\t\t\t<div class=\"elementor-button-wrapper\">\n\t\t\t\t\t<a class=\"elementor-button elementor-button-link elementor-size-sm\" href=\"https:\/\/vetmik2026.org\/en\/davetli-konusmacilar\/\">\n\t\t\t\t\t\t<span class=\"elementor-button-content-wrapper\">\n\t\t\t\t\t\t\t\t\t<span class=\"elementor-button-text\">Listele<\/span>\n\t\t\t\t\t<\/span>\n\t\t\t\t\t<\/a>\n\t\t\t\t<\/div>\n\t\t\t\t\t\t\t\t<\/div>\n\t\t\t\t<\/div>\n\t\t\t\t<\/div>\n\t\t\t\t<\/div>\n\t\t\t\t\t<\/div>\n\t\t\t\t<\/div>\n\t\t\t\t<\/div>","protected":false},"excerpt":{"rendered":"<p>Kongreye Davet Sevgili Kat\u0131l\u0131mc\u0131lar, Veteriner Hekimleri Mikrobiyoloji Derne\u011fi olarak d\u00fczenleyece\u011fimiz XVII. Ulusal Veteriner Hekimleri Mikrobiyoloji Kongresi (Uluslararas\u0131 Kat\u0131l\u0131ml\u0131) (VETM\u0130K 2026)\u2019ne [&hellip;]<\/p>\n","protected":false},"author":1,"featured_media":0,"parent":0,"menu_order":0,"comment_status":"closed","ping_status":"closed","template":"","meta":{"site-sidebar-layout":"no-sidebar","site-content-layout":"","ast-site-content-layout":"full-width-container","site-content-style":"unboxed","site-sidebar-style":"unboxed","ast-global-header-display":"","ast-banner-title-visibility":"","ast-main-header-display":"","ast-hfb-above-header-display":"","ast-hfb-below-header-display":"","ast-hfb-mobile-header-display":"","site-post-title":"","ast-breadcrumbs-content":"","ast-featured-img":"disabled","footer-sml-layout":"","theme-transparent-header-meta":"enabled","adv-header-id-meta":"","stick-header-meta":"","header-above-stick-meta":"","header-main-stick-meta":"","header-below-stick-meta":"","astra-migrate-meta-layouts":"default","ast-page-background-enabled":"default","ast-page-background-meta":{"desktop":{"background-color":"var(--ast-global-color-4)","background-image":"","background-repeat":"repeat","background-position":"center center","background-size":"auto","background-attachment":"scroll","background-type":"","background-media":"","overlay-type":"","overlay-color":"","overlay-opacity":"","overlay-gradient":""},"tablet":{"background-color":"","background-image":"","background-repeat":"repeat","background-position":"center center","background-size":"auto","background-attachment":"scroll","background-type":"","background-media":"","overlay-type":"","overlay-color":"","overlay-opacity":"","overlay-gradient":""},"mobile":{"background-color":"","background-image":"","background-repeat":"repeat","background-position":"center center","background-size":"auto","background-attachment":"scroll","background-type":"","background-media":"","overlay-type":"","overlay-color":"","overlay-opacity":"","overlay-gradient":""}},"ast-content-background-meta":{"desktop":{"background-color":"var(--ast-global-color-5)","background-image":"","background-repeat":"repeat","background-position":"center center","background-size":"auto","background-attachment":"scroll","background-type":"","background-media":"","overlay-type":"","overlay-color":"","overlay-opacity":"","overlay-gradient":""},"tablet":{"background-color":"var(--ast-global-color-5)","background-image":"","background-repeat":"repeat","background-position":"center center","background-size":"auto","background-attachment":"scroll","background-type":"","background-media":"","overlay-type":"","overlay-color":"","overlay-opacity":"","overlay-gradient":""},"mobile":{"background-color":"var(--ast-global-color-5)","background-image":"","background-repeat":"repeat","background-position":"center center","background-size":"auto","background-attachment":"scroll","background-type":"","background-media":"","overlay-type":"","overlay-color":"","overlay-opacity":"","overlay-gradient":""}},"footnotes":""},"class_list":["post-13","page","type-page","status-publish","hentry"],"_links":{"self":[{"href":"https:\/\/vetmik2026.org\/en\/wp-json\/wp\/v2\/pages\/13","targetHints":{"allow":["GET"]}}],"collection":[{"href":"https:\/\/vetmik2026.org\/en\/wp-json\/wp\/v2\/pages"}],"about":[{"href":"https:\/\/vetmik2026.org\/en\/wp-json\/wp\/v2\/types\/page"}],"author":[{"embeddable":true,"href":"https:\/\/vetmik2026.org\/en\/wp-json\/wp\/v2\/users\/1"}],"replies":[{"embeddable":true,"href":"https:\/\/vetmik2026.org\/en\/wp-json\/wp\/v2\/comments?post=13"}],"version-history":[{"count":37,"href":"https:\/\/vetmik2026.org\/en\/wp-json\/wp\/v2\/pages\/13\/revisions"}],"predecessor-version":[{"id":1645,"href":"https:\/\/vetmik2026.org\/en\/wp-json\/wp\/v2\/pages\/13\/revisions\/1645"}],"wp:attachment":[{"href":"https:\/\/vetmik2026.org\/en\/wp-json\/wp\/v2\/media?parent=13"}],"curies":[{"name":"wp","href":"https:\/\/api.w.org\/{rel}","templated":true}]}}