{"id":1504,"date":"2026-01-09T10:00:06","date_gmt":"2026-01-09T10:00:06","guid":{"rendered":"https:\/\/vetmik2026.org\/?page_id=1504"},"modified":"2026-01-09T10:59:56","modified_gmt":"2026-01-09T10:59:56","slug":"ogrenci-kongre-katilim-bursu","status":"publish","type":"page","link":"https:\/\/vetmik2026.org\/en\/ogrenci-kongre-katilim-bursu\/","title":{"rendered":"\u00d6\u011frenci Kongre Kat\u0131l\u0131m Bursu"},"content":{"rendered":"<div data-elementor-type=\"wp-page\" data-elementor-id=\"1504\" class=\"elementor elementor-1504\">\n\t\t\t\t<div class=\"elementor-element elementor-element-381cb9d e-flex e-con-boxed e-con e-parent\" data-id=\"381cb9d\" data-element_type=\"container\" data-e-type=\"container\">\n\t\t\t\t\t<div class=\"e-con-inner\">\n\t\t\t\t<div class=\"elementor-element elementor-element-7514578 elementor-widget elementor-widget-heading\" data-id=\"7514578\" data-element_type=\"widget\" data-e-type=\"widget\" data-widget_type=\"heading.default\">\n\t\t\t\t<div class=\"elementor-widget-container\">\n\t\t\t\t\t<h2 class=\"elementor-heading-title elementor-size-default\">\u00d6\u011frenci Kongre Kat\u0131l\u0131m Bursu<\/h2>\t\t\t\t<\/div>\n\t\t\t\t<\/div>\n\t\t\t\t\t<\/div>\n\t\t\t\t<\/div>\n\t\t<div class=\"elementor-element elementor-element-b456add e-flex e-con-boxed e-con e-parent\" data-id=\"b456add\" data-element_type=\"container\" data-e-type=\"container\">\n\t\t\t\t\t<div class=\"e-con-inner\">\n\t\t\t\t<div class=\"elementor-element elementor-element-5d9c109 elementor-widget elementor-widget-text-editor\" data-id=\"5d9c109\" data-element_type=\"widget\" data-e-type=\"widget\" data-widget_type=\"text-editor.default\">\n\t\t\t\t<div class=\"elementor-widget-container\">\n\t\t\t\t\t\t\t\t\t<p>Kongremiz i\u00e7in, 5 \u00f6\u011frenciye kongre kat\u0131l\u0131m bursu verilecektir.&nbsp;&nbsp;<\/p><p>Kongre kat\u0131l\u0131m bursu, 6-8 Ekim tarihleri aras\u0131nda t\u00fcm toplant\u0131lara kat\u0131l\u0131m hakk\u0131n\u0131 i\u00e7ermektedir.<\/p>\n<p>\u00d6\u011frenciler i\u00e7in kongre kat\u0131l\u0131m bursu, kongre d\u00fczenleme kurulu taraf\u0131ndan yap\u0131lacak \u00e7ekili\u015fe istinaden 5 \u00f6\u011frenci i\u00e7in olacakt\u0131r.<\/p>\n<p>Burs ba\u015fvurular\u0131 a\u015fa\u011f\u0131daki linkteki formun doldurulmas\u0131 ile yap\u0131lacakt\u0131r. Son ba\u015fvuru tarihi <strong>1 Haziran 2026<\/strong>&#8216;d\u0131r.<\/p>\n<p>\u00c7ekili\u015f sonunda kazanan ki\u015filerden, \u00f6\u011frenci belgesi ibraz etmeleri talep edilecektir.<\/p>\n<p>A\u015fa\u011f\u0131daki form haricinde ba\u015fka bir ba\u015fvuru kabul edilmeyecektir.<\/p>\t\t\t\t\t\t\t\t<\/div>\n\t\t\t\t<\/div>\n\t\t\t\t\t<\/div>\n\t\t\t\t<\/div>\n\t\t<div class=\"elementor-element elementor-element-5f15539 e-flex e-con-boxed e-con e-parent\" data-id=\"5f15539\" data-element_type=\"container\" data-e-type=\"container\">\n\t\t\t\t\t<div class=\"e-con-inner\">\n\t\t\t\t<div class=\"elementor-element elementor-element-8a66986 elementor-align-center elementor-widget elementor-widget-button\" data-id=\"8a66986\" data-element_type=\"widget\" data-e-type=\"widget\" data-widget_type=\"button.default\">\n\t\t\t\t<div class=\"elementor-widget-container\">\n\t\t\t\t\t\t\t\t\t<div class=\"elementor-button-wrapper\">\n\t\t\t\t\t<a class=\"elementor-button elementor-button-link elementor-size-sm\" href=\"https:\/\/form.jotform.com\/253492831144962\" target=\"_blank\">\n\t\t\t\t\t\t<span class=\"elementor-button-content-wrapper\">\n\t\t\t\t\t\t\t\t\t<span class=\"elementor-button-text\">\u00d6\u011frenci Kongre Kat\u0131l\u0131m Bursu<\/span>\n\t\t\t\t\t<\/span>\n\t\t\t\t\t<\/a>\n\t\t\t\t<\/div>\n\t\t\t\t\t\t\t\t<\/div>\n\t\t\t\t<\/div>\n\t\t\t\t\t<\/div>\n\t\t\t\t<\/div>\n\t\t\t\t<\/div>","protected":false},"excerpt":{"rendered":"<p>\u00d6\u011frenci Kongre Kat\u0131l\u0131m Bursu Kongremiz i\u00e7in, 5 \u00f6\u011frenciye kongre kat\u0131l\u0131m bursu verilecektir.&nbsp;&nbsp; Kongre kat\u0131l\u0131m bursu, 6-8 Ekim tarihleri aras\u0131nda t\u00fcm [&hellip;]<\/p>\n","protected":false},"author":1,"featured_media":0,"parent":0,"menu_order":0,"comment_status":"closed","ping_status":"closed","template":"","meta":{"site-sidebar-layout":"no-sidebar","site-content-layout":"","ast-site-content-layout":"full-width-container","site-content-style":"default","site-sidebar-style":"default","ast-global-header-display":"","ast-banner-title-visibility":"","ast-main-header-display":"","ast-hfb-above-header-display":"","ast-hfb-below-header-display":"","ast-hfb-mobile-header-display":"","site-post-title":"","ast-breadcrumbs-content":"","ast-featured-img":"disabled","footer-sml-layout":"","theme-transparent-header-meta":"default","adv-header-id-meta":"","stick-header-meta":"","header-above-stick-meta":"","header-main-stick-meta":"","header-below-stick-meta":"","astra-migrate-meta-layouts":"set","ast-page-background-enabled":"default","ast-page-background-meta":{"desktop":{"background-color":"var(--ast-global-color-4)","background-image":"","background-repeat":"repeat","background-position":"center center","background-size":"auto","background-attachment":"scroll","background-type":"","background-media":"","overlay-type":"","overlay-color":"","overlay-opacity":"","overlay-gradient":""},"tablet":{"background-color":"","background-image":"","background-repeat":"repeat","background-position":"center center","background-size":"auto","background-attachment":"scroll","background-type":"","background-media":"","overlay-type":"","overlay-color":"","overlay-opacity":"","overlay-gradient":""},"mobile":{"background-color":"","background-image":"","background-repeat":"repeat","background-position":"center center","background-size":"auto","background-attachment":"scroll","background-type":"","background-media":"","overlay-type":"","overlay-color":"","overlay-opacity":"","overlay-gradient":""}},"ast-content-background-meta":{"desktop":{"background-color":"var(--ast-global-color-5)","background-image":"","background-repeat":"repeat","background-position":"center center","background-size":"auto","background-attachment":"scroll","background-type":"","background-media":"","overlay-type":"","overlay-color":"","overlay-opacity":"","overlay-gradient":""},"tablet":{"background-color":"var(--ast-global-color-5)","background-image":"","background-repeat":"repeat","background-position":"center center","background-size":"auto","background-attachment":"scroll","background-type":"","background-media":"","overlay-type":"","overlay-color":"","overlay-opacity":"","overlay-gradient":""},"mobile":{"background-color":"var(--ast-global-color-5)","background-image":"","background-repeat":"repeat","background-position":"center center","background-size":"auto","background-attachment":"scroll","background-type":"","background-media":"","overlay-type":"","overlay-color":"","overlay-opacity":"","overlay-gradient":""}},"footnotes":""},"class_list":["post-1504","page","type-page","status-publish","hentry"],"_links":{"self":[{"href":"https:\/\/vetmik2026.org\/en\/wp-json\/wp\/v2\/pages\/1504","targetHints":{"allow":["GET"]}}],"collection":[{"href":"https:\/\/vetmik2026.org\/en\/wp-json\/wp\/v2\/pages"}],"about":[{"href":"https:\/\/vetmik2026.org\/en\/wp-json\/wp\/v2\/types\/page"}],"author":[{"embeddable":true,"href":"https:\/\/vetmik2026.org\/en\/wp-json\/wp\/v2\/users\/1"}],"replies":[{"embeddable":true,"href":"https:\/\/vetmik2026.org\/en\/wp-json\/wp\/v2\/comments?post=1504"}],"version-history":[{"count":10,"href":"https:\/\/vetmik2026.org\/en\/wp-json\/wp\/v2\/pages\/1504\/revisions"}],"predecessor-version":[{"id":1520,"href":"https:\/\/vetmik2026.org\/en\/wp-json\/wp\/v2\/pages\/1504\/revisions\/1520"}],"wp:attachment":[{"href":"https:\/\/vetmik2026.org\/en\/wp-json\/wp\/v2\/media?parent=1504"}],"curies":[{"name":"wp","href":"https:\/\/api.w.org\/{rel}","templated":true}]}}