{"id":1578,"date":"2026-03-04T09:46:46","date_gmt":"2026-03-04T09:46:46","guid":{"rendered":"https:\/\/vetmik2026.org\/?page_id=1578"},"modified":"2026-03-27T14:54:45","modified_gmt":"2026-03-27T14:54:45","slug":"destek-veren-kurumlar","status":"publish","type":"page","link":"https:\/\/vetmik2026.org\/en\/destek-veren-kurumlar\/","title":{"rendered":"Destek Veren Kurumlar"},"content":{"rendered":"<div data-elementor-type=\"wp-page\" data-elementor-id=\"1578\" class=\"elementor elementor-1578\">\n\t\t\t\t<div class=\"elementor-element elementor-element-a2b3dcd e-flex e-con-boxed e-con e-parent\" data-id=\"a2b3dcd\" data-element_type=\"container\" data-e-type=\"container\">\n\t\t\t\t\t<div class=\"e-con-inner\">\n\t\t\t\t<div class=\"elementor-element elementor-element-8b87d53 elementor-widget elementor-widget-heading\" data-id=\"8b87d53\" data-element_type=\"widget\" data-e-type=\"widget\" data-widget_type=\"heading.default\">\n\t\t\t\t<div class=\"elementor-widget-container\">\n\t\t\t\t\t<h2 class=\"elementor-heading-title elementor-size-default\">Destek Veren Kurumlar<\/h2>\t\t\t\t<\/div>\n\t\t\t\t<\/div>\n\t\t\t\t\t<\/div>\n\t\t\t\t<\/div>\n\t\t<div class=\"elementor-element elementor-element-6909e7e e-flex e-con-boxed e-con e-parent\" data-id=\"6909e7e\" data-element_type=\"container\" data-e-type=\"container\">\n\t\t\t\t\t<div class=\"e-con-inner\">\n\t\t\t\t\t<\/div>\n\t\t\t\t<\/div>\n\t\t<div class=\"elementor-element elementor-element-325ca7b e-flex e-con-boxed e-con e-parent\" data-id=\"325ca7b\" data-element_type=\"container\" data-e-type=\"container\">\n\t\t\t\t\t<div class=\"e-con-inner\">\n\t\t\t\t<div class=\"elementor-element elementor-element-10a1367 elementor-widget elementor-widget-heading\" data-id=\"10a1367\" data-element_type=\"widget\" data-e-type=\"widget\" data-widget_type=\"heading.default\">\n\t\t\t\t<div class=\"elementor-widget-container\">\n\t\t\t\t\t<h2 class=\"elementor-heading-title elementor-size-default\">Kongremize destek veren kurumlara, katk\u0131lar\u0131ndan dolay\u0131 te\u015fekk\u00fcr ederiz.<\/h2>\t\t\t\t<\/div>\n\t\t\t\t<\/div>\n\t\t\t\t\t<\/div>\n\t\t\t\t<\/div>\n\t\t<div class=\"elementor-element elementor-element-dd083c7 e-flex e-con-boxed e-con e-parent\" data-id=\"dd083c7\" data-element_type=\"container\" data-e-type=\"container\">\n\t\t\t\t\t<div class=\"e-con-inner\">\n\t\t\t\t<div class=\"elementor-element elementor-element-73209fe elementor-widget elementor-widget-image\" data-id=\"73209fe\" data-element_type=\"widget\" data-e-type=\"widget\" data-widget_type=\"image.default\">\n\t\t\t\t<div class=\"elementor-widget-container\">\n\t\t\t\t\t\t\t\t\t\t\t\t\t\t\t<img decoding=\"async\" src=\"https:\/\/vetmik2026.org\/wp-content\/uploads\/elementor\/thumbs\/2026-03-27-16_53_49-content.kku_.edu_.tr_Content_anasayfa_images_logo.svg-Opera-rl4lz2v9x7ermammk6qharry1teonx9p2a485hfnhm.jpg\" title=\"2026-03-27 16_53_49-content.kku.edu.tr_Content_anasayfa_images_logo.svg &#8211; Opera\" alt=\"2026-03-27 16_53_49-content.kku.edu.tr_Content_anasayfa_images_logo.svg - Opera\" loading=\"lazy\" \/>\t\t\t\t\t\t\t\t\t\t\t\t\t\t\t<\/div>\n\t\t\t\t<\/div>\n\t\t\t\t\t<\/div>\n\t\t\t\t<\/div>\n\t\t<div class=\"elementor-element elementor-element-0da692d e-flex e-con-boxed e-con e-parent\" data-id=\"0da692d\" data-element_type=\"container\" data-e-type=\"container\">\n\t\t\t\t\t<div class=\"e-con-inner\">\n\t\t\t\t<div class=\"elementor-element elementor-element-5397aa0 elementor-widget elementor-widget-heading\" data-id=\"5397aa0\" data-element_type=\"widget\" data-e-type=\"widget\" data-widget_type=\"heading.default\">\n\t\t\t\t<div class=\"elementor-widget-container\">\n\t\t\t\t\t<h2 class=\"elementor-heading-title elementor-size-default\">K\u0131r\u0131kkale \u00dcniversitesi<\/h2>\t\t\t\t<\/div>\n\t\t\t\t<\/div>\n\t\t\t\t\t<\/div>\n\t\t\t\t<\/div>\n\t\t<div class=\"elementor-element elementor-element-f378c29 e-flex e-con-boxed e-con e-parent\" data-id=\"f378c29\" data-element_type=\"container\" data-e-type=\"container\">\n\t\t\t\t\t<div class=\"e-con-inner\">\n\t\t\t\t<div class=\"elementor-element elementor-element-438e102 elementor-widget elementor-widget-image\" data-id=\"438e102\" data-element_type=\"widget\" data-e-type=\"widget\" data-widget_type=\"image.default\">\n\t\t\t\t<div class=\"elementor-widget-container\">\n\t\t\t\t\t\t\t\t\t\t\t\t\t\t\t<img fetchpriority=\"high\" decoding=\"async\" width=\"667\" height=\"1024\" src=\"https:\/\/vetmik2026.org\/wp-content\/uploads\/2026\/03\/TVHB-667x1024.png\" class=\"attachment-large size-large wp-image-1658\" alt=\"\" srcset=\"https:\/\/vetmik2026.org\/wp-content\/uploads\/2026\/03\/TVHB-667x1024.png 667w, https:\/\/vetmik2026.org\/wp-content\/uploads\/2026\/03\/TVHB-195x300.png 195w, https:\/\/vetmik2026.org\/wp-content\/uploads\/2026\/03\/TVHB-768x1179.png 768w, https:\/\/vetmik2026.org\/wp-content\/uploads\/2026\/03\/TVHB-8x12.png 8w, https:\/\/vetmik2026.org\/wp-content\/uploads\/2026\/03\/TVHB-200x307.png 200w, https:\/\/vetmik2026.org\/wp-content\/uploads\/2026\/03\/TVHB.png 916w\" sizes=\"(max-width: 667px) 100vw, 667px\" \/>\t\t\t\t\t\t\t\t\t\t\t\t\t\t\t<\/div>\n\t\t\t\t<\/div>\n\t\t\t\t\t<\/div>\n\t\t\t\t<\/div>\n\t\t<div class=\"elementor-element elementor-element-93f81f9 e-flex e-con-boxed e-con e-parent\" data-id=\"93f81f9\" data-element_type=\"container\" data-e-type=\"container\">\n\t\t\t\t\t<div class=\"e-con-inner\">\n\t\t\t\t<div class=\"elementor-element elementor-element-6f7f847 elementor-widget elementor-widget-heading\" data-id=\"6f7f847\" data-element_type=\"widget\" data-e-type=\"widget\" data-widget_type=\"heading.default\">\n\t\t\t\t<div class=\"elementor-widget-container\">\n\t\t\t\t\t<h2 class=\"elementor-heading-title elementor-size-default\">T\u00fcrk Veteriner Hekimleri Birli\u011fi<\/h2>\t\t\t\t<\/div>\n\t\t\t\t<\/div>\n\t\t\t\t\t<\/div>\n\t\t\t\t<\/div>\n\t\t<div class=\"elementor-element elementor-element-183f865 e-flex e-con-boxed e-con e-parent\" data-id=\"183f865\" data-element_type=\"container\" data-e-type=\"container\">\n\t\t\t\t\t<div class=\"e-con-inner\">\n\t\t\t\t<div class=\"elementor-element elementor-element-d4d1c22 elementor-widget elementor-widget-image\" data-id=\"d4d1c22\" data-element_type=\"widget\" data-e-type=\"widget\" data-widget_type=\"image.default\">\n\t\t\t\t<div class=\"elementor-widget-container\">\n\t\t\t\t\t\t\t\t\t\t\t\t\t\t\t<img decoding=\"async\" width=\"688\" height=\"982\" src=\"https:\/\/vetmik2026.org\/wp-content\/uploads\/2026\/03\/VFTD_Logo.png\" class=\"attachment-large size-large wp-image-1595\" alt=\"\" srcset=\"https:\/\/vetmik2026.org\/wp-content\/uploads\/2026\/03\/VFTD_Logo.png 688w, https:\/\/vetmik2026.org\/wp-content\/uploads\/2026\/03\/VFTD_Logo-210x300.png 210w, https:\/\/vetmik2026.org\/wp-content\/uploads\/2026\/03\/VFTD_Logo-8x12.png 8w, https:\/\/vetmik2026.org\/wp-content\/uploads\/2026\/03\/VFTD_Logo-200x285.png 200w\" sizes=\"(max-width: 688px) 100vw, 688px\" \/>\t\t\t\t\t\t\t\t\t\t\t\t\t\t\t<\/div>\n\t\t\t\t<\/div>\n\t\t\t\t\t<\/div>\n\t\t\t\t<\/div>\n\t\t<div class=\"elementor-element elementor-element-808a3cd e-flex e-con-boxed e-con e-parent\" data-id=\"808a3cd\" data-element_type=\"container\" data-e-type=\"container\">\n\t\t\t\t\t<div class=\"e-con-inner\">\n\t\t\t\t<div class=\"elementor-element elementor-element-ceffcad elementor-widget elementor-widget-heading\" data-id=\"ceffcad\" data-element_type=\"widget\" data-e-type=\"widget\" data-widget_type=\"heading.default\">\n\t\t\t\t<div class=\"elementor-widget-container\">\n\t\t\t\t\t<h2 class=\"elementor-heading-title elementor-size-default\">Veteriner Farmakoloji ve Toksikoloji Derne\u011fi<\/h2>\t\t\t\t<\/div>\n\t\t\t\t<\/div>\n\t\t\t\t\t<\/div>\n\t\t\t\t<\/div>\n\t\t<div class=\"elementor-element elementor-element-33a42fb e-flex e-con-boxed e-con e-parent\" data-id=\"33a42fb\" data-element_type=\"container\" data-e-type=\"container\">\n\t\t\t\t\t<div class=\"e-con-inner\">\n\t\t\t\t<div class=\"elementor-element elementor-element-e69f3d0 elementor-widget elementor-widget-image\" data-id=\"e69f3d0\" data-element_type=\"widget\" data-e-type=\"widget\" data-widget_type=\"image.default\">\n\t\t\t\t<div class=\"elementor-widget-container\">\n\t\t\t\t\t\t\t\t\t\t\t\t\t\t\t<img decoding=\"async\" width=\"684\" height=\"1024\" src=\"https:\/\/vetmik2026.org\/wp-content\/uploads\/2026\/03\/VGHD-LOGO-e1762889500769-684x1024-1.png\" class=\"attachment-large size-large wp-image-1592\" alt=\"\" srcset=\"https:\/\/vetmik2026.org\/wp-content\/uploads\/2026\/03\/VGHD-LOGO-e1762889500769-684x1024-1.png 684w, https:\/\/vetmik2026.org\/wp-content\/uploads\/2026\/03\/VGHD-LOGO-e1762889500769-684x1024-1-200x299.png 200w, https:\/\/vetmik2026.org\/wp-content\/uploads\/2026\/03\/VGHD-LOGO-e1762889500769-684x1024-1-8x12.png 8w\" sizes=\"(max-width: 684px) 100vw, 684px\" \/>\t\t\t\t\t\t\t\t\t\t\t\t\t\t\t<\/div>\n\t\t\t\t<\/div>\n\t\t\t\t\t<\/div>\n\t\t\t\t<\/div>\n\t\t<div class=\"elementor-element elementor-element-9372c22 e-flex e-con-boxed e-con e-parent\" data-id=\"9372c22\" data-element_type=\"container\" data-e-type=\"container\">\n\t\t\t\t\t<div class=\"e-con-inner\">\n\t\t\t\t<div class=\"elementor-element elementor-element-a84b354 elementor-widget elementor-widget-heading\" data-id=\"a84b354\" data-element_type=\"widget\" data-e-type=\"widget\" data-widget_type=\"heading.default\">\n\t\t\t\t<div class=\"elementor-widget-container\">\n\t\t\t\t\t<h2 class=\"elementor-heading-title elementor-size-default\">Veteriner G\u0131da Hijyenistleri Derne\u011fi<\/h2>\t\t\t\t<\/div>\n\t\t\t\t<\/div>\n\t\t\t\t\t<\/div>\n\t\t\t\t<\/div>\n\t\t<div class=\"elementor-element elementor-element-6f73983 e-flex e-con-boxed e-con e-parent\" data-id=\"6f73983\" data-element_type=\"container\" data-e-type=\"container\">\n\t\t\t\t\t<div class=\"e-con-inner\">\n\t\t\t\t<div class=\"elementor-element elementor-element-8dfc9be elementor-widget elementor-widget-image\" data-id=\"8dfc9be\" data-element_type=\"widget\" data-e-type=\"widget\" data-widget_type=\"image.default\">\n\t\t\t\t<div class=\"elementor-widget-container\">\n\t\t\t\t\t\t\t\t\t\t\t\t\t\t\t<img loading=\"lazy\" decoding=\"async\" width=\"149\" height=\"220\" src=\"https:\/\/vetmik2026.org\/wp-content\/uploads\/2026\/03\/Vet.Hek_.Dernegi.png\" class=\"attachment-large size-large wp-image-1593\" alt=\"\" srcset=\"https:\/\/vetmik2026.org\/wp-content\/uploads\/2026\/03\/Vet.Hek_.Dernegi.png 149w, https:\/\/vetmik2026.org\/wp-content\/uploads\/2026\/03\/Vet.Hek_.Dernegi-8x12.png 8w\" sizes=\"(max-width: 149px) 100vw, 149px\" \/>\t\t\t\t\t\t\t\t\t\t\t\t\t\t\t<\/div>\n\t\t\t\t<\/div>\n\t\t\t\t\t<\/div>\n\t\t\t\t<\/div>\n\t\t<div class=\"elementor-element elementor-element-5613428 e-flex e-con-boxed e-con e-parent\" data-id=\"5613428\" data-element_type=\"container\" data-e-type=\"container\">\n\t\t\t\t\t<div class=\"e-con-inner\">\n\t\t\t\t<div class=\"elementor-element elementor-element-cc359cd elementor-widget elementor-widget-heading\" data-id=\"cc359cd\" data-element_type=\"widget\" data-e-type=\"widget\" data-widget_type=\"heading.default\">\n\t\t\t\t<div class=\"elementor-widget-container\">\n\t\t\t\t\t<h2 class=\"elementor-heading-title elementor-size-default\">Veteriner Hekimler Derne\u011fi<\/h2>\t\t\t\t<\/div>\n\t\t\t\t<\/div>\n\t\t\t\t\t<\/div>\n\t\t\t\t<\/div>\n\t\t<div class=\"elementor-element elementor-element-3eece83 e-flex e-con-boxed e-con e-parent\" data-id=\"3eece83\" data-element_type=\"container\" data-e-type=\"container\">\n\t\t\t\t\t<div class=\"e-con-inner\">\n\t\t\t\t<div class=\"elementor-element elementor-element-3f732d6 elementor-widget elementor-widget-text-editor\" data-id=\"3f732d6\" data-element_type=\"widget\" data-e-type=\"widget\" data-widget_type=\"text-editor.default\">\n\t\t\t\t<div class=\"elementor-widget-container\">\n\t\t\t\t\t\t\t\t\t<h4>\u00a0<\/h4><h4><strong>DERNEK \u0130S\u0130MLER\u0130 ALFABET\u0130K OLARAK SIRALANMI\u015eTIR.<\/strong><\/h4>\t\t\t\t\t\t\t\t<\/div>\n\t\t\t\t<\/div>\n\t\t\t\t\t<\/div>\n\t\t\t\t<\/div>\n\t\t\t\t<\/div>","protected":false},"excerpt":{"rendered":"<p>Destek Veren Kurumlar Kongremize destek veren kurumlara, katk\u0131lar\u0131ndan dolay\u0131 te\u015fekk\u00fcr ederiz. K\u0131r\u0131kkale \u00dcniversitesi T\u00fcrk Veteriner Hekimleri Birli\u011fi Veteriner Farmakoloji ve [&hellip;]<\/p>\n","protected":false},"author":1,"featured_media":0,"parent":0,"menu_order":0,"comment_status":"closed","ping_status":"closed","template":"","meta":{"site-sidebar-layout":"no-sidebar","site-content-layout":"","ast-site-content-layout":"full-width-container","site-content-style":"default","site-sidebar-style":"default","ast-global-header-display":"","ast-banner-title-visibility":"","ast-main-header-display":"","ast-hfb-above-header-display":"","ast-hfb-below-header-display":"","ast-hfb-mobile-header-display":"","site-post-title":"","ast-breadcrumbs-content":"","ast-featured-img":"disabled","footer-sml-layout":"","theme-transparent-header-meta":"default","adv-header-id-meta":"","stick-header-meta":"","header-above-stick-meta":"","header-main-stick-meta":"","header-below-stick-meta":"","astra-migrate-meta-layouts":"set","ast-page-background-enabled":"default","ast-page-background-meta":{"desktop":{"background-color":"var(--ast-global-color-4)","background-image":"","background-repeat":"repeat","background-position":"center center","background-size":"auto","background-attachment":"scroll","background-type":"","background-media":"","overlay-type":"","overlay-color":"","overlay-opacity":"","overlay-gradient":""},"tablet":{"background-color":"","background-image":"","background-repeat":"repeat","background-position":"center center","background-size":"auto","background-attachment":"scroll","background-type":"","background-media":"","overlay-type":"","overlay-color":"","overlay-opacity":"","overlay-gradient":""},"mobile":{"background-color":"","background-image":"","background-repeat":"repeat","background-position":"center center","background-size":"auto","background-attachment":"scroll","background-type":"","background-media":"","overlay-type":"","overlay-color":"","overlay-opacity":"","overlay-gradient":""}},"ast-content-background-meta":{"desktop":{"background-color":"var(--ast-global-color-5)","background-image":"","background-repeat":"repeat","background-position":"center center","background-size":"auto","background-attachment":"scroll","background-type":"","background-media":"","overlay-type":"","overlay-color":"","overlay-opacity":"","overlay-gradient":""},"tablet":{"background-color":"var(--ast-global-color-5)","background-image":"","background-repeat":"repeat","background-position":"center center","background-size":"auto","background-attachment":"scroll","background-type":"","background-media":"","overlay-type":"","overlay-color":"","overlay-opacity":"","overlay-gradient":""},"mobile":{"background-color":"var(--ast-global-color-5)","background-image":"","background-repeat":"repeat","background-position":"center center","background-size":"auto","background-attachment":"scroll","background-type":"","background-media":"","overlay-type":"","overlay-color":"","overlay-opacity":"","overlay-gradient":""}},"footnotes":""},"class_list":["post-1578","page","type-page","status-publish","hentry"],"_links":{"self":[{"href":"https:\/\/vetmik2026.org\/en\/wp-json\/wp\/v2\/pages\/1578","targetHints":{"allow":["GET"]}}],"collection":[{"href":"https:\/\/vetmik2026.org\/en\/wp-json\/wp\/v2\/pages"}],"about":[{"href":"https:\/\/vetmik2026.org\/en\/wp-json\/wp\/v2\/types\/page"}],"author":[{"embeddable":true,"href":"https:\/\/vetmik2026.org\/en\/wp-json\/wp\/v2\/users\/1"}],"replies":[{"embeddable":true,"href":"https:\/\/vetmik2026.org\/en\/wp-json\/wp\/v2\/comments?post=1578"}],"version-history":[{"count":38,"href":"https:\/\/vetmik2026.org\/en\/wp-json\/wp\/v2\/pages\/1578\/revisions"}],"predecessor-version":[{"id":1729,"href":"https:\/\/vetmik2026.org\/en\/wp-json\/wp\/v2\/pages\/1578\/revisions\/1729"}],"wp:attachment":[{"href":"https:\/\/vetmik2026.org\/en\/wp-json\/wp\/v2\/media?parent=1578"}],"curies":[{"name":"wp","href":"https:\/\/api.w.org\/{rel}","templated":true}]}}