{"id":1749,"date":"2026-04-09T09:37:03","date_gmt":"2026-04-09T09:37:03","guid":{"rendered":"https:\/\/vetmik2026.org\/?page_id=1749"},"modified":"2026-04-09T09:41:16","modified_gmt":"2026-04-09T09:41:16","slug":"bilimsel-katkilar-hakkinda-bilgilendirme","status":"publish","type":"page","link":"https:\/\/vetmik2026.org\/en\/bilimsel-katkilar-hakkinda-bilgilendirme\/","title":{"rendered":"Bilimsel Katk\u0131lar Hakk\u0131nda Bilgilendirme"},"content":{"rendered":"<div data-elementor-type=\"wp-page\" data-elementor-id=\"1749\" class=\"elementor elementor-1749\">\n\t\t\t\t<div class=\"elementor-element elementor-element-0830b88 e-flex e-con-boxed e-con e-parent\" data-id=\"0830b88\" data-element_type=\"container\" data-e-type=\"container\">\n\t\t\t\t\t<div class=\"e-con-inner\">\n\t\t\t\t<div class=\"elementor-element elementor-element-ddd0c9b elementor-widget elementor-widget-heading\" data-id=\"ddd0c9b\" data-element_type=\"widget\" data-e-type=\"widget\" data-widget_type=\"heading.default\">\n\t\t\t\t<div class=\"elementor-widget-container\">\n\t\t\t\t\t<h2 class=\"elementor-heading-title elementor-size-default\">Bilimsel Katk\u0131lar Hakk\u0131nda Bilgilendirme<\/h2>\t\t\t\t<\/div>\n\t\t\t\t<\/div>\n\t\t\t\t\t<\/div>\n\t\t\t\t<\/div>\n\t\t<div class=\"elementor-element elementor-element-c0f7a4f e-flex e-con-boxed e-con e-parent\" data-id=\"c0f7a4f\" data-element_type=\"container\" data-e-type=\"container\">\n\t\t\t\t\t<div class=\"e-con-inner\">\n\t\t\t\t<div class=\"elementor-element elementor-element-4bcf65f elementor-widget elementor-widget-text-editor\" data-id=\"4bcf65f\" data-element_type=\"widget\" data-e-type=\"widget\" data-widget_type=\"text-editor.default\">\n\t\t\t\t<div class=\"elementor-widget-container\">\n\t\t\t\t\t\t\t\t\t<p><strong>VETER\u0130NER HEK\u0130MLER\u0130 M\u0130KROB\u0130YOLOJ\u0130 DERNE\u011e\u0130 Y\u00d6NET\u0130M KURULU<\/strong><\/p><p>\u201cVETM\u0130K2026\u201d Bilimsel Katk\u0131lar\u0131n Yay\u0131nlanmas\u0131 Hakk\u0131nda Bilgilendirme<\/p><p>Say\u0131n Kat\u0131l\u0131mc\u0131m\u0131z, \u201cVeteriner Hekimleri Mikrobiyoloji Derne\u011fi\u201d taraf\u0131ndan d\u00fczenlenen \u201cVETM\u0130K2026\u201d kapsam\u0131nda sunulacak olan davetli konu\u015fma metinleri s\u00f6zl\u00fc ve poster bildirileri, Cemiyetimizin bilimsel yay\u0131n organ\u0131 olan Harran \u00dcniversitesi Veteriner Fak\u00fcltesi Dergisi&#8217;nde 2026 y\u0131l\u0131 i\u00e7erisinde \u00f6zel bir ek say\u0131 (Supplement) olarak yay\u0131mlanacakt\u0131r.<\/p><p>Bu kapsamda, etkinlikte sunulacak t\u00fcm bilimsel katk\u0131lar\u0131n;<\/p><ul><li>Harran \u00dcniversitesi Veteriner Fak\u00fcltesi Dergisi\u2019nin yaz\u0131m kurallar\u0131na (Bidirinin orijinal ara\u015ft\u0131rma ya da derleme olmas\u0131 dikkate al\u0131narak ilgili yaz\u0131m kurallar\u0131na g\u00f6re d\u00fczenlenmesi),<\/li><li>Bilimsel yay\u0131n eti\u011fi ilkelerine g\u00f6re haz\u0131rlanmas\u0131 ve teslim edilmesi gerekmektedir.<\/li><\/ul><p>G\u00f6nderilecek metinler, dergi yay\u0131n kurallar\u0131na uygunluk a\u00e7\u0131s\u0131ndan edit\u00f6r ve hakem de\u011ferlendirmesine tabi tutulacak olup, bilimsel i\u00e7eri\u011fi ve bi\u00e7imsel uygunlu\u011fu onaylanan bildiriler s\u00f6z konusu ek say\u0131da yay\u0131mlanacakt\u0131r.<\/p><p>Kat\u0131l\u0131mc\u0131lar\u0131n, sunum ve bildirilerini dergi format\u0131na uygun bi\u00e7imde haz\u0131rlayarak Kas\u0131m 2026 tarihine kadar teslim etmeleri rica olunur.<\/p><p>Harran \u00dcniversitesi Veteriner Fak\u00fcltesi Dergisi Yaz\u0131m Kurallar\u0131 ve g\u00f6nderim s\u00fcreciyle ilgili ayr\u0131nt\u0131l\u0131 bilgilere https:\/\/dergipark.org.tr\/tr\/pub\/login linkinden ula\u015fabilirsiniz.<\/p><p>Bilimsel katk\u0131lar\u0131n\u0131z i\u00e7in te\u015fekk\u00fcr eder, \u201cVETM\u0130K2026\u201dda sizleri aram\u0131zda g\u00f6rmekten onur duyar\u0131z. Sayg\u0131lar\u0131m\u0131zla&#8230;<\/p><p>\u00a0<\/p><p><strong>VETER\u0130NER HEK\u0130MLER\u0130 M\u0130KROB\u0130YOLOJ\u0130 DERNE\u011e\u0130 Y\u00d6NET\u0130M KURULU<\/strong><\/p>\t\t\t\t\t\t\t\t<\/div>\n\t\t\t\t<\/div>\n\t\t\t\t\t<\/div>\n\t\t\t\t<\/div>\n\t\t\t\t<\/div>","protected":false},"excerpt":{"rendered":"<p>VETER\u0130NER HEK\u0130MLER\u0130 M\u0130KROB\u0130YOLOJ\u0130 DERNE\u011e\u0130 Y\u00d6NET\u0130M KURULU \u201cVETM\u0130K2026\u201d Bilimsel Katk\u0131lar\u0131n Yay\u0131nlanmas\u0131 Hakk\u0131nda Bilgilendirme Say\u0131n Kat\u0131l\u0131mc\u0131m\u0131z, \u201cVeteriner Hekimleri Mikrobiyoloji Derne\u011fi\u201d taraf\u0131ndan d\u00fczenlenen [&hellip;]<\/p>\n","protected":false},"author":1,"featured_media":0,"parent":0,"menu_order":0,"comment_status":"closed","ping_status":"closed","template":"","meta":{"site-sidebar-layout":"no-sidebar","site-content-layout":"","ast-site-content-layout":"full-width-container","site-content-style":"default","site-sidebar-style":"default","ast-global-header-display":"","ast-banner-title-visibility":"","ast-main-header-display":"","ast-hfb-above-header-display":"","ast-hfb-below-header-display":"","ast-hfb-mobile-header-display":"","site-post-title":"","ast-breadcrumbs-content":"","ast-featured-img":"disabled","footer-sml-layout":"","theme-transparent-header-meta":"default","adv-header-id-meta":"","stick-header-meta":"","header-above-stick-meta":"","header-main-stick-meta":"","header-below-stick-meta":"","astra-migrate-meta-layouts":"set","ast-page-background-enabled":"default","ast-page-background-meta":{"desktop":{"background-color":"var(--ast-global-color-4)","background-image":"","background-repeat":"repeat","background-position":"center center","background-size":"auto","background-attachment":"scroll","background-type":"","background-media":"","overlay-type":"","overlay-color":"","overlay-opacity":"","overlay-gradient":""},"tablet":{"background-color":"","background-image":"","background-repeat":"repeat","background-position":"center center","background-size":"auto","background-attachment":"scroll","background-type":"","background-media":"","overlay-type":"","overlay-color":"","overlay-opacity":"","overlay-gradient":""},"mobile":{"background-color":"","background-image":"","background-repeat":"repeat","background-position":"center center","background-size":"auto","background-attachment":"scroll","background-type":"","background-media":"","overlay-type":"","overlay-color":"","overlay-opacity":"","overlay-gradient":""}},"ast-content-background-meta":{"desktop":{"background-color":"var(--ast-global-color-5)","background-image":"","background-repeat":"repeat","background-position":"center center","background-size":"auto","background-attachment":"scroll","background-type":"","background-media":"","overlay-type":"","overlay-color":"","overlay-opacity":"","overlay-gradient":""},"tablet":{"background-color":"var(--ast-global-color-5)","background-image":"","background-repeat":"repeat","background-position":"center center","background-size":"auto","background-attachment":"scroll","background-type":"","background-media":"","overlay-type":"","overlay-color":"","overlay-opacity":"","overlay-gradient":""},"mobile":{"background-color":"var(--ast-global-color-5)","background-image":"","background-repeat":"repeat","background-position":"center center","background-size":"auto","background-attachment":"scroll","background-type":"","background-media":"","overlay-type":"","overlay-color":"","overlay-opacity":"","overlay-gradient":""}},"footnotes":""},"class_list":["post-1749","page","type-page","status-publish","hentry"],"_links":{"self":[{"href":"https:\/\/vetmik2026.org\/en\/wp-json\/wp\/v2\/pages\/1749","targetHints":{"allow":["GET"]}}],"collection":[{"href":"https:\/\/vetmik2026.org\/en\/wp-json\/wp\/v2\/pages"}],"about":[{"href":"https:\/\/vetmik2026.org\/en\/wp-json\/wp\/v2\/types\/page"}],"author":[{"embeddable":true,"href":"https:\/\/vetmik2026.org\/en\/wp-json\/wp\/v2\/users\/1"}],"replies":[{"embeddable":true,"href":"https:\/\/vetmik2026.org\/en\/wp-json\/wp\/v2\/comments?post=1749"}],"version-history":[{"count":4,"href":"https:\/\/vetmik2026.org\/en\/wp-json\/wp\/v2\/pages\/1749\/revisions"}],"predecessor-version":[{"id":1755,"href":"https:\/\/vetmik2026.org\/en\/wp-json\/wp\/v2\/pages\/1749\/revisions\/1755"}],"wp:attachment":[{"href":"https:\/\/vetmik2026.org\/en\/wp-json\/wp\/v2\/media?parent=1749"}],"curies":[{"name":"wp","href":"https:\/\/api.w.org\/{rel}","templated":true}]}}